{"id":49141,"date":"2025-10-13T12:22:41","date_gmt":"2025-10-13T10:22:41","guid":{"rendered":"https:\/\/chi-statt-botox.com\/?post_type=product&#038;p=49141"},"modified":"2026-04-16T05:34:49","modified_gmt":"2026-04-16T03:34:49","slug":"body-gua-sha-sculptor","status":"publish","type":"product","link":"https:\/\/chi-statt-botox.com\/pl\/produkt\/body-gua-sha-sculptor\/","title":{"rendered":"Body Gua Sha Sculptor"},"content":{"rendered":"<p data-start=\"379\" data-end=\"794\">The <strong data-start=\"383\" data-end=\"411\">Bian-Stein Body Sculptor<\/strong> zosta\u0142 specjalnie opracowany, aby stymulowa\u0107 tkank\u0119 mi\u0119\u015bniowo-powi\u0119ziow\u0105 w ukierunkowany spos\u00f3b, a tym samym wspiera\u0107 naturaln\u0105 regeneracj\u0119. <strong>Konturowanie cia\u0142a<\/strong> wsparcie. Wykonane z wysokiej jako\u015bci, bogatych w minera\u0142y <strong data-start=\"597\" data-end=\"611\">Kamie\u0144 Bian<\/strong> - znane z wysokiej g\u0119sto\u015bci mineralnej i przewodno\u015bci cieplnej - narz\u0119dzie to aktywuje mikrokr\u0105\u017cenie, wspomaga przep\u0142yw limfy i wspiera regeneracj\u0119 tkanki \u0142\u0105cznej.<\/p>\n<p data-start=\"796\" data-end=\"885\">Regularne stosowanie w po\u0142\u0105czeniu z olejkiem do cia\u0142a pozwala Body Sculptor:<\/p>\n<ul data-start=\"886\" data-end=\"1059\">\n<li data-start=\"886\" data-end=\"935\">\n<p data-start=\"888\" data-end=\"935\">Widoczna poprawa elastyczno\u015bci sk\u00f3ry<\/p>\n<\/li>\n<li data-start=\"936\" data-end=\"991\">\n<p data-start=\"938\" data-end=\"991\">Uwolnienie zrost\u00f3w i napi\u0119\u0107 w tkance powi\u0119ziowej<\/p>\n<\/li>\n<li data-start=\"992\" data-end=\"1059\">\n<p data-start=\"994\" data-end=\"1059\">w <strong>Pojawienie si\u0119 cellulitu<\/strong> i zmniejszy\u0107 nier\u00f3wno\u015bci<\/p>\n<\/li>\n<\/ul>\n<p data-start=\"1061\" data-end=\"1155\">Rezultatem jest <strong>G\u0142adsza, j\u0119drniejsza sylwetka<\/strong> i zauwa\u017calnie lepsze samopoczucie.<\/p>\n<p data-start=\"1157\" data-end=\"1330\"><strong data-start=\"1157\" data-end=\"1171\">Zastosowanie:<br \/>\n<\/strong>Na\u0142\u00f3\u017c niewielk\u0105 ilo\u015b\u0107 olejku na such\u0105 lub lekko wilgotn\u0105 sk\u00f3r\u0119.<br data-start=\"351\" data-end=\"354\" \/>Prowadzi\u0107 narz\u0119dzie po ciele spokojnymi, p\u0142ynnymi ruchami i zwi\u0119ksza\u0107 nacisk, gdy tylko tkanka si\u0119 rozgrzeje.<br data-start=\"479\" data-end=\"482\" \/>Pracuj szczeg\u00f3lnie ostro\u017cnie nad obszarami, kt\u00f3re s\u0105 napi\u0119te lub zat\u0142oczone.<br data-start=\"564\" data-end=\"567\" \/>Przy regularnym stosowaniu sk\u00f3ra jest lepiej ukrwiona, przep\u0142yw limfy jest stymulowany, a tkanka jest zauwa\u017calnie g\u0142adsza i bardziej witalna.<\/p>\n<p data-start=\"1157\" data-end=\"1330\">(Wkr\u00f3tce pojawi si\u0119 film, na kt\u00f3rym Christina go u\u017cywa).<\/p>\n<p data-start=\"1157\" data-end=\"1330\"><strong>NIE<\/strong> Nie stosowa\u0107 w okresie ci\u0105\u017cy, nie masowa\u0107 \u017cylak\u00f3w, nie stosowa\u0107 w przypadku raka lub innych powa\u017cnych chor\u00f3b, nie stosowa\u0107 w przypadku sk\u0142onno\u015bci do krwawie\u0144 lub przyjmowania lek\u00f3w rozrzedzaj\u0105cych krew.<\/p>\n<p data-start=\"1157\" data-end=\"1330\">Chi statt Botox GmbH \/ Bauernstra\u00dfe 1 WDZ 9 \/ 4600 Wels \/ Austria \/ shop@chi-statt-botox.com<\/p>","protected":false},"excerpt":{"rendered":"<ul>\n<li>Celuje w cellulit i napi\u0119cie<\/li>\n<li>Wspomaga kr\u0105\u017cenie krwi i detoksykacj\u0119<\/li>\n<li>Rozlu\u017ania zrosty w tkance powi\u0119ziowej<\/li>\n<li>Wykonane z prawdziwego, bogatego w minera\u0142y kamienia Bian<\/li>\n<li>Codzienne stosowanie dla g\u0142adszych, bardziej wyrazistych kontur\u00f3w<\/li>\n<\/ul>","protected":false},"featured_media":49142,"template":"","meta":{"_acf_changed":false,"_et_pb_use_builder":"","_et_pb_old_content":"","_et_gb_content_width":""},"product_brand":[],"product_cat":[176],"product_tag":[],"class_list":{"0":"post-49141","1":"product","2":"type-product","3":"status-publish","4":"has-post-thumbnail","6":"product_cat-face-yoga-massagen","8":"first","9":"instock","10":"taxable","11":"shipping-taxable","12":"purchasable","13":"product-type-simple"},"acf":[],"yoast_head":"<!-- This site is optimized with the Yoast SEO plugin v26.4 - https:\/\/yoast.com\/wordpress\/plugins\/seo\/ -->\n<title>Body Gua Sha Sculptor - Chi statt Botox<\/title>\n<meta name=\"robots\" content=\"index, follow, max-snippet:-1, max-image-preview:large, max-video-preview:-1\" \/>\n<link rel=\"canonical\" href=\"https:\/\/chi-statt-botox.com\/pl\/produkt\/body-gua-sha-sculptor\/\" \/>\n<meta property=\"og:locale\" content=\"pl_PL\" \/>\n<meta property=\"og:type\" content=\"article\" \/>\n<meta property=\"og:title\" content=\"Body Gua Sha Sculptor - Chi statt Botox\" \/>\n<meta property=\"og:description\" content=\"Wirkt gezielt gegen Cellulite und Spannungen  F\u00f6rdert die Durchblutung und Entgiftung  L\u00f6st Verklebungen im Fasziengewebe  Gefertigt aus echtem, mineralreichem Bian-Stein  T\u00e4gliche Anwendung f\u00fcr glattere, definierte Konturen\" \/>\n<meta property=\"og:url\" content=\"https:\/\/chi-statt-botox.com\/pl\/produkt\/body-gua-sha-sculptor\/\" \/>\n<meta property=\"og:site_name\" content=\"Chi statt Botox\" \/>\n<meta property=\"article:modified_time\" content=\"2026-04-16T03:34:49+00:00\" \/>\n<meta property=\"og:image\" content=\"https:\/\/chi-statt-botox.com\/wp-content\/uploads\/CSB_01.jpg\" \/>\n\t<meta property=\"og:image:width\" content=\"1920\" \/>\n\t<meta property=\"og:image:height\" content=\"1920\" \/>\n\t<meta property=\"og:image:type\" content=\"image\/jpeg\" \/>\n<meta name=\"twitter:card\" content=\"summary_large_image\" \/>\n<meta name=\"twitter:label1\" content=\"Szacowany czas czytania\" \/>\n\t<meta name=\"twitter:data1\" content=\"2 minuty\" \/>\n<script type=\"application\/ld+json\" class=\"yoast-schema-graph\">{\"@context\":\"https:\/\/schema.org\",\"@graph\":[{\"@type\":\"WebPage\",\"@id\":\"https:\/\/chi-statt-botox.com\/produkt\/body-gua-sha-sculptor\/\",\"url\":\"https:\/\/chi-statt-botox.com\/produkt\/body-gua-sha-sculptor\/\",\"name\":\"Body Gua Sha Sculptor - Chi statt Botox\",\"isPartOf\":{\"@id\":\"https:\/\/chi-statt-botox.com\/#website\"},\"primaryImageOfPage\":{\"@id\":\"https:\/\/chi-statt-botox.com\/produkt\/body-gua-sha-sculptor\/#primaryimage\"},\"image\":{\"@id\":\"https:\/\/chi-statt-botox.com\/produkt\/body-gua-sha-sculptor\/#primaryimage\"},\"thumbnailUrl\":\"https:\/\/chi-statt-botox.com\/wp-content\/uploads\/CSB_01.jpg\",\"datePublished\":\"2025-10-13T10:22:41+00:00\",\"dateModified\":\"2026-04-16T03:34:49+00:00\",\"breadcrumb\":{\"@id\":\"https:\/\/chi-statt-botox.com\/produkt\/body-gua-sha-sculptor\/#breadcrumb\"},\"inLanguage\":\"pl-PL\",\"potentialAction\":[{\"@type\":\"ReadAction\",\"target\":[\"https:\/\/chi-statt-botox.com\/produkt\/body-gua-sha-sculptor\/\"]}]},{\"@type\":\"ImageObject\",\"inLanguage\":\"pl-PL\",\"@id\":\"https:\/\/chi-statt-botox.com\/produkt\/body-gua-sha-sculptor\/#primaryimage\",\"url\":\"https:\/\/chi-statt-botox.com\/wp-content\/uploads\/CSB_01.jpg\",\"contentUrl\":\"https:\/\/chi-statt-botox.com\/wp-content\/uploads\/CSB_01.jpg\",\"width\":1920,\"height\":1920},{\"@type\":\"BreadcrumbList\",\"@id\":\"https:\/\/chi-statt-botox.com\/produkt\/body-gua-sha-sculptor\/#breadcrumb\",\"itemListElement\":[{\"@type\":\"ListItem\",\"position\":1,\"name\":\"Startseite\",\"item\":\"https:\/\/chi-statt-botox.com\/\"},{\"@type\":\"ListItem\",\"position\":2,\"name\":\"Produkte\",\"item\":\"https:\/\/chi-statt-botox.com\/shop\/\"},{\"@type\":\"ListItem\",\"position\":3,\"name\":\"Body Gua Sha Sculptor\"}]},{\"@type\":\"WebSite\",\"@id\":\"https:\/\/chi-statt-botox.com\/#website\",\"url\":\"https:\/\/chi-statt-botox.com\/\",\"name\":\"Chi statt Botox\",\"description\":\"Falten wegzaubern, Haut straffen\",\"potentialAction\":[{\"@type\":\"SearchAction\",\"target\":{\"@type\":\"EntryPoint\",\"urlTemplate\":\"https:\/\/chi-statt-botox.com\/?s={search_term_string}\"},\"query-input\":{\"@type\":\"PropertyValueSpecification\",\"valueRequired\":true,\"valueName\":\"search_term_string\"}}],\"inLanguage\":\"pl-PL\"}]}<\/script>\n<!-- \/ Yoast SEO plugin. -->","yoast_head_json":{"title":"Body Gua Sha Sculptor - Chi zamiast botoksu","robots":{"index":"index","follow":"follow","max-snippet":"max-snippet:-1","max-image-preview":"max-image-preview:large","max-video-preview":"max-video-preview:-1"},"canonical":"https:\/\/chi-statt-botox.com\/pl\/produkt\/body-gua-sha-sculptor\/","og_locale":"pl_PL","og_type":"article","og_title":"Body Gua Sha Sculptor - Chi statt Botox","og_description":"Wirkt gezielt gegen Cellulite und Spannungen  F\u00f6rdert die Durchblutung und Entgiftung  L\u00f6st Verklebungen im Fasziengewebe  Gefertigt aus echtem, mineralreichem Bian-Stein  T\u00e4gliche Anwendung f\u00fcr glattere, definierte Konturen","og_url":"https:\/\/chi-statt-botox.com\/pl\/produkt\/body-gua-sha-sculptor\/","og_site_name":"Chi statt Botox","article_modified_time":"2026-04-16T03:34:49+00:00","og_image":[{"width":1920,"height":1920,"url":"https:\/\/chi-statt-botox.com\/wp-content\/uploads\/CSB_01.jpg","type":"image\/jpeg"}],"twitter_card":"summary_large_image","twitter_misc":{"Szacowany czas czytania":"2 minuty"},"schema":{"@context":"https:\/\/schema.org","@graph":[{"@type":"WebPage","@id":"https:\/\/chi-statt-botox.com\/produkt\/body-gua-sha-sculptor\/","url":"https:\/\/chi-statt-botox.com\/produkt\/body-gua-sha-sculptor\/","name":"Body Gua Sha Sculptor - Chi zamiast botoksu","isPartOf":{"@id":"https:\/\/chi-statt-botox.com\/#website"},"primaryImageOfPage":{"@id":"https:\/\/chi-statt-botox.com\/produkt\/body-gua-sha-sculptor\/#primaryimage"},"image":{"@id":"https:\/\/chi-statt-botox.com\/produkt\/body-gua-sha-sculptor\/#primaryimage"},"thumbnailUrl":"https:\/\/chi-statt-botox.com\/wp-content\/uploads\/CSB_01.jpg","datePublished":"2025-10-13T10:22:41+00:00","dateModified":"2026-04-16T03:34:49+00:00","breadcrumb":{"@id":"https:\/\/chi-statt-botox.com\/produkt\/body-gua-sha-sculptor\/#breadcrumb"},"inLanguage":"pl-PL","potentialAction":[{"@type":"ReadAction","target":["https:\/\/chi-statt-botox.com\/produkt\/body-gua-sha-sculptor\/"]}]},{"@type":"ImageObject","inLanguage":"pl-PL","@id":"https:\/\/chi-statt-botox.com\/produkt\/body-gua-sha-sculptor\/#primaryimage","url":"https:\/\/chi-statt-botox.com\/wp-content\/uploads\/CSB_01.jpg","contentUrl":"https:\/\/chi-statt-botox.com\/wp-content\/uploads\/CSB_01.jpg","width":1920,"height":1920},{"@type":"BreadcrumbList","@id":"https:\/\/chi-statt-botox.com\/produkt\/body-gua-sha-sculptor\/#breadcrumb","itemListElement":[{"@type":"ListItem","position":1,"name":"Startseite","item":"https:\/\/chi-statt-botox.com\/"},{"@type":"ListItem","position":2,"name":"Produkte","item":"https:\/\/chi-statt-botox.com\/shop\/"},{"@type":"ListItem","position":3,"name":"Body Gua Sha Sculptor"}]},{"@type":"WebSite","@id":"https:\/\/chi-statt-botox.com\/#website","url":"https:\/\/chi-statt-botox.com\/","name":"Chi zamiast botoksu","description":"Usuwa zmarszczki, napina sk\u00f3r\u0119","potentialAction":[{"@type":"SearchAction","target":{"@type":"EntryPoint","urlTemplate":"https:\/\/chi-statt-botox.com\/?s={search_term_string}"},"query-input":{"@type":"PropertyValueSpecification","valueRequired":true,"valueName":"search_term_string"}}],"inLanguage":"pl-PL"}]}},"_links":{"self":[{"href":"https:\/\/chi-statt-botox.com\/pl\/wp-json\/wp\/v2\/product\/49141","targetHints":{"allow":["GET"]}}],"collection":[{"href":"https:\/\/chi-statt-botox.com\/pl\/wp-json\/wp\/v2\/product"}],"about":[{"href":"https:\/\/chi-statt-botox.com\/pl\/wp-json\/wp\/v2\/types\/product"}],"wp:featuredmedia":[{"embeddable":true,"href":"https:\/\/chi-statt-botox.com\/pl\/wp-json\/wp\/v2\/media\/49142"}],"wp:attachment":[{"href":"https:\/\/chi-statt-botox.com\/pl\/wp-json\/wp\/v2\/media?parent=49141"}],"wp:term":[{"taxonomy":"product_brand","embeddable":true,"href":"https:\/\/chi-statt-botox.com\/pl\/wp-json\/wp\/v2\/product_brand?post=49141"},{"taxonomy":"product_cat","embeddable":true,"href":"https:\/\/chi-statt-botox.com\/pl\/wp-json\/wp\/v2\/product_cat?post=49141"},{"taxonomy":"product_tag","embeddable":true,"href":"https:\/\/chi-statt-botox.com\/pl\/wp-json\/wp\/v2\/product_tag?post=49141"}],"curies":[{"name":"wp","href":"https:\/\/api.w.org\/{rel}","templated":true}]}}