{"id":49145,"date":"2025-10-13T14:13:00","date_gmt":"2025-10-13T12:13:00","guid":{"rendered":"https:\/\/chi-statt-botox.com\/?post_type=product&#038;p=49145"},"modified":"2026-04-13T10:39:11","modified_gmt":"2026-04-13T08:39:11","slug":"faszienloeser-fascia-flow","status":"publish","type":"product","link":"https:\/\/chi-statt-botox.com\/pl\/produkt\/faszienloeser-fascia-flow\/","title":{"rendered":"Uwalniacz powi\u0119zi \"Fascia Flow\""},"content":{"rendered":"<p data-start=\"327\" data-end=\"538\"><strong>Do twarzy i cia\u0142a.<\/strong><\/p>\n<p data-start=\"327\" data-end=\"538\">To ergonomicznie ukszta\u0142towane narz\u0119dzie do powi\u0119zi zosta\u0142o opracowane w celu <strong>Przylegaj\u0105ce powi\u0119zie <\/strong>do rozwi\u0105zania, <strong>Napi\u0119cie mi\u0119\u015bni<\/strong> i poluzowa\u0107 <strong>Przep\u0142yw limfy<\/strong> stymulowa\u0107. Idealny do samodzielnego masa\u017cu mi\u0119\u015bniowo-powi\u0119ziowego od st\u00f3p do g\u0142\u00f3w.<\/p>\n<p data-start=\"540\" data-end=\"732\">Wykonane z przyjaznego dla sk\u00f3ry, wyj\u0105tkowo g\u0142adkiego materia\u0142u <strong>\u017bywica naturalna<\/strong> wygodnie le\u017cy w d\u0142oni - nowy kszta\u0142t z powi\u0119kszonym uchwytem i szerok\u0105 powierzchni\u0105 masuj\u0105c\u0105 zapewnia maksymalny komfort i efekt.<\/p>\n<p data-start=\"734\" data-end=\"994\">W <strong>Twarz<\/strong> Wysoce zalecany do uwalniania zar\u00f3wno powierzchownych, jak i g\u0142\u0119bszych powi\u0119zi i napi\u0119\u0107. Szczeg\u00f3lnie nadaje si\u0119 do pracy nad <strong>Kontury twarzy<\/strong>.<\/p>\n<p data-start=\"734\" data-end=\"994\">Nawet z <strong>Obola\u0142e mi\u0119\u015bnie<\/strong>, <strong>Cellulit<\/strong> lub <strong>Sztywno\u015b\u0107 staw\u00f3w<\/strong> Narz\u0119dzie zapewnia zauwa\u017caln\u0105 ulg\u0119 i now\u0105 lekko\u015b\u0107. Wszechstronny do plec\u00f3w, ramion, n\u00f3g, po\u015bladk\u00f3w, d\u0142oni i st\u00f3p.<\/p>\n<p data-start=\"734\" data-end=\"994\"><strong>WNIOSEK<\/strong><br \/>\nPrzesuwaj rozlu\u017aniacz powi\u0119zi szybko w prz\u00f3d i w ty\u0142, lekko naciskaj\u0105c, aby najpierw rozlu\u017ani\u0107 powi\u0119\u017a powierzchown\u0105. Mo\u017cna to r\u00f3wnie\u017c zrobi\u0107 przed masa\u017cem Gua Sha lub ba\u0144kami. Po lekkim masa\u017cu mo\u017cesz pracowa\u0107 z silniejszym naciskiem. Naciskaj uchwyt przez 1-3 minuty na obszary, kt\u00f3re szczeg\u00f3lnie wymagaj\u0105 rozlu\u017anienia. (Wkr\u00f3tce pojawi si\u0119 film wideo z aplikacj\u0105 autorstwa Christiny)<\/p>\n<p data-start=\"734\" data-end=\"994\">Chi statt Botox GmbH \/ Bauernstra\u00dfe 1 WDZ 9 \/ 4600 Wels \/ Austria \/ shop@chi-statt-botox.com<\/p>","protected":false},"excerpt":{"rendered":"<ul>\n<li>Rozlu\u017ania powierzchowne i g\u0142\u0119bsze powi\u0119zi<\/li>\n<li>Wykonane z g\u0142adkiej \u017cywicy naturalnej<\/li>\n<li>Odpowiedni do twarzy i cia\u0142a<\/li>\n<li>\u0141agodzi napi\u0119cie i punkty spustowe<\/li>\n<li>Stymuluje kr\u0105\u017cenie krwi i przep\u0142yw limfy<\/li>\n<\/ul>\n<p>&nbsp;<\/p>","protected":false},"featured_media":49147,"template":"","meta":{"_acf_changed":false,"_et_pb_use_builder":"","_et_pb_old_content":"","_et_gb_content_width":""},"product_brand":[],"product_cat":[176],"product_tag":[],"class_list":{"0":"post-49145","1":"product","2":"type-product","3":"status-publish","4":"has-post-thumbnail","6":"product_cat-face-yoga-massagen","8":"first","9":"instock","10":"taxable","11":"shipping-taxable","12":"purchasable","13":"product-type-simple"},"acf":[],"yoast_head":"<!-- This site is optimized with the Yoast SEO plugin v26.4 - https:\/\/yoast.com\/wordpress\/plugins\/seo\/ -->\n<title>Faszienl\u00f6ser &quot;Fascia Flow&quot; - Chi statt Botox<\/title>\n<meta name=\"robots\" content=\"index, follow, max-snippet:-1, max-image-preview:large, max-video-preview:-1\" \/>\n<link rel=\"canonical\" href=\"https:\/\/chi-statt-botox.com\/pl\/produkt\/faszienloeser-fascia-flow\/\" \/>\n<meta property=\"og:locale\" content=\"pl_PL\" \/>\n<meta property=\"og:type\" content=\"article\" \/>\n<meta property=\"og:title\" content=\"Faszienl\u00f6ser &quot;Fascia Flow&quot; - Chi statt Botox\" \/>\n<meta property=\"og:description\" content=\"L\u00f6st oberfl\u00e4chliche und tiefere Faszien  Aus glattem Naturharz  F\u00fcr Gesicht und K\u00f6rper geeignet  L\u00f6st Verspannungen und Triggerpunkte  Regt Durchblutung und Lymphfluss an  &nbsp;\" \/>\n<meta property=\"og:url\" content=\"https:\/\/chi-statt-botox.com\/pl\/produkt\/faszienloeser-fascia-flow\/\" \/>\n<meta property=\"og:site_name\" content=\"Chi statt Botox\" \/>\n<meta property=\"article:modified_time\" content=\"2026-04-13T08:39:11+00:00\" \/>\n<meta property=\"og:image\" content=\"https:\/\/chi-statt-botox.com\/wp-content\/uploads\/CSB_03.jpg\" \/>\n\t<meta property=\"og:image:width\" content=\"1920\" \/>\n\t<meta property=\"og:image:height\" content=\"1920\" \/>\n\t<meta property=\"og:image:type\" content=\"image\/jpeg\" \/>\n<meta name=\"twitter:card\" content=\"summary_large_image\" \/>\n<meta name=\"twitter:label1\" content=\"Szacowany czas czytania\" \/>\n\t<meta name=\"twitter:data1\" content=\"2 minuty\" \/>\n<script type=\"application\/ld+json\" class=\"yoast-schema-graph\">{\"@context\":\"https:\/\/schema.org\",\"@graph\":[{\"@type\":\"WebPage\",\"@id\":\"https:\/\/chi-statt-botox.com\/produkt\/faszienloeser-fascia-flow\/\",\"url\":\"https:\/\/chi-statt-botox.com\/produkt\/faszienloeser-fascia-flow\/\",\"name\":\"Faszienl\u00f6ser \\\"Fascia Flow\\\" - Chi statt Botox\",\"isPartOf\":{\"@id\":\"https:\/\/chi-statt-botox.com\/#website\"},\"primaryImageOfPage\":{\"@id\":\"https:\/\/chi-statt-botox.com\/produkt\/faszienloeser-fascia-flow\/#primaryimage\"},\"image\":{\"@id\":\"https:\/\/chi-statt-botox.com\/produkt\/faszienloeser-fascia-flow\/#primaryimage\"},\"thumbnailUrl\":\"https:\/\/chi-statt-botox.com\/wp-content\/uploads\/CSB_03.jpg\",\"datePublished\":\"2025-10-13T12:13:00+00:00\",\"dateModified\":\"2026-04-13T08:39:11+00:00\",\"breadcrumb\":{\"@id\":\"https:\/\/chi-statt-botox.com\/produkt\/faszienloeser-fascia-flow\/#breadcrumb\"},\"inLanguage\":\"pl-PL\",\"potentialAction\":[{\"@type\":\"ReadAction\",\"target\":[\"https:\/\/chi-statt-botox.com\/produkt\/faszienloeser-fascia-flow\/\"]}]},{\"@type\":\"ImageObject\",\"inLanguage\":\"pl-PL\",\"@id\":\"https:\/\/chi-statt-botox.com\/produkt\/faszienloeser-fascia-flow\/#primaryimage\",\"url\":\"https:\/\/chi-statt-botox.com\/wp-content\/uploads\/CSB_03.jpg\",\"contentUrl\":\"https:\/\/chi-statt-botox.com\/wp-content\/uploads\/CSB_03.jpg\",\"width\":1920,\"height\":1920},{\"@type\":\"BreadcrumbList\",\"@id\":\"https:\/\/chi-statt-botox.com\/produkt\/faszienloeser-fascia-flow\/#breadcrumb\",\"itemListElement\":[{\"@type\":\"ListItem\",\"position\":1,\"name\":\"Startseite\",\"item\":\"https:\/\/chi-statt-botox.com\/\"},{\"@type\":\"ListItem\",\"position\":2,\"name\":\"Produkte\",\"item\":\"https:\/\/chi-statt-botox.com\/shop\/\"},{\"@type\":\"ListItem\",\"position\":3,\"name\":\"Faszienl\u00f6ser &#8222;Fascia Flow&#8220;\"}]},{\"@type\":\"WebSite\",\"@id\":\"https:\/\/chi-statt-botox.com\/#website\",\"url\":\"https:\/\/chi-statt-botox.com\/\",\"name\":\"Chi statt Botox\",\"description\":\"Falten wegzaubern, Haut straffen\",\"potentialAction\":[{\"@type\":\"SearchAction\",\"target\":{\"@type\":\"EntryPoint\",\"urlTemplate\":\"https:\/\/chi-statt-botox.com\/?s={search_term_string}\"},\"query-input\":{\"@type\":\"PropertyValueSpecification\",\"valueRequired\":true,\"valueName\":\"search_term_string\"}}],\"inLanguage\":\"pl-PL\"}]}<\/script>\n<!-- \/ Yoast SEO plugin. -->","yoast_head_json":{"title":"Fascia release \"Fascia Flow\" - Chi zamiast botoksu","robots":{"index":"index","follow":"follow","max-snippet":"max-snippet:-1","max-image-preview":"max-image-preview:large","max-video-preview":"max-video-preview:-1"},"canonical":"https:\/\/chi-statt-botox.com\/pl\/produkt\/faszienloeser-fascia-flow\/","og_locale":"pl_PL","og_type":"article","og_title":"Faszienl\u00f6ser \"Fascia Flow\" - Chi statt Botox","og_description":"L\u00f6st oberfl\u00e4chliche und tiefere Faszien  Aus glattem Naturharz  F\u00fcr Gesicht und K\u00f6rper geeignet  L\u00f6st Verspannungen und Triggerpunkte  Regt Durchblutung und Lymphfluss an  &nbsp;","og_url":"https:\/\/chi-statt-botox.com\/pl\/produkt\/faszienloeser-fascia-flow\/","og_site_name":"Chi statt Botox","article_modified_time":"2026-04-13T08:39:11+00:00","og_image":[{"width":1920,"height":1920,"url":"https:\/\/chi-statt-botox.com\/wp-content\/uploads\/CSB_03.jpg","type":"image\/jpeg"}],"twitter_card":"summary_large_image","twitter_misc":{"Szacowany czas czytania":"2 minuty"},"schema":{"@context":"https:\/\/schema.org","@graph":[{"@type":"WebPage","@id":"https:\/\/chi-statt-botox.com\/produkt\/faszienloeser-fascia-flow\/","url":"https:\/\/chi-statt-botox.com\/produkt\/faszienloeser-fascia-flow\/","name":"Fascia release \"Fascia Flow\" - Chi zamiast botoksu","isPartOf":{"@id":"https:\/\/chi-statt-botox.com\/#website"},"primaryImageOfPage":{"@id":"https:\/\/chi-statt-botox.com\/produkt\/faszienloeser-fascia-flow\/#primaryimage"},"image":{"@id":"https:\/\/chi-statt-botox.com\/produkt\/faszienloeser-fascia-flow\/#primaryimage"},"thumbnailUrl":"https:\/\/chi-statt-botox.com\/wp-content\/uploads\/CSB_03.jpg","datePublished":"2025-10-13T12:13:00+00:00","dateModified":"2026-04-13T08:39:11+00:00","breadcrumb":{"@id":"https:\/\/chi-statt-botox.com\/produkt\/faszienloeser-fascia-flow\/#breadcrumb"},"inLanguage":"pl-PL","potentialAction":[{"@type":"ReadAction","target":["https:\/\/chi-statt-botox.com\/produkt\/faszienloeser-fascia-flow\/"]}]},{"@type":"ImageObject","inLanguage":"pl-PL","@id":"https:\/\/chi-statt-botox.com\/produkt\/faszienloeser-fascia-flow\/#primaryimage","url":"https:\/\/chi-statt-botox.com\/wp-content\/uploads\/CSB_03.jpg","contentUrl":"https:\/\/chi-statt-botox.com\/wp-content\/uploads\/CSB_03.jpg","width":1920,"height":1920},{"@type":"BreadcrumbList","@id":"https:\/\/chi-statt-botox.com\/produkt\/faszienloeser-fascia-flow\/#breadcrumb","itemListElement":[{"@type":"ListItem","position":1,"name":"Startseite","item":"https:\/\/chi-statt-botox.com\/"},{"@type":"ListItem","position":2,"name":"Produkte","item":"https:\/\/chi-statt-botox.com\/shop\/"},{"@type":"ListItem","position":3,"name":"Faszienl\u00f6ser &#8222;Fascia Flow&#8220;"}]},{"@type":"WebSite","@id":"https:\/\/chi-statt-botox.com\/#website","url":"https:\/\/chi-statt-botox.com\/","name":"Chi zamiast botoksu","description":"Usuwa zmarszczki, napina sk\u00f3r\u0119","potentialAction":[{"@type":"SearchAction","target":{"@type":"EntryPoint","urlTemplate":"https:\/\/chi-statt-botox.com\/?s={search_term_string}"},"query-input":{"@type":"PropertyValueSpecification","valueRequired":true,"valueName":"search_term_string"}}],"inLanguage":"pl-PL"}]}},"_links":{"self":[{"href":"https:\/\/chi-statt-botox.com\/pl\/wp-json\/wp\/v2\/product\/49145","targetHints":{"allow":["GET"]}}],"collection":[{"href":"https:\/\/chi-statt-botox.com\/pl\/wp-json\/wp\/v2\/product"}],"about":[{"href":"https:\/\/chi-statt-botox.com\/pl\/wp-json\/wp\/v2\/types\/product"}],"wp:featuredmedia":[{"embeddable":true,"href":"https:\/\/chi-statt-botox.com\/pl\/wp-json\/wp\/v2\/media\/49147"}],"wp:attachment":[{"href":"https:\/\/chi-statt-botox.com\/pl\/wp-json\/wp\/v2\/media?parent=49145"}],"wp:term":[{"taxonomy":"product_brand","embeddable":true,"href":"https:\/\/chi-statt-botox.com\/pl\/wp-json\/wp\/v2\/product_brand?post=49145"},{"taxonomy":"product_cat","embeddable":true,"href":"https:\/\/chi-statt-botox.com\/pl\/wp-json\/wp\/v2\/product_cat?post=49145"},{"taxonomy":"product_tag","embeddable":true,"href":"https:\/\/chi-statt-botox.com\/pl\/wp-json\/wp\/v2\/product_tag?post=49145"}],"curies":[{"name":"wp","href":"https:\/\/api.w.org\/{rel}","templated":true}]}}