{"id":5129,"date":"2020-11-18T11:08:05","date_gmt":"2020-11-18T10:08:05","guid":{"rendered":"https:\/\/chi-statt-botox.com\/?post_type=product&#038;p=5129"},"modified":"2026-04-16T13:24:23","modified_gmt":"2026-04-16T11:24:23","slug":"bella-bambi-fuer-den-koerper-o-34-mm-hoehe-75-mm","status":"publish","type":"product","link":"https:\/\/chi-statt-botox.com\/pl\/produkt\/bella-bambi-fuer-den-koerper-o-34-mm-hoehe-75-mm\/","title":{"rendered":"Wysokiej jako\u015bci kubek do cia\u0142a"},"content":{"rendered":"<p data-start=\"150\" data-end=\"200\"><strong data-start=\"154\" data-end=\"198\">Wysokiej jako\u015bci silikonowe nak\u0142adki na korpus, \u00d8 34 mm, wysoko\u015b\u0107 75 mm<\/strong><\/p>\n<p data-start=\"201\" data-end=\"262\">G\u0142adsze kontury. Lu\u017aniejsza tkanka. Wyra\u017anie bardziej witalna sk\u00f3ra.<\/p>\n<p data-start=\"264\" data-end=\"548\">Wysokiej jako\u015bci silikonowa nak\u0142adka na ba\u0144ki zosta\u0142a opracowana w celu z\u0142agodzenia napi\u0119cia, aktywacji przep\u0142ywu limfy i widocznej redukcji cellulitu. Delikatne podci\u015bnienie stymuluje g\u0142\u0119bsze tkanki powi\u0119zi, wspomaga kr\u0105\u017cenie krwi i wspiera naturaln\u0105 regeneracj\u0119.<\/p>\n<p data-start=\"550\" data-end=\"768\">Idealny dla <strong data-start=\"560\" data-end=\"598\">Uda, po\u015bladki, brzuch i plecy<\/strong> - dla j\u0119drniejszego, g\u0142adszego i bardziej komfortowego cia\u0142a. W po\u0142\u0105czeniu z olejkiem do cia\u0142a, ba\u0144ki staj\u0105 si\u0119 pi\u0119knym rytua\u0142em zapewniaj\u0105cym witalno\u015b\u0107 i lekko\u015b\u0107.<\/p>\n<p><strong data-start=\"1114\" data-end=\"1143\">Zalety w skr\u00f3cie:<\/strong><br data-start=\"1143\" data-end=\"1146\" \/>- Wspomaga kr\u0105\u017cenie krwi i przep\u0142yw limfy<br data-start=\"1183\" data-end=\"1186\" \/>- Uwalnia napi\u0119cie i zrosty powi\u0119ziowe<br data-start=\"1227\" data-end=\"1230\" \/>- Wspomaga redukcj\u0119 cellulitu<br data-start=\"1281\" data-end=\"1284\" \/>- Odpowiedni do po\u015bladk\u00f3w, n\u00f3g, brzucha i plec\u00f3w<br data-start=\"1326\" data-end=\"1329\" \/>- Wysokiej jako\u015bci, elastyczny silikon - trwa\u0142y i przyjemny dla sk\u00f3ry<\/p>\n<p><strong>Aplikacja wideo <\/strong>(wystarczy klikn\u0105\u0107):<br \/>\n<strong><a href=\"https:\/\/www.youtube.com\/watch?v=EgzVF8z9hHY&amp;t=607s\" target=\"_blank\" rel=\"noopener\">\"Pozb\u0105d\u017a si\u0119 CELLULITE - 100% skuteczniej dzi\u0119ki tej SEKRETNEJ WSKAZ\u00d3WCE\"<\/a><\/strong><\/p>\n<p>Bamberger-Wellness GmbH \/ Industriestr. 25 \/ 89423 Gundelfingen \/ Niemcy \/ info@bellabambi.de<\/p>","protected":false},"excerpt":{"rendered":"<ul>\n<li>Wysokiej jako\u015bci silikonowe nak\u0142adki na cia\u0142o<\/li>\n<li>Idealny do ud, po\u015bladk\u00f3w, brzucha i plec\u00f3w<\/li>\n<li>Rozpuszcza g\u0142\u0119boko zakorzenione napi\u0119cia i zrosty<\/li>\n<li>Pomaga widocznie zredukowa\u0107 cellulit i przekrwienie sk\u00f3ry<\/li>\n<\/ul>","protected":false},"featured_media":5131,"template":"","meta":{"_acf_changed":false,"_et_pb_use_builder":"","_et_pb_old_content":"","_et_gb_content_width":""},"product_brand":[],"product_cat":[176],"product_tag":[],"class_list":{"0":"post-5129","1":"product","2":"type-product","3":"status-publish","4":"has-post-thumbnail","6":"product_cat-face-yoga-massagen","8":"first","9":"instock","10":"taxable","11":"shipping-taxable","12":"purchasable","13":"product-type-simple"},"acf":[],"yoast_head":"<!-- This site is optimized with the Yoast SEO plugin v26.4 - https:\/\/yoast.com\/wordpress\/plugins\/seo\/ -->\n<title>Hochwertiger Body-Schr\u00f6pfer - Chi statt Botox<\/title>\n<meta name=\"robots\" content=\"index, follow, max-snippet:-1, max-image-preview:large, max-video-preview:-1\" \/>\n<link rel=\"canonical\" href=\"https:\/\/chi-statt-botox.com\/pl\/produkt\/bella-bambi-fuer-den-koerper-o-34-mm-hoehe-75-mm\/\" \/>\n<meta property=\"og:locale\" content=\"pl_PL\" \/>\n<meta property=\"og:type\" content=\"article\" \/>\n<meta property=\"og:title\" content=\"Hochwertiger Body-Schr\u00f6pfer - Chi statt Botox\" \/>\n<meta property=\"og:description\" content=\"Hochwertiger Silikon-Schr\u00f6pfer f\u00fcr den K\u00f6rper  Ideal f\u00fcr Oberschenkel, Po, Bauch und R\u00fccken  L\u00f6st tiefsitzende Spannungen und Verklebungen  Hilft sichtbar, Cellulite und Stauungen zu reduzieren\" \/>\n<meta property=\"og:url\" content=\"https:\/\/chi-statt-botox.com\/pl\/produkt\/bella-bambi-fuer-den-koerper-o-34-mm-hoehe-75-mm\/\" \/>\n<meta property=\"og:site_name\" content=\"Chi statt Botox\" \/>\n<meta property=\"article:modified_time\" content=\"2026-04-16T11:24:23+00:00\" \/>\n<meta property=\"og:image\" content=\"https:\/\/chi-statt-botox.com\/wp-content\/uploads\/BeBaBody.jpg\" \/>\n\t<meta property=\"og:image:width\" content=\"350\" \/>\n\t<meta property=\"og:image:height\" content=\"350\" \/>\n\t<meta property=\"og:image:type\" content=\"image\/jpeg\" \/>\n<meta name=\"twitter:card\" content=\"summary_large_image\" \/>\n<meta name=\"twitter:label1\" content=\"Szacowany czas czytania\" \/>\n\t<meta name=\"twitter:data1\" content=\"1 minuta\" \/>\n<script type=\"application\/ld+json\" class=\"yoast-schema-graph\">{\"@context\":\"https:\/\/schema.org\",\"@graph\":[{\"@type\":\"WebPage\",\"@id\":\"https:\/\/chi-statt-botox.com\/produkt\/bella-bambi-fuer-den-koerper-o-34-mm-hoehe-75-mm\/\",\"url\":\"https:\/\/chi-statt-botox.com\/produkt\/bella-bambi-fuer-den-koerper-o-34-mm-hoehe-75-mm\/\",\"name\":\"Hochwertiger Body-Schr\u00f6pfer - Chi statt Botox\",\"isPartOf\":{\"@id\":\"https:\/\/chi-statt-botox.com\/#website\"},\"primaryImageOfPage\":{\"@id\":\"https:\/\/chi-statt-botox.com\/produkt\/bella-bambi-fuer-den-koerper-o-34-mm-hoehe-75-mm\/#primaryimage\"},\"image\":{\"@id\":\"https:\/\/chi-statt-botox.com\/produkt\/bella-bambi-fuer-den-koerper-o-34-mm-hoehe-75-mm\/#primaryimage\"},\"thumbnailUrl\":\"https:\/\/chi-statt-botox.com\/wp-content\/uploads\/BeBaBody.jpg\",\"datePublished\":\"2020-11-18T10:08:05+00:00\",\"dateModified\":\"2026-04-16T11:24:23+00:00\",\"breadcrumb\":{\"@id\":\"https:\/\/chi-statt-botox.com\/produkt\/bella-bambi-fuer-den-koerper-o-34-mm-hoehe-75-mm\/#breadcrumb\"},\"inLanguage\":\"pl-PL\",\"potentialAction\":[{\"@type\":\"ReadAction\",\"target\":[\"https:\/\/chi-statt-botox.com\/produkt\/bella-bambi-fuer-den-koerper-o-34-mm-hoehe-75-mm\/\"]}]},{\"@type\":\"ImageObject\",\"inLanguage\":\"pl-PL\",\"@id\":\"https:\/\/chi-statt-botox.com\/produkt\/bella-bambi-fuer-den-koerper-o-34-mm-hoehe-75-mm\/#primaryimage\",\"url\":\"https:\/\/chi-statt-botox.com\/wp-content\/uploads\/BeBaBody.jpg\",\"contentUrl\":\"https:\/\/chi-statt-botox.com\/wp-content\/uploads\/BeBaBody.jpg\",\"width\":350,\"height\":350},{\"@type\":\"BreadcrumbList\",\"@id\":\"https:\/\/chi-statt-botox.com\/produkt\/bella-bambi-fuer-den-koerper-o-34-mm-hoehe-75-mm\/#breadcrumb\",\"itemListElement\":[{\"@type\":\"ListItem\",\"position\":1,\"name\":\"Startseite\",\"item\":\"https:\/\/chi-statt-botox.com\/\"},{\"@type\":\"ListItem\",\"position\":2,\"name\":\"Produkte\",\"item\":\"https:\/\/chi-statt-botox.com\/shop\/\"},{\"@type\":\"ListItem\",\"position\":3,\"name\":\"Hochwertiger Body-Schr\u00f6pfer\"}]},{\"@type\":\"WebSite\",\"@id\":\"https:\/\/chi-statt-botox.com\/#website\",\"url\":\"https:\/\/chi-statt-botox.com\/\",\"name\":\"Chi statt Botox\",\"description\":\"Falten wegzaubern, Haut straffen\",\"potentialAction\":[{\"@type\":\"SearchAction\",\"target\":{\"@type\":\"EntryPoint\",\"urlTemplate\":\"https:\/\/chi-statt-botox.com\/?s={search_term_string}\"},\"query-input\":{\"@type\":\"PropertyValueSpecification\",\"valueRequired\":true,\"valueName\":\"search_term_string\"}}],\"inLanguage\":\"pl-PL\"}]}<\/script>\n<!-- \/ Yoast SEO plugin. -->","yoast_head_json":{"title":"Wysokiej jako\u015bci ba\u0144ki na cia\u0142o - Chi zamiast botoksu","robots":{"index":"index","follow":"follow","max-snippet":"max-snippet:-1","max-image-preview":"max-image-preview:large","max-video-preview":"max-video-preview:-1"},"canonical":"https:\/\/chi-statt-botox.com\/pl\/produkt\/bella-bambi-fuer-den-koerper-o-34-mm-hoehe-75-mm\/","og_locale":"pl_PL","og_type":"article","og_title":"Hochwertiger Body-Schr\u00f6pfer - Chi statt Botox","og_description":"Hochwertiger Silikon-Schr\u00f6pfer f\u00fcr den K\u00f6rper  Ideal f\u00fcr Oberschenkel, Po, Bauch und R\u00fccken  L\u00f6st tiefsitzende Spannungen und Verklebungen  Hilft sichtbar, Cellulite und Stauungen zu reduzieren","og_url":"https:\/\/chi-statt-botox.com\/pl\/produkt\/bella-bambi-fuer-den-koerper-o-34-mm-hoehe-75-mm\/","og_site_name":"Chi statt Botox","article_modified_time":"2026-04-16T11:24:23+00:00","og_image":[{"width":350,"height":350,"url":"https:\/\/chi-statt-botox.com\/wp-content\/uploads\/BeBaBody.jpg","type":"image\/jpeg"}],"twitter_card":"summary_large_image","twitter_misc":{"Szacowany czas czytania":"1 minuta"},"schema":{"@context":"https:\/\/schema.org","@graph":[{"@type":"WebPage","@id":"https:\/\/chi-statt-botox.com\/produkt\/bella-bambi-fuer-den-koerper-o-34-mm-hoehe-75-mm\/","url":"https:\/\/chi-statt-botox.com\/produkt\/bella-bambi-fuer-den-koerper-o-34-mm-hoehe-75-mm\/","name":"Wysokiej jako\u015bci ba\u0144ki na cia\u0142o - Chi zamiast botoksu","isPartOf":{"@id":"https:\/\/chi-statt-botox.com\/#website"},"primaryImageOfPage":{"@id":"https:\/\/chi-statt-botox.com\/produkt\/bella-bambi-fuer-den-koerper-o-34-mm-hoehe-75-mm\/#primaryimage"},"image":{"@id":"https:\/\/chi-statt-botox.com\/produkt\/bella-bambi-fuer-den-koerper-o-34-mm-hoehe-75-mm\/#primaryimage"},"thumbnailUrl":"https:\/\/chi-statt-botox.com\/wp-content\/uploads\/BeBaBody.jpg","datePublished":"2020-11-18T10:08:05+00:00","dateModified":"2026-04-16T11:24:23+00:00","breadcrumb":{"@id":"https:\/\/chi-statt-botox.com\/produkt\/bella-bambi-fuer-den-koerper-o-34-mm-hoehe-75-mm\/#breadcrumb"},"inLanguage":"pl-PL","potentialAction":[{"@type":"ReadAction","target":["https:\/\/chi-statt-botox.com\/produkt\/bella-bambi-fuer-den-koerper-o-34-mm-hoehe-75-mm\/"]}]},{"@type":"ImageObject","inLanguage":"pl-PL","@id":"https:\/\/chi-statt-botox.com\/produkt\/bella-bambi-fuer-den-koerper-o-34-mm-hoehe-75-mm\/#primaryimage","url":"https:\/\/chi-statt-botox.com\/wp-content\/uploads\/BeBaBody.jpg","contentUrl":"https:\/\/chi-statt-botox.com\/wp-content\/uploads\/BeBaBody.jpg","width":350,"height":350},{"@type":"BreadcrumbList","@id":"https:\/\/chi-statt-botox.com\/produkt\/bella-bambi-fuer-den-koerper-o-34-mm-hoehe-75-mm\/#breadcrumb","itemListElement":[{"@type":"ListItem","position":1,"name":"Startseite","item":"https:\/\/chi-statt-botox.com\/"},{"@type":"ListItem","position":2,"name":"Produkte","item":"https:\/\/chi-statt-botox.com\/shop\/"},{"@type":"ListItem","position":3,"name":"Hochwertiger Body-Schr\u00f6pfer"}]},{"@type":"WebSite","@id":"https:\/\/chi-statt-botox.com\/#website","url":"https:\/\/chi-statt-botox.com\/","name":"Chi zamiast botoksu","description":"Usuwa zmarszczki, napina sk\u00f3r\u0119","potentialAction":[{"@type":"SearchAction","target":{"@type":"EntryPoint","urlTemplate":"https:\/\/chi-statt-botox.com\/?s={search_term_string}"},"query-input":{"@type":"PropertyValueSpecification","valueRequired":true,"valueName":"search_term_string"}}],"inLanguage":"pl-PL"}]}},"_links":{"self":[{"href":"https:\/\/chi-statt-botox.com\/pl\/wp-json\/wp\/v2\/product\/5129","targetHints":{"allow":["GET"]}}],"collection":[{"href":"https:\/\/chi-statt-botox.com\/pl\/wp-json\/wp\/v2\/product"}],"about":[{"href":"https:\/\/chi-statt-botox.com\/pl\/wp-json\/wp\/v2\/types\/product"}],"wp:featuredmedia":[{"embeddable":true,"href":"https:\/\/chi-statt-botox.com\/pl\/wp-json\/wp\/v2\/media\/5131"}],"wp:attachment":[{"href":"https:\/\/chi-statt-botox.com\/pl\/wp-json\/wp\/v2\/media?parent=5129"}],"wp:term":[{"taxonomy":"product_brand","embeddable":true,"href":"https:\/\/chi-statt-botox.com\/pl\/wp-json\/wp\/v2\/product_brand?post=5129"},{"taxonomy":"product_cat","embeddable":true,"href":"https:\/\/chi-statt-botox.com\/pl\/wp-json\/wp\/v2\/product_cat?post=5129"},{"taxonomy":"product_tag","embeddable":true,"href":"https:\/\/chi-statt-botox.com\/pl\/wp-json\/wp\/v2\/product_tag?post=5129"}],"curies":[{"name":"wp","href":"https:\/\/api.w.org\/{rel}","templated":true}]}}