{"id":5213,"date":"2020-11-24T14:40:44","date_gmt":"2020-11-24T13:40:44","guid":{"rendered":"https:\/\/chi-statt-botox.com\/?post_type=product&#038;p=5213"},"modified":"2026-04-14T18:31:00","modified_gmt":"2026-04-14T16:31:00","slug":"bio-vitalkaffee-250g-hochland-arabica-mit-reishi-und-mandelpilz","status":"publish","type":"product","link":"https:\/\/chi-statt-botox.com\/pl\/produkt\/bio-vitalkaffee-250g-hochland-arabica-mit-reishi-und-mandelpilz\/","title":{"rendered":"Organiczna kawa witalna, 250 g (z grzybami reishi i migda\u0142owcem)"},"content":{"rendered":"<p>Organiczna kawa witalna palona z <strong>100 organicznych ziaren arabiki wysokog\u00f3rskiej %<\/strong>. Ziarna pochodz\u0105 z kontrolowanych upraw ekologicznych w Ameryce \u015arodkowej. Ponadto kawa <strong>Grzyby lecznicze Reishi<\/strong> oraz <strong>Grzyb migda\u0142owy<\/strong> dodano. Grzyby witalne s\u0105 znane od tysi\u0119cy lat w tradycyjnej medycynie chi\u0144skiej ze swoich pozytywnych efekt\u00f3w. Certyfikowane organiczne grzyby u\u017cyte w kawie pochodz\u0105 z <strong>z Tyrolu w Austrii<\/strong>.<\/p>\n<ul>\n<li>O\u017cywczy dzi\u0119ki domieszce <strong>2 grzyby lecznicze<\/strong><\/li>\n<li>Wspiera og\u00f3lne samopoczucie<\/li>\n<li>Alkaliczne i <strong>Niska zawarto\u015b\u0107 kwasu<\/strong><\/li>\n<li>Idealny w przypadku nietolerancji kawy<\/li>\n<li>Idealny do postu alkalicznego<\/li>\n<li><strong>Delikatnie pra\u017cone<\/strong> i pakowana w Austrii (palona przez 20 minut w temperaturze 200\u00b0 - dost\u0119pna na rynku kawa jest palona przez 2 minuty w temperaturze 600\u00b0)<\/li>\n<li><strong>Niska zawarto\u015b\u0107 akrylamidu<\/strong> tylko 140 g\/kg<\/li>\n<\/ul>\n<p><strong>Por\u00f3wnanie kawy komercyjnej i kawy witalnej z perspektywy tradycyjnej medycyny chi\u0144skiej:<\/strong><\/p>\n<p><strong>Kawa bez grzyb\u00f3w leczniczych:<\/strong> powoduje napi\u0119cie p\u0119cherzyka \u017c\u00f3\u0142ciowego, os\u0142abia nerki, wytwarza ciep\u0142o w \u017co\u0142\u0105dku<\/p>\n<p><strong>Kawa Vitality:<\/strong> \u0141agodniejsza dla uk\u0142adu sercowo-naczyniowego, \u0142agodniejsza dla woreczka \u017c\u00f3\u0142ciowego i \u017co\u0142\u0105dka (poniewa\u017c jest bardziej alkaliczna ni\u017c zwyk\u0142a kawa), dobrze tolerowana - nie powoduje gor\u0105ca w \u017co\u0142\u0105dku, r\u00f3wnie\u017c lepiej tolerowana w przypadku problem\u00f3w takich jak zapalenie \u017co\u0142\u0105dka i zgaga.<\/p>\n<p>Temperatura parzenia: od 89\u00b0 do 93\u00b0. Nie parzy\u0107 wrz\u0105tkiem!<\/p>\n<p>Zamykana torebka z zamkiem b\u0142yskawicznym bez aluminium<\/p>\n<p><strong>Wi\u0119cej informacji o produkcie w filmie<\/strong> (wystarczy klikn\u0105\u0107):<br \/>\n<a href=\"https:\/\/www.youtube.com\/watch?v=CmE63p6IsuY&amp;t=1s\" target=\"_blank\" rel=\"noopener\"><strong>\"4 najlepsze porady dotycz\u0105ce piersi (ka\u017cda kobieta powinna to wiedzie\u0107!)\"<\/strong><\/a><\/p>\n<p>VITA - Bio Lebensmittelhandel e.U. Gerold Jernej \/ Lorystra\u00dfe 7\/14 \/ 1110 Wiede\u0144 \/ Austria \/ info@bio-vita.at<\/p>","protected":false},"excerpt":{"rendered":"<ul>\n<li>100% organiczne ziarna arabiki wysokog\u00f3rskiej<\/li>\n<li>O\u017cywczy dzi\u0119ki domieszce <strong>2 grzyby lecznicze<\/strong><\/li>\n<li>Wspiera og\u00f3lne samopoczucie<\/li>\n<li>Alkaliczne i <strong>Niska zawarto\u015b\u0107 kwasu<\/strong><\/li>\n<li>Idealny w przypadku nietolerancji kawy<\/li>\n<li>Idealny do postu alkalicznego<\/li>\n<li><strong>Delikatnie pra\u017cone<\/strong> i pakowana w Austrii (palona przez 20 minut w temperaturze 200\u00b0 - dost\u0119pna na rynku kawa jest palona przez 2 minuty w temperaturze 600\u00b0)<\/li>\n<li><strong>Niska zawarto\u015b\u0107 akrylamidu<\/strong> tylko 140 g\/kg<\/li>\n<\/ul>\n<p><strong>Por\u00f3wnanie kawy komercyjnej i kawy witalnej z perspektywy tradycyjnej medycyny chi\u0144skiej:<\/strong><\/p>\n<p><strong>Kawa bez grzyb\u00f3w leczniczych:<\/strong> powoduje napi\u0119cie p\u0119cherzyka \u017c\u00f3\u0142ciowego, os\u0142abia nerki, wytwarza ciep\u0142o w \u017co\u0142\u0105dku<\/p>\n<p><strong>Kawa Vitality:<\/strong> \u0141agodniejsza dla uk\u0142adu sercowo-naczyniowego, \u0142agodniejsza dla woreczka \u017c\u00f3\u0142ciowego i \u017co\u0142\u0105dka (poniewa\u017c jest bardziej alkaliczna ni\u017c zwyk\u0142a kawa), dobrze tolerowana - nie powoduje gor\u0105ca w \u017co\u0142\u0105dku, r\u00f3wnie\u017c lepiej tolerowana w przypadku problem\u00f3w takich jak zapalenie \u017co\u0142\u0105dka i zgaga.<\/p>","protected":false},"featured_media":5229,"template":"","meta":{"_acf_changed":false,"_et_pb_use_builder":"","_et_pb_old_content":"","_et_gb_content_width":""},"product_brand":[],"product_cat":[175],"product_tag":[],"class_list":{"0":"post-5213","1":"product","2":"type-product","3":"status-publish","4":"has-post-thumbnail","6":"product_cat-anti-aging-nems","8":"first","9":"instock","10":"taxable","11":"shipping-taxable","12":"purchasable","13":"product-type-simple"},"acf":[],"yoast_head":"<!-- This site is optimized with the Yoast SEO plugin v26.4 - https:\/\/yoast.com\/wordpress\/plugins\/seo\/ -->\n<title>Bio Vitalkaffee, 250g (mit Reishi und Mandelpilz) - Chi statt Botox<\/title>\n<meta name=\"robots\" content=\"index, follow, max-snippet:-1, max-image-preview:large, max-video-preview:-1\" \/>\n<link rel=\"canonical\" href=\"https:\/\/chi-statt-botox.com\/pl\/produkt\/bio-vitalkaffee-250g-hochland-arabica-mit-reishi-und-mandelpilz\/\" \/>\n<meta property=\"og:locale\" content=\"pl_PL\" \/>\n<meta property=\"og:type\" content=\"article\" \/>\n<meta property=\"og:title\" content=\"Bio Vitalkaffee, 250g (mit Reishi und Mandelpilz) - Chi statt Botox\" \/>\n<meta property=\"og:description\" content=\"100% biologische Hochland Arabica Bohnen  Belebend durch Beimischung von 2 Vitalpilzen  Unterst\u00fctzt allgemeines Wohlbefinden  Basisch und s\u00e4urearm  Ideal bei Kaffeeunvertr\u00e4glichkeit  Ideal beim Basenfasten  Schonend ger\u00f6stet und verpackt in \u00d6sterreich (20 min bei 200\u00b0 - handels\u00fcblicher Kaffee wird 2 min bei 600\u00b0 ger\u00f6stet)  Niedriger Acrylamidgehalt nur 140 g\/kg  Vergleich handels\u00fcblicher Kaffee &amp; Vitalkaffee aus der Sicht der Traditionellen Chinesischen Medizin:  Kaffee ohne Heilpilze: gibt Spannung auf der Gallenblase, schw\u00e4cht die Nierenkraft, erzeugt Magenhitze  Vitalkaffee: schonender f\u00fcr das Herz-Kreislaufsystem, schont die Galle und den Magen (weil basischer als normaler Kaffee), gut vertr\u00e4glich - macht keine Hitze im Magen, auch bei Problemen wie Gastritis und Sodbrennen vertr\u00e4glicher\" \/>\n<meta property=\"og:url\" content=\"https:\/\/chi-statt-botox.com\/pl\/produkt\/bio-vitalkaffee-250g-hochland-arabica-mit-reishi-und-mandelpilz\/\" \/>\n<meta property=\"og:site_name\" content=\"Chi statt Botox\" \/>\n<meta property=\"article:modified_time\" content=\"2026-04-14T16:31:00+00:00\" \/>\n<meta property=\"og:image\" content=\"https:\/\/chi-statt-botox.com\/wp-content\/uploads\/Unbenannt-1.jpg\" \/>\n\t<meta property=\"og:image:width\" content=\"720\" \/>\n\t<meta property=\"og:image:height\" content=\"720\" \/>\n\t<meta property=\"og:image:type\" content=\"image\/jpeg\" \/>\n<meta name=\"twitter:card\" content=\"summary_large_image\" \/>\n<meta name=\"twitter:label1\" content=\"Szacowany czas czytania\" \/>\n\t<meta name=\"twitter:data1\" content=\"2 minuty\" \/>\n<script type=\"application\/ld+json\" class=\"yoast-schema-graph\">{\"@context\":\"https:\/\/schema.org\",\"@graph\":[{\"@type\":\"WebPage\",\"@id\":\"https:\/\/chi-statt-botox.com\/produkt\/bio-vitalkaffee-250g-hochland-arabica-mit-reishi-und-mandelpilz\/\",\"url\":\"https:\/\/chi-statt-botox.com\/produkt\/bio-vitalkaffee-250g-hochland-arabica-mit-reishi-und-mandelpilz\/\",\"name\":\"Bio Vitalkaffee, 250g (mit Reishi und Mandelpilz) - Chi statt Botox\",\"isPartOf\":{\"@id\":\"https:\/\/chi-statt-botox.com\/#website\"},\"primaryImageOfPage\":{\"@id\":\"https:\/\/chi-statt-botox.com\/produkt\/bio-vitalkaffee-250g-hochland-arabica-mit-reishi-und-mandelpilz\/#primaryimage\"},\"image\":{\"@id\":\"https:\/\/chi-statt-botox.com\/produkt\/bio-vitalkaffee-250g-hochland-arabica-mit-reishi-und-mandelpilz\/#primaryimage\"},\"thumbnailUrl\":\"https:\/\/chi-statt-botox.com\/wp-content\/uploads\/Unbenannt-1.jpg\",\"datePublished\":\"2020-11-24T13:40:44+00:00\",\"dateModified\":\"2026-04-14T16:31:00+00:00\",\"breadcrumb\":{\"@id\":\"https:\/\/chi-statt-botox.com\/produkt\/bio-vitalkaffee-250g-hochland-arabica-mit-reishi-und-mandelpilz\/#breadcrumb\"},\"inLanguage\":\"pl-PL\",\"potentialAction\":[{\"@type\":\"ReadAction\",\"target\":[\"https:\/\/chi-statt-botox.com\/produkt\/bio-vitalkaffee-250g-hochland-arabica-mit-reishi-und-mandelpilz\/\"]}]},{\"@type\":\"ImageObject\",\"inLanguage\":\"pl-PL\",\"@id\":\"https:\/\/chi-statt-botox.com\/produkt\/bio-vitalkaffee-250g-hochland-arabica-mit-reishi-und-mandelpilz\/#primaryimage\",\"url\":\"https:\/\/chi-statt-botox.com\/wp-content\/uploads\/Unbenannt-1.jpg\",\"contentUrl\":\"https:\/\/chi-statt-botox.com\/wp-content\/uploads\/Unbenannt-1.jpg\",\"width\":720,\"height\":720},{\"@type\":\"BreadcrumbList\",\"@id\":\"https:\/\/chi-statt-botox.com\/produkt\/bio-vitalkaffee-250g-hochland-arabica-mit-reishi-und-mandelpilz\/#breadcrumb\",\"itemListElement\":[{\"@type\":\"ListItem\",\"position\":1,\"name\":\"Startseite\",\"item\":\"https:\/\/chi-statt-botox.com\/\"},{\"@type\":\"ListItem\",\"position\":2,\"name\":\"Produkte\",\"item\":\"https:\/\/chi-statt-botox.com\/shop\/\"},{\"@type\":\"ListItem\",\"position\":3,\"name\":\"Bio Vitalkaffee, 250g (mit Reishi und Mandelpilz)\"}]},{\"@type\":\"WebSite\",\"@id\":\"https:\/\/chi-statt-botox.com\/#website\",\"url\":\"https:\/\/chi-statt-botox.com\/\",\"name\":\"Chi statt Botox\",\"description\":\"Falten wegzaubern, Haut straffen\",\"potentialAction\":[{\"@type\":\"SearchAction\",\"target\":{\"@type\":\"EntryPoint\",\"urlTemplate\":\"https:\/\/chi-statt-botox.com\/?s={search_term_string}\"},\"query-input\":{\"@type\":\"PropertyValueSpecification\",\"valueRequired\":true,\"valueName\":\"search_term_string\"}}],\"inLanguage\":\"pl-PL\"}]}<\/script>\n<!-- \/ Yoast SEO plugin. -->","yoast_head_json":{"title":"Bio Vitalkaffee, 250g (mit Reishi und Mandelpilz) - Chi statt Botox","robots":{"index":"index","follow":"follow","max-snippet":"max-snippet:-1","max-image-preview":"max-image-preview:large","max-video-preview":"max-video-preview:-1"},"canonical":"https:\/\/chi-statt-botox.com\/pl\/produkt\/bio-vitalkaffee-250g-hochland-arabica-mit-reishi-und-mandelpilz\/","og_locale":"pl_PL","og_type":"article","og_title":"Bio Vitalkaffee, 250g (mit Reishi und Mandelpilz) - Chi statt Botox","og_description":"100% biologische Hochland Arabica Bohnen  Belebend durch Beimischung von 2 Vitalpilzen  Unterst\u00fctzt allgemeines Wohlbefinden  Basisch und s\u00e4urearm  Ideal bei Kaffeeunvertr\u00e4glichkeit  Ideal beim Basenfasten  Schonend ger\u00f6stet und verpackt in \u00d6sterreich (20 min bei 200\u00b0 - handels\u00fcblicher Kaffee wird 2 min bei 600\u00b0 ger\u00f6stet)  Niedriger Acrylamidgehalt nur 140 g\/kg  Vergleich handels\u00fcblicher Kaffee &amp; Vitalkaffee aus der Sicht der Traditionellen Chinesischen Medizin:  Kaffee ohne Heilpilze: gibt Spannung auf der Gallenblase, schw\u00e4cht die Nierenkraft, erzeugt Magenhitze  Vitalkaffee: schonender f\u00fcr das Herz-Kreislaufsystem, schont die Galle und den Magen (weil basischer als normaler Kaffee), gut vertr\u00e4glich - macht keine Hitze im Magen, auch bei Problemen wie Gastritis und Sodbrennen vertr\u00e4glicher","og_url":"https:\/\/chi-statt-botox.com\/pl\/produkt\/bio-vitalkaffee-250g-hochland-arabica-mit-reishi-und-mandelpilz\/","og_site_name":"Chi statt Botox","article_modified_time":"2026-04-14T16:31:00+00:00","og_image":[{"width":720,"height":720,"url":"https:\/\/chi-statt-botox.com\/wp-content\/uploads\/Unbenannt-1.jpg","type":"image\/jpeg"}],"twitter_card":"summary_large_image","twitter_misc":{"Szacowany czas czytania":"2 minuty"},"schema":{"@context":"https:\/\/schema.org","@graph":[{"@type":"WebPage","@id":"https:\/\/chi-statt-botox.com\/produkt\/bio-vitalkaffee-250g-hochland-arabica-mit-reishi-und-mandelpilz\/","url":"https:\/\/chi-statt-botox.com\/produkt\/bio-vitalkaffee-250g-hochland-arabica-mit-reishi-und-mandelpilz\/","name":"Bio Vitalkaffee, 250g (mit Reishi und Mandelpilz) - Chi statt Botox","isPartOf":{"@id":"https:\/\/chi-statt-botox.com\/#website"},"primaryImageOfPage":{"@id":"https:\/\/chi-statt-botox.com\/produkt\/bio-vitalkaffee-250g-hochland-arabica-mit-reishi-und-mandelpilz\/#primaryimage"},"image":{"@id":"https:\/\/chi-statt-botox.com\/produkt\/bio-vitalkaffee-250g-hochland-arabica-mit-reishi-und-mandelpilz\/#primaryimage"},"thumbnailUrl":"https:\/\/chi-statt-botox.com\/wp-content\/uploads\/Unbenannt-1.jpg","datePublished":"2020-11-24T13:40:44+00:00","dateModified":"2026-04-14T16:31:00+00:00","breadcrumb":{"@id":"https:\/\/chi-statt-botox.com\/produkt\/bio-vitalkaffee-250g-hochland-arabica-mit-reishi-und-mandelpilz\/#breadcrumb"},"inLanguage":"pl-PL","potentialAction":[{"@type":"ReadAction","target":["https:\/\/chi-statt-botox.com\/produkt\/bio-vitalkaffee-250g-hochland-arabica-mit-reishi-und-mandelpilz\/"]}]},{"@type":"ImageObject","inLanguage":"pl-PL","@id":"https:\/\/chi-statt-botox.com\/produkt\/bio-vitalkaffee-250g-hochland-arabica-mit-reishi-und-mandelpilz\/#primaryimage","url":"https:\/\/chi-statt-botox.com\/wp-content\/uploads\/Unbenannt-1.jpg","contentUrl":"https:\/\/chi-statt-botox.com\/wp-content\/uploads\/Unbenannt-1.jpg","width":720,"height":720},{"@type":"BreadcrumbList","@id":"https:\/\/chi-statt-botox.com\/produkt\/bio-vitalkaffee-250g-hochland-arabica-mit-reishi-und-mandelpilz\/#breadcrumb","itemListElement":[{"@type":"ListItem","position":1,"name":"Startseite","item":"https:\/\/chi-statt-botox.com\/"},{"@type":"ListItem","position":2,"name":"Produkte","item":"https:\/\/chi-statt-botox.com\/shop\/"},{"@type":"ListItem","position":3,"name":"Bio Vitalkaffee, 250g (mit Reishi und Mandelpilz)"}]},{"@type":"WebSite","@id":"https:\/\/chi-statt-botox.com\/#website","url":"https:\/\/chi-statt-botox.com\/","name":"Chi zamiast botoksu","description":"Usuwa zmarszczki, napina sk\u00f3r\u0119","potentialAction":[{"@type":"SearchAction","target":{"@type":"EntryPoint","urlTemplate":"https:\/\/chi-statt-botox.com\/?s={search_term_string}"},"query-input":{"@type":"PropertyValueSpecification","valueRequired":true,"valueName":"search_term_string"}}],"inLanguage":"pl-PL"}]}},"_links":{"self":[{"href":"https:\/\/chi-statt-botox.com\/pl\/wp-json\/wp\/v2\/product\/5213","targetHints":{"allow":["GET"]}}],"collection":[{"href":"https:\/\/chi-statt-botox.com\/pl\/wp-json\/wp\/v2\/product"}],"about":[{"href":"https:\/\/chi-statt-botox.com\/pl\/wp-json\/wp\/v2\/types\/product"}],"wp:featuredmedia":[{"embeddable":true,"href":"https:\/\/chi-statt-botox.com\/pl\/wp-json\/wp\/v2\/media\/5229"}],"wp:attachment":[{"href":"https:\/\/chi-statt-botox.com\/pl\/wp-json\/wp\/v2\/media?parent=5213"}],"wp:term":[{"taxonomy":"product_brand","embeddable":true,"href":"https:\/\/chi-statt-botox.com\/pl\/wp-json\/wp\/v2\/product_brand?post=5213"},{"taxonomy":"product_cat","embeddable":true,"href":"https:\/\/chi-statt-botox.com\/pl\/wp-json\/wp\/v2\/product_cat?post=5213"},{"taxonomy":"product_tag","embeddable":true,"href":"https:\/\/chi-statt-botox.com\/pl\/wp-json\/wp\/v2\/product_tag?post=5213"}],"curies":[{"name":"wp","href":"https:\/\/api.w.org\/{rel}","templated":true}]}}