{"id":6236,"date":"2021-01-26T14:38:54","date_gmt":"2021-01-26T13:38:54","guid":{"rendered":"https:\/\/chi-statt-botox.com\/?post_type=product&#038;p=6236"},"modified":"2025-12-10T09:52:40","modified_gmt":"2025-12-10T08:52:40","slug":"bio-kelp-365-kapseln","status":"publish","type":"product","link":"https:\/\/chi-statt-botox.com\/pl\/produkt\/bio-kelp-365-kapseln\/","title":{"rendered":"Organiczny Kelp 365 kapsu\u0142ek"},"content":{"rendered":"<p><strong>Algi brunatne BIO Kelp<\/strong> Kapsu\u0142ki zawieraj\u0105 <strong>195 \u00b5g naturalnego jodu<\/strong>. Zmniejsza to zalecan\u0105 dzienn\u0105 dawk\u0119 jodu. Zalecana dzienna dawka to 1 kapsu\u0142ka.  Kapsu\u0142ki s\u0105 dobrze tolerowane i maj\u0105 wysok\u0105 biodost\u0119pno\u015b\u0107 dzi\u0119ki naturalnemu z\u0142o\u017conemu sk\u0142adowi organicznego ekstraktu z wodorost\u00f3w.<\/p>\n<p>Wzbogacony o <strong>Organiczne w\u0142\u00f3kno akacjowe<\/strong>kt\u00f3re maj\u0105 pozytywny wp\u0142yw na <strong>Zdrowie jelit<\/strong> stymuluj\u0105c perystaltyk\u0119 jelit i poprawiaj\u0105c flor\u0119 jelitow\u0105.<\/p>\n<p>Jedno opakowanie wystarcza na <strong>1 rok<\/strong>.<\/p>\n<p><strong>Filmy zalecane dla produktu<\/strong> (wystarczy klikn\u0105\u0107):<br \/>\n<strong><a href=\"https:\/\/www.youtube.com\/watch?v=CmE63p6IsuY\" target=\"_blank\" rel=\"noopener\">\"4 najlepsze porady dotycz\u0105ce piersi (ka\u017cda kobieta powinna to wiedzie\u0107!)\"<\/a><br \/>\n<\/strong><a href=\"https:\/\/www.youtube.com\/watch?v=Qml6ej5NtNg&amp;t=403s\" target=\"_blank\" rel=\"noopener\"><strong>\"G\u0119ste, MOCNE w\u0142osy w ka\u017cdym wieku: 4 \u015bwietne wskaz\u00f3wki\"<\/strong><\/a><br \/>\n<strong><a href=\"https:\/\/www.youtube.com\/watch?v=uAgQHKpzwKQ\" target=\"_blank\" rel=\"noopener\">\"Wygl\u0105daj lepiej ze zdrow\u0105 tarczyc\u0105 (dotyczy to co drugiej kobiety)\"<\/a><\/strong><\/p>\n<p>Kapsu\u0142ki BIO kelp s\u0105 naturalnie wega\u0144skie, bezglutenowe i nie zawieraj\u0105 laktozy.<\/p>\n<p>NIE przyjmowa\u0107 w przypadku choroby Hashimoto lub nadczynno\u015bci tarczycy. W razie w\u0105tpliwo\u015bci nale\u017cy skonsultowa\u0107 si\u0119 z lekarzem.<\/p>\n<p><strong>WEGA\u0143SKIE I BEZ NIEPO\u017b\u0104DANYCH DODATK\u00d3W<br \/>\n<\/strong>Kapsu\u0142ki z br\u0105zowych alg BIO Kelp nie zawieraj\u0105 aromat\u00f3w, barwnik\u00f3w, stabilizator\u00f3w, konserwant\u00f3w ani \u015brodk\u00f3w przeciwzbrylaj\u0105cych, takich jak stearynian magnezu, i s\u0105 wolne od GMO, laktozy, glutenu i \u017celatyny. Ten produkt jest w 100 % wega\u0144ski.<\/p>\n<p><strong>SPIS TRE\u015aCI:\u00a0<\/strong>Organiczny proszek z wodorost\u00f3w, organiczny b\u0142onnik akacjowy, materia\u0142 kapsu\u0142ki: hydroksypropylometyloceluloza<\/p>\n<p><strong>Uwaga:<\/strong> Ten suplement diety nie zast\u0119puje zr\u00f3wnowa\u017conej i zr\u00f3\u017cnicowanej diety oraz zdrowego stylu \u017cycia. Przechowywa\u0107 w miejscu niedost\u0119pnym dla dzieci.<\/p>\n<p><strong>Przechowywanie:<\/strong> Zawsze przechowywa\u0107 w zamkni\u0119tym, ciemnym, ch\u0142odnym i suchym miejscu.<\/p>\n<p>MRS DYSTRYBUJCA SP\u00d3\u0141KA Z ORGANICZONA ODPOWIEDZIALNOSCIA \/ Prezydenta Lecha Kaczynskiego 20 \/ 80-365 Gdansk \/ Poland \/ office@nutrivelabs.com<\/p>","protected":false},"excerpt":{"rendered":"<ul>\n<li>Termin przydatno\u015bci do spo\u017cycia 06\/2026<\/li>\n<li>Pokrywa dzienne zapotrzebowanie na jod<\/li>\n<li>Wspomaga zdrowie tarczycy<\/li>\n<li>Poprawia zdrowie jelit<\/li>\n<li>Wysoka biodost\u0119pno\u015b\u0107<\/li>\n<li>Wega\u0144skie i naturalne<\/li>\n<li>Roczny pakiet materia\u0142\u00f3w eksploatacyjnych<\/li>\n<\/ul>\n<p>&nbsp;<\/p>","protected":false},"featured_media":28280,"template":"","meta":{"_acf_changed":false,"_et_pb_use_builder":"","_et_pb_old_content":"","_et_gb_content_width":""},"product_brand":[],"product_cat":[175],"product_tag":[],"class_list":{"0":"post-6236","1":"product","2":"type-product","3":"status-publish","4":"has-post-thumbnail","6":"product_cat-anti-aging-nems","8":"first","9":"outofstock","10":"sale","11":"taxable","12":"shipping-taxable","13":"purchasable","14":"product-type-simple"},"acf":[],"yoast_head":"<!-- This site is optimized with the Yoast SEO plugin v26.4 - https:\/\/yoast.com\/wordpress\/plugins\/seo\/ -->\n<title>Bio Kelp 365 Kapseln - Chi statt Botox<\/title>\n<meta name=\"robots\" content=\"index, follow, max-snippet:-1, max-image-preview:large, max-video-preview:-1\" \/>\n<link rel=\"canonical\" href=\"https:\/\/chi-statt-botox.com\/pl\/produkt\/bio-kelp-365-kapseln\/\" \/>\n<meta property=\"og:locale\" content=\"pl_PL\" \/>\n<meta property=\"og:type\" content=\"article\" \/>\n<meta property=\"og:title\" content=\"Bio Kelp 365 Kapseln - Chi statt Botox\" \/>\n<meta property=\"og:description\" content=\"Mindesthaltbarkeitsdatum 06\/2026  Deckt t\u00e4glichen Jodbedarf  F\u00f6rdert Schilddr\u00fcsengesundheit  Verbessert Darmgesundheit  Hohe Bioverf\u00fcgbarkeit  Vegan und naturbelassen  Jahresvorratspackung  &nbsp;\" \/>\n<meta property=\"og:url\" content=\"https:\/\/chi-statt-botox.com\/pl\/produkt\/bio-kelp-365-kapseln\/\" \/>\n<meta property=\"og:site_name\" content=\"Chi statt Botox\" \/>\n<meta property=\"article:modified_time\" content=\"2025-12-10T08:52:40+00:00\" \/>\n<meta property=\"og:image\" content=\"https:\/\/chi-statt-botox.com\/wp-content\/uploads\/1.jpg\" \/>\n\t<meta property=\"og:image:width\" content=\"1500\" \/>\n\t<meta property=\"og:image:height\" content=\"1500\" \/>\n\t<meta property=\"og:image:type\" content=\"image\/jpeg\" \/>\n<meta name=\"twitter:card\" content=\"summary_large_image\" \/>\n<meta name=\"twitter:label1\" content=\"Szacowany czas czytania\" \/>\n\t<meta name=\"twitter:data1\" content=\"2 minuty\" \/>\n<script type=\"application\/ld+json\" class=\"yoast-schema-graph\">{\"@context\":\"https:\/\/schema.org\",\"@graph\":[{\"@type\":\"WebPage\",\"@id\":\"https:\/\/chi-statt-botox.com\/produkt\/bio-kelp-365-kapseln\/\",\"url\":\"https:\/\/chi-statt-botox.com\/produkt\/bio-kelp-365-kapseln\/\",\"name\":\"Bio Kelp 365 Kapseln - Chi statt Botox\",\"isPartOf\":{\"@id\":\"https:\/\/chi-statt-botox.com\/#website\"},\"primaryImageOfPage\":{\"@id\":\"https:\/\/chi-statt-botox.com\/produkt\/bio-kelp-365-kapseln\/#primaryimage\"},\"image\":{\"@id\":\"https:\/\/chi-statt-botox.com\/produkt\/bio-kelp-365-kapseln\/#primaryimage\"},\"thumbnailUrl\":\"https:\/\/chi-statt-botox.com\/wp-content\/uploads\/1.jpg\",\"datePublished\":\"2021-01-26T13:38:54+00:00\",\"dateModified\":\"2025-12-10T08:52:40+00:00\",\"breadcrumb\":{\"@id\":\"https:\/\/chi-statt-botox.com\/produkt\/bio-kelp-365-kapseln\/#breadcrumb\"},\"inLanguage\":\"pl-PL\",\"potentialAction\":[{\"@type\":\"ReadAction\",\"target\":[\"https:\/\/chi-statt-botox.com\/produkt\/bio-kelp-365-kapseln\/\"]}]},{\"@type\":\"ImageObject\",\"inLanguage\":\"pl-PL\",\"@id\":\"https:\/\/chi-statt-botox.com\/produkt\/bio-kelp-365-kapseln\/#primaryimage\",\"url\":\"https:\/\/chi-statt-botox.com\/wp-content\/uploads\/1.jpg\",\"contentUrl\":\"https:\/\/chi-statt-botox.com\/wp-content\/uploads\/1.jpg\",\"width\":1500,\"height\":1500},{\"@type\":\"BreadcrumbList\",\"@id\":\"https:\/\/chi-statt-botox.com\/produkt\/bio-kelp-365-kapseln\/#breadcrumb\",\"itemListElement\":[{\"@type\":\"ListItem\",\"position\":1,\"name\":\"Startseite\",\"item\":\"https:\/\/chi-statt-botox.com\/\"},{\"@type\":\"ListItem\",\"position\":2,\"name\":\"Produkte\",\"item\":\"https:\/\/chi-statt-botox.com\/shop\/\"},{\"@type\":\"ListItem\",\"position\":3,\"name\":\"Bio Kelp 365 Kapseln\"}]},{\"@type\":\"WebSite\",\"@id\":\"https:\/\/chi-statt-botox.com\/#website\",\"url\":\"https:\/\/chi-statt-botox.com\/\",\"name\":\"Chi statt Botox\",\"description\":\"Falten wegzaubern, Haut straffen\",\"potentialAction\":[{\"@type\":\"SearchAction\",\"target\":{\"@type\":\"EntryPoint\",\"urlTemplate\":\"https:\/\/chi-statt-botox.com\/?s={search_term_string}\"},\"query-input\":{\"@type\":\"PropertyValueSpecification\",\"valueRequired\":true,\"valueName\":\"search_term_string\"}}],\"inLanguage\":\"pl-PL\"}]}<\/script>\n<!-- \/ Yoast SEO plugin. -->","yoast_head_json":{"title":"Bio Kelp 365 Kapseln - Chi statt Botox","robots":{"index":"index","follow":"follow","max-snippet":"max-snippet:-1","max-image-preview":"max-image-preview:large","max-video-preview":"max-video-preview:-1"},"canonical":"https:\/\/chi-statt-botox.com\/pl\/produkt\/bio-kelp-365-kapseln\/","og_locale":"pl_PL","og_type":"article","og_title":"Bio Kelp 365 Kapseln - Chi statt Botox","og_description":"Mindesthaltbarkeitsdatum 06\/2026  Deckt t\u00e4glichen Jodbedarf  F\u00f6rdert Schilddr\u00fcsengesundheit  Verbessert Darmgesundheit  Hohe Bioverf\u00fcgbarkeit  Vegan und naturbelassen  Jahresvorratspackung  &nbsp;","og_url":"https:\/\/chi-statt-botox.com\/pl\/produkt\/bio-kelp-365-kapseln\/","og_site_name":"Chi statt Botox","article_modified_time":"2025-12-10T08:52:40+00:00","og_image":[{"width":1500,"height":1500,"url":"https:\/\/chi-statt-botox.com\/wp-content\/uploads\/1.jpg","type":"image\/jpeg"}],"twitter_card":"summary_large_image","twitter_misc":{"Szacowany czas czytania":"2 minuty"},"schema":{"@context":"https:\/\/schema.org","@graph":[{"@type":"WebPage","@id":"https:\/\/chi-statt-botox.com\/produkt\/bio-kelp-365-kapseln\/","url":"https:\/\/chi-statt-botox.com\/produkt\/bio-kelp-365-kapseln\/","name":"Bio Kelp 365 Kapseln - Chi statt Botox","isPartOf":{"@id":"https:\/\/chi-statt-botox.com\/#website"},"primaryImageOfPage":{"@id":"https:\/\/chi-statt-botox.com\/produkt\/bio-kelp-365-kapseln\/#primaryimage"},"image":{"@id":"https:\/\/chi-statt-botox.com\/produkt\/bio-kelp-365-kapseln\/#primaryimage"},"thumbnailUrl":"https:\/\/chi-statt-botox.com\/wp-content\/uploads\/1.jpg","datePublished":"2021-01-26T13:38:54+00:00","dateModified":"2025-12-10T08:52:40+00:00","breadcrumb":{"@id":"https:\/\/chi-statt-botox.com\/produkt\/bio-kelp-365-kapseln\/#breadcrumb"},"inLanguage":"pl-PL","potentialAction":[{"@type":"ReadAction","target":["https:\/\/chi-statt-botox.com\/produkt\/bio-kelp-365-kapseln\/"]}]},{"@type":"ImageObject","inLanguage":"pl-PL","@id":"https:\/\/chi-statt-botox.com\/produkt\/bio-kelp-365-kapseln\/#primaryimage","url":"https:\/\/chi-statt-botox.com\/wp-content\/uploads\/1.jpg","contentUrl":"https:\/\/chi-statt-botox.com\/wp-content\/uploads\/1.jpg","width":1500,"height":1500},{"@type":"BreadcrumbList","@id":"https:\/\/chi-statt-botox.com\/produkt\/bio-kelp-365-kapseln\/#breadcrumb","itemListElement":[{"@type":"ListItem","position":1,"name":"Startseite","item":"https:\/\/chi-statt-botox.com\/"},{"@type":"ListItem","position":2,"name":"Produkte","item":"https:\/\/chi-statt-botox.com\/shop\/"},{"@type":"ListItem","position":3,"name":"Bio Kelp 365 Kapseln"}]},{"@type":"WebSite","@id":"https:\/\/chi-statt-botox.com\/#website","url":"https:\/\/chi-statt-botox.com\/","name":"Chi zamiast botoksu","description":"Usuwa zmarszczki, napina sk\u00f3r\u0119","potentialAction":[{"@type":"SearchAction","target":{"@type":"EntryPoint","urlTemplate":"https:\/\/chi-statt-botox.com\/?s={search_term_string}"},"query-input":{"@type":"PropertyValueSpecification","valueRequired":true,"valueName":"search_term_string"}}],"inLanguage":"pl-PL"}]}},"_links":{"self":[{"href":"https:\/\/chi-statt-botox.com\/pl\/wp-json\/wp\/v2\/product\/6236","targetHints":{"allow":["GET"]}}],"collection":[{"href":"https:\/\/chi-statt-botox.com\/pl\/wp-json\/wp\/v2\/product"}],"about":[{"href":"https:\/\/chi-statt-botox.com\/pl\/wp-json\/wp\/v2\/types\/product"}],"wp:featuredmedia":[{"embeddable":true,"href":"https:\/\/chi-statt-botox.com\/pl\/wp-json\/wp\/v2\/media\/28280"}],"wp:attachment":[{"href":"https:\/\/chi-statt-botox.com\/pl\/wp-json\/wp\/v2\/media?parent=6236"}],"wp:term":[{"taxonomy":"product_brand","embeddable":true,"href":"https:\/\/chi-statt-botox.com\/pl\/wp-json\/wp\/v2\/product_brand?post=6236"},{"taxonomy":"product_cat","embeddable":true,"href":"https:\/\/chi-statt-botox.com\/pl\/wp-json\/wp\/v2\/product_cat?post=6236"},{"taxonomy":"product_tag","embeddable":true,"href":"https:\/\/chi-statt-botox.com\/pl\/wp-json\/wp\/v2\/product_tag?post=6236"}],"curies":[{"name":"wp","href":"https:\/\/api.w.org\/{rel}","templated":true}]}}