{"id":7758,"date":"2021-02-25T13:33:07","date_gmt":"2021-02-25T12:33:07","guid":{"rendered":"https:\/\/chi-statt-botox.com\/?post_type=product&#038;p=7758"},"modified":"2026-05-04T09:46:22","modified_gmt":"2026-05-04T07:46:22","slug":"augencreme-999-happy-eyes-35ml","status":"publish","type":"product","link":"https:\/\/chi-statt-botox.com\/pl\/produkt\/augencreme-999-happy-eyes-35ml\/","title":{"rendered":"Krem pod oczy \"999 Happy Eyes\", 35ml"},"content":{"rendered":"<p>Wszystkie naturalne produkty Yogana stymuluj\u0105 chi, uniwersaln\u0105 energi\u0119 \u017cyciow\u0105. Ten naturalny i wega\u0144ski krem pod oczy 100% od\u017cywia i uj\u0119drnia wra\u017cliw\u0105 sk\u00f3r\u0119 wok\u00f3\u0142 oczu, nie obci\u0105\u017caj\u0105c jej. Bogate kremy pod oczy mog\u0105 przyczynia\u0107 si\u0119 do powstawania work\u00f3w pod oczami. Krem pod oczy Yogana ma odpowiedni\u0105 konsystencj\u0119, kt\u00f3ra od\u017cywia i uj\u0119drnia okolice oczu, nie obci\u0105\u017caj\u0105c ich.<br \/>\nZ perspektywy TCM worki pod oczami wskazuj\u0105 na s\u0142abe chi nerek, a m\u0119tne oczy wskazuj\u0105 na s\u0142abe chi w\u0105troby. Jasne, pi\u0119kne oczy s\u0105 zatem nie tylko wyrazem pi\u0119kna, ale tak\u017ce witalno\u015bci.<br \/>\nDrobne z\u0142oto zawarte w kremie pod oczy Yogana poprawia zar\u00f3wno chi w\u0105troby, jak i nerek poprzez swoje wibracje. Jagody Goji i lukrecja nale\u017c\u0105 do ro\u015blin legendarnego kr\u00f3lestwa Tangut, kt\u00f3rego kobiety by\u0142y znane z uderzaj\u0105co czaruj\u0105cych oczu i wspania\u0142ej sk\u00f3ry i by\u0142y wychwalane w wielu wierszach i pie\u015bniach.<br \/>\nRafinowane z\u0142oto jest znane od 600 r. p.n.e. jako najlepszy przewodnik bioenergetyczny i idealny \u015brodek r\u00f3wnowa\u017c\u0105cy energi\u0119 cia\u0142a (chi). Jest w stanie wzmocni\u0107 i zharmonizowa\u0107 w\u0142asne wibracje i si\u0142\u0119 \u017cyciow\u0105 jednostki.<\/p>\n<p>Sk\u0142adniki: Woda, olej z nasion jojoba (Simmondsia Chinensis), ekstrakt z jag\u00f3d goji (Lycium Barbarum), ekstrakt z korzenia lukrecji (Glycyrrhiza Glabra), ekstrakt z trawy tygrysiej (Centella Asiatica), bisabolol (przeciwzapalny, regeneruj\u0105cy sk\u00f3r\u0119 g\u0142\u00f3wny sk\u0142adnik prawdziwego olejku rumiankowego), \u017cel grzybowy (Sclerotium gum - stabilizuj\u0105cy emulsj\u0119), substancja utrzymuj\u0105ca wilgo\u0107 (glikozylo-trehaloza - ze skrobi), ro\u015blinny gliceryd kwas\u00f3w t\u0142uszczowych (kaprylan glicerolu), kwas hialuronowy (hialuronian sodu z dro\u017cd\u017cy), olejek lawendowy (Lavendula augustifolia), olejek z kwiat\u00f3w rumianku (Chamomilla recutita), olejek z kwiat\u00f3w r\u00f3\u017cy (Rosa damascena), najczystsze z\u0142oto pr\u00f3by 999.<\/p>\n<p>Sk\u0142adniki dodanych wysokiej jako\u015bci olejk\u00f3w eterycznych, kt\u00f3re nale\u017cy zadeklarowa\u0107 od progu 0,001% (w zale\u017cno\u015bci od zbioru): Citronellol, Hydroxycitronellal Geranial, Eugenol, Benzyl Benzoate, Citral<\/p>\n<p>YOGANO GesmbH \/ P.O. Box 99 \/ 1230 Wiede\u0144 \/ Austria \/ office@yogana.at<\/p>","protected":false},"excerpt":{"rendered":"<p>Wszystkie naturalne produkty Yogana stymuluj\u0105 chi, uniwersaln\u0105 energi\u0119 \u017cyciow\u0105. Ten naturalny i wega\u0144ski krem pod oczy 100% od\u017cywia i uj\u0119drnia wra\u017cliw\u0105 sk\u00f3r\u0119 wok\u00f3\u0142 oczu, nie obci\u0105\u017caj\u0105c jej. Bogate kremy pod oczy mog\u0105 przyczynia\u0107 si\u0119 do powstawania work\u00f3w pod oczami. Krem pod oczy Yogana ma odpowiedni\u0105 konsystencj\u0119, kt\u00f3ra od\u017cywia i uj\u0119drnia okolice oczu, nie obci\u0105\u017caj\u0105c ich.<\/p>","protected":false},"featured_media":29629,"template":"","meta":{"_acf_changed":false,"_et_pb_use_builder":"","_et_pb_old_content":"","_et_gb_content_width":""},"product_brand":[],"product_cat":[172],"product_tag":[],"class_list":{"0":"post-7758","1":"product","2":"type-product","3":"status-publish","4":"has-post-thumbnail","6":"product_cat-kosmetik","8":"first","9":"instock","10":"taxable","11":"shipping-taxable","12":"purchasable","13":"product-type-simple"},"acf":[],"yoast_head":"<!-- This site is optimized with the Yoast SEO plugin v26.4 - https:\/\/yoast.com\/wordpress\/plugins\/seo\/ -->\n<title>Augencreme &quot;999 Happy Eyes&quot;, 35ml - Chi statt Botox<\/title>\n<meta name=\"robots\" content=\"index, follow, max-snippet:-1, max-image-preview:large, max-video-preview:-1\" \/>\n<link rel=\"canonical\" href=\"https:\/\/chi-statt-botox.com\/pl\/produkt\/augencreme-999-happy-eyes-35ml\/\" \/>\n<meta property=\"og:locale\" content=\"pl_PL\" \/>\n<meta property=\"og:type\" content=\"article\" \/>\n<meta property=\"og:title\" content=\"Augencreme &quot;999 Happy Eyes&quot;, 35ml - Chi statt Botox\" \/>\n<meta property=\"og:description\" content=\"Alle Naturprodukte von Yogana stimulieren das Chi, die universelle Lebensenergie. Diese 100% nat\u00fcrliche und vegane Augencreme pflegt und festigt den empfindlichen Augenbereich, ohne ihn zu beschweren. Reichhaltige Augencremes k\u00f6nnen zum Entstehen von Tr\u00e4nens\u00e4cken beitragen. Die Yogana Augencreme hat genau die richtige Konsistenz, um die Augenumgebung zu pflegen und straffen, ohne sie zu belasten.\" \/>\n<meta property=\"og:url\" content=\"https:\/\/chi-statt-botox.com\/pl\/produkt\/augencreme-999-happy-eyes-35ml\/\" \/>\n<meta property=\"og:site_name\" content=\"Chi statt Botox\" \/>\n<meta property=\"article:modified_time\" content=\"2026-05-04T07:46:22+00:00\" \/>\n<meta property=\"og:image\" content=\"https:\/\/chi-statt-botox.com\/wp-content\/uploads\/web_999-happy-eyes.jpg\" \/>\n\t<meta property=\"og:image:width\" content=\"1920\" \/>\n\t<meta property=\"og:image:height\" content=\"1920\" \/>\n\t<meta property=\"og:image:type\" content=\"image\/jpeg\" \/>\n<meta name=\"twitter:card\" content=\"summary_large_image\" \/>\n<meta name=\"twitter:label1\" content=\"Szacowany czas czytania\" \/>\n\t<meta name=\"twitter:data1\" content=\"2 minuty\" \/>\n<script type=\"application\/ld+json\" class=\"yoast-schema-graph\">{\"@context\":\"https:\/\/schema.org\",\"@graph\":[{\"@type\":\"WebPage\",\"@id\":\"https:\/\/chi-statt-botox.com\/produkt\/augencreme-999-happy-eyes-35ml\/\",\"url\":\"https:\/\/chi-statt-botox.com\/produkt\/augencreme-999-happy-eyes-35ml\/\",\"name\":\"Augencreme \\\"999 Happy Eyes\\\", 35ml - Chi statt Botox\",\"isPartOf\":{\"@id\":\"https:\/\/chi-statt-botox.com\/#website\"},\"primaryImageOfPage\":{\"@id\":\"https:\/\/chi-statt-botox.com\/produkt\/augencreme-999-happy-eyes-35ml\/#primaryimage\"},\"image\":{\"@id\":\"https:\/\/chi-statt-botox.com\/produkt\/augencreme-999-happy-eyes-35ml\/#primaryimage\"},\"thumbnailUrl\":\"https:\/\/chi-statt-botox.com\/wp-content\/uploads\/web_999-happy-eyes.jpg\",\"datePublished\":\"2021-02-25T12:33:07+00:00\",\"dateModified\":\"2026-05-04T07:46:22+00:00\",\"breadcrumb\":{\"@id\":\"https:\/\/chi-statt-botox.com\/produkt\/augencreme-999-happy-eyes-35ml\/#breadcrumb\"},\"inLanguage\":\"pl-PL\",\"potentialAction\":[{\"@type\":\"ReadAction\",\"target\":[\"https:\/\/chi-statt-botox.com\/produkt\/augencreme-999-happy-eyes-35ml\/\"]}]},{\"@type\":\"ImageObject\",\"inLanguage\":\"pl-PL\",\"@id\":\"https:\/\/chi-statt-botox.com\/produkt\/augencreme-999-happy-eyes-35ml\/#primaryimage\",\"url\":\"https:\/\/chi-statt-botox.com\/wp-content\/uploads\/web_999-happy-eyes.jpg\",\"contentUrl\":\"https:\/\/chi-statt-botox.com\/wp-content\/uploads\/web_999-happy-eyes.jpg\",\"width\":1920,\"height\":1920},{\"@type\":\"BreadcrumbList\",\"@id\":\"https:\/\/chi-statt-botox.com\/produkt\/augencreme-999-happy-eyes-35ml\/#breadcrumb\",\"itemListElement\":[{\"@type\":\"ListItem\",\"position\":1,\"name\":\"Startseite\",\"item\":\"https:\/\/chi-statt-botox.com\/\"},{\"@type\":\"ListItem\",\"position\":2,\"name\":\"Produkte\",\"item\":\"https:\/\/chi-statt-botox.com\/shop\/\"},{\"@type\":\"ListItem\",\"position\":3,\"name\":\"Augencreme &#8222;999 Happy Eyes&#8220;, 35ml\"}]},{\"@type\":\"WebSite\",\"@id\":\"https:\/\/chi-statt-botox.com\/#website\",\"url\":\"https:\/\/chi-statt-botox.com\/\",\"name\":\"Chi statt Botox\",\"description\":\"Falten wegzaubern, Haut straffen\",\"potentialAction\":[{\"@type\":\"SearchAction\",\"target\":{\"@type\":\"EntryPoint\",\"urlTemplate\":\"https:\/\/chi-statt-botox.com\/?s={search_term_string}\"},\"query-input\":{\"@type\":\"PropertyValueSpecification\",\"valueRequired\":true,\"valueName\":\"search_term_string\"}}],\"inLanguage\":\"pl-PL\"}]}<\/script>\n<!-- \/ Yoast SEO plugin. -->","yoast_head_json":{"title":"Augencreme \"999 Happy Eyes\", 35ml - Chi statt Botox","robots":{"index":"index","follow":"follow","max-snippet":"max-snippet:-1","max-image-preview":"max-image-preview:large","max-video-preview":"max-video-preview:-1"},"canonical":"https:\/\/chi-statt-botox.com\/pl\/produkt\/augencreme-999-happy-eyes-35ml\/","og_locale":"pl_PL","og_type":"article","og_title":"Augencreme \"999 Happy Eyes\", 35ml - Chi statt Botox","og_description":"Alle Naturprodukte von Yogana stimulieren das Chi, die universelle Lebensenergie. Diese 100% nat\u00fcrliche und vegane Augencreme pflegt und festigt den empfindlichen Augenbereich, ohne ihn zu beschweren. Reichhaltige Augencremes k\u00f6nnen zum Entstehen von Tr\u00e4nens\u00e4cken beitragen. Die Yogana Augencreme hat genau die richtige Konsistenz, um die Augenumgebung zu pflegen und straffen, ohne sie zu belasten.","og_url":"https:\/\/chi-statt-botox.com\/pl\/produkt\/augencreme-999-happy-eyes-35ml\/","og_site_name":"Chi statt Botox","article_modified_time":"2026-05-04T07:46:22+00:00","og_image":[{"width":1920,"height":1920,"url":"https:\/\/chi-statt-botox.com\/wp-content\/uploads\/web_999-happy-eyes.jpg","type":"image\/jpeg"}],"twitter_card":"summary_large_image","twitter_misc":{"Szacowany czas czytania":"2 minuty"},"schema":{"@context":"https:\/\/schema.org","@graph":[{"@type":"WebPage","@id":"https:\/\/chi-statt-botox.com\/produkt\/augencreme-999-happy-eyes-35ml\/","url":"https:\/\/chi-statt-botox.com\/produkt\/augencreme-999-happy-eyes-35ml\/","name":"Augencreme \"999 Happy Eyes\", 35ml - Chi statt Botox","isPartOf":{"@id":"https:\/\/chi-statt-botox.com\/#website"},"primaryImageOfPage":{"@id":"https:\/\/chi-statt-botox.com\/produkt\/augencreme-999-happy-eyes-35ml\/#primaryimage"},"image":{"@id":"https:\/\/chi-statt-botox.com\/produkt\/augencreme-999-happy-eyes-35ml\/#primaryimage"},"thumbnailUrl":"https:\/\/chi-statt-botox.com\/wp-content\/uploads\/web_999-happy-eyes.jpg","datePublished":"2021-02-25T12:33:07+00:00","dateModified":"2026-05-04T07:46:22+00:00","breadcrumb":{"@id":"https:\/\/chi-statt-botox.com\/produkt\/augencreme-999-happy-eyes-35ml\/#breadcrumb"},"inLanguage":"pl-PL","potentialAction":[{"@type":"ReadAction","target":["https:\/\/chi-statt-botox.com\/produkt\/augencreme-999-happy-eyes-35ml\/"]}]},{"@type":"ImageObject","inLanguage":"pl-PL","@id":"https:\/\/chi-statt-botox.com\/produkt\/augencreme-999-happy-eyes-35ml\/#primaryimage","url":"https:\/\/chi-statt-botox.com\/wp-content\/uploads\/web_999-happy-eyes.jpg","contentUrl":"https:\/\/chi-statt-botox.com\/wp-content\/uploads\/web_999-happy-eyes.jpg","width":1920,"height":1920},{"@type":"BreadcrumbList","@id":"https:\/\/chi-statt-botox.com\/produkt\/augencreme-999-happy-eyes-35ml\/#breadcrumb","itemListElement":[{"@type":"ListItem","position":1,"name":"Startseite","item":"https:\/\/chi-statt-botox.com\/"},{"@type":"ListItem","position":2,"name":"Produkte","item":"https:\/\/chi-statt-botox.com\/shop\/"},{"@type":"ListItem","position":3,"name":"Augencreme &#8222;999 Happy Eyes&#8220;, 35ml"}]},{"@type":"WebSite","@id":"https:\/\/chi-statt-botox.com\/#website","url":"https:\/\/chi-statt-botox.com\/","name":"Chi zamiast botoksu","description":"Usuwa zmarszczki, napina sk\u00f3r\u0119","potentialAction":[{"@type":"SearchAction","target":{"@type":"EntryPoint","urlTemplate":"https:\/\/chi-statt-botox.com\/?s={search_term_string}"},"query-input":{"@type":"PropertyValueSpecification","valueRequired":true,"valueName":"search_term_string"}}],"inLanguage":"pl-PL"}]}},"_links":{"self":[{"href":"https:\/\/chi-statt-botox.com\/pl\/wp-json\/wp\/v2\/product\/7758","targetHints":{"allow":["GET"]}}],"collection":[{"href":"https:\/\/chi-statt-botox.com\/pl\/wp-json\/wp\/v2\/product"}],"about":[{"href":"https:\/\/chi-statt-botox.com\/pl\/wp-json\/wp\/v2\/types\/product"}],"wp:featuredmedia":[{"embeddable":true,"href":"https:\/\/chi-statt-botox.com\/pl\/wp-json\/wp\/v2\/media\/29629"}],"wp:attachment":[{"href":"https:\/\/chi-statt-botox.com\/pl\/wp-json\/wp\/v2\/media?parent=7758"}],"wp:term":[{"taxonomy":"product_brand","embeddable":true,"href":"https:\/\/chi-statt-botox.com\/pl\/wp-json\/wp\/v2\/product_brand?post=7758"},{"taxonomy":"product_cat","embeddable":true,"href":"https:\/\/chi-statt-botox.com\/pl\/wp-json\/wp\/v2\/product_cat?post=7758"},{"taxonomy":"product_tag","embeddable":true,"href":"https:\/\/chi-statt-botox.com\/pl\/wp-json\/wp\/v2\/product_tag?post=7758"}],"curies":[{"name":"wp","href":"https:\/\/api.w.org\/{rel}","templated":true}]}}