{"id":7761,"date":"2021-02-25T13:30:32","date_gmt":"2021-02-25T12:30:32","guid":{"rendered":"https:\/\/chi-statt-botox.com\/?post_type=product&#038;p=7761"},"modified":"2026-04-07T08:06:38","modified_gmt":"2026-04-07T06:06:38","slug":"kopfhaut-energetikum-999-cosmic-crown-100ml","status":"publish","type":"product","link":"https:\/\/chi-statt-botox.com\/pl\/produkt\/kopfhaut-energetikum-999-cosmic-crown-100ml\/","title":{"rendered":"Od\u017cywka energetyzuj\u0105ca do sk\u00f3ry g\u0142owy \"999 Cosmic Crown\", 100ml"},"content":{"rendered":"<p>Dla zadbanej sk\u00f3ry g\u0142owy: W\u0142osy zmielone energetycznie z\u0142otem pr\u00f3by 999, kadzid\u0142em i mirr\u0105 stymuluj\u0105 meridian woreczka \u017c\u00f3\u0142ciowego zgodnie ze staro\u017cytn\u0105 tradycj\u0105, co witalizuje ca\u0142e cia\u0142o od st\u00f3p do g\u0142\u00f3w i wzmacnia esencj\u0119 nerek. Stosowany r\u00f3wnie\u017c w przypadku wypadania w\u0142os\u00f3w, sw\u0119dz\u0105cej\/krwawi\u0105cej sk\u00f3ry g\u0142owy.<br \/>\nWed\u0142ug TCM wypadanie w\u0142os\u00f3w wynika z pustki esencji nerek i nadkwasoty sk\u00f3ry g\u0142owy. W wi\u0119kszo\u015bci przypadk\u00f3w niedob\u00f3r yin i chi nerek wyst\u0119puje w okresie menopauzy i po niej, co mo\u017ce prowadzi\u0107 do wypadania w\u0142os\u00f3w. 999 Cosmic Crown umo\u017cliwia utrzymanie otwartych kana\u0142\u00f3w, stymuluje przep\u0142yw energii i eliminuje stagnacj\u0119. Z\u0142oto pr\u00f3by 999 jest u\u017cywane do przywr\u00f3cenia r\u00f3wnowagi energetycznej i wynikaj\u0105cego z niej zastoju energii w meridianach - w tym przypadku w meridianie p\u0119cherzyka \u017c\u00f3\u0142ciowego.<br \/>\nWmasowa\u0107 w sk\u00f3r\u0119 g\u0142owy - po umyciu szamponem, ale tak\u017ce w suche w\u0142osy pomi\u0119dzy myciami.<\/p>\n<p><strong>Polecane wideo dla produktu<\/strong> (wystarczy klikn\u0105\u0107):<br \/>\n<a href=\"https:\/\/www.youtube.com\/watch?v=Qml6ej5NtNg&amp;t=403s\" target=\"_blank\" rel=\"noopener\"><strong>\"G\u0119ste, MOCNE w\u0142osy w ka\u017cdym wieku: 4 \u015bwietne wskaz\u00f3wki\"<\/strong><\/a><\/p>\n<p>Sk\u0142adniki: woda z r\u00f3\u017cy damasce\u0144skiej (Rosa Damascena), organiczny kwas hialuronowy (najwy\u017cszy czynnik nawil\u017caj\u0105cy), ekstrakt z korzenia \u017ce\u0144-szenia (Panax Ginseng), ekstrakt z korzenia lukrecji (Glycyrrhiza Glabra), olej z nasion jojoby (Simmondsia Chinensis), naturalna witamina E (tokoferol), olejek z mirry (Commiphora Myrrha), olejek z kadzid\u0142owca (Boswellia Carteri), najczystsze z\u0142oto pr\u00f3by 999. Witamina E (tokoferol), olejek z mirry (Commiphora Myrrha), olejek z kadzid\u0142owca (Boswellia Carteri), najczystsze z\u0142oto pr\u00f3by 999.<\/p>\n<p>Sk\u0142adniki dodanych wysokiej jako\u015bci olejk\u00f3w eterycznych, kt\u00f3re nale\u017cy zadeklarowa\u0107 od progu 0,001% (w zale\u017cno\u015bci od zbioru): Linalool, limonen, cytronellol, eugenol, benzoesan benzylu, cytral<\/p>\n<p>YOGANO GesmbH \/ P.O. Box 99 \/ 1230 Wiede\u0144 \/ Austria \/ office@yogana.at<\/p>","protected":false},"excerpt":{"rendered":"<p>Dla zadbanej sk\u00f3ry g\u0142owy: W\u0142osy zmielone energetycznie z\u0142otem pr\u00f3by 999, kadzid\u0142em i mirr\u0105 stymuluj\u0105 meridian woreczka \u017c\u00f3\u0142ciowego zgodnie ze staro\u017cytn\u0105 tradycj\u0105, co witalizuje ca\u0142e cia\u0142o od st\u00f3p do g\u0142\u00f3w i wzmacnia esencj\u0119 nerek. Stosowany r\u00f3wnie\u017c w przypadku wypadania w\u0142os\u00f3w, sw\u0119dz\u0105cej\/krwawi\u0105cej sk\u00f3ry g\u0142owy.<\/p>","protected":false},"featured_media":29632,"template":"","meta":{"_acf_changed":false,"_et_pb_use_builder":"","_et_pb_old_content":"","_et_gb_content_width":""},"product_brand":[],"product_cat":[172],"product_tag":[],"class_list":{"0":"post-7761","1":"product","2":"type-product","3":"status-publish","4":"has-post-thumbnail","6":"product_cat-kosmetik","8":"first","9":"instock","10":"taxable","11":"shipping-taxable","12":"purchasable","13":"product-type-simple"},"acf":[],"yoast_head":"<!-- This site is optimized with the Yoast SEO plugin v26.4 - https:\/\/yoast.com\/wordpress\/plugins\/seo\/ -->\n<title>Kopfhaut-Energetikum &quot;999 Cosmic Crown&quot;, 100ml - Chi statt Botox<\/title>\n<meta name=\"robots\" content=\"index, follow, max-snippet:-1, max-image-preview:large, max-video-preview:-1\" \/>\n<link rel=\"canonical\" href=\"https:\/\/chi-statt-botox.com\/pl\/produkt\/kopfhaut-energetikum-999-cosmic-crown-100ml\/\" \/>\n<meta property=\"og:locale\" content=\"pl_PL\" \/>\n<meta property=\"og:type\" content=\"article\" \/>\n<meta property=\"og:title\" content=\"Kopfhaut-Energetikum &quot;999 Cosmic Crown&quot;, 100ml - Chi statt Botox\" \/>\n<meta property=\"og:description\" content=\"F\u00fcr eine gepflegte Kopfhaut: Haarboden-Energetikum mit 999 Feingold, Weihrauch und Myrrhe stimuliert nach alter Tradition den Gallenblasenmeridian, der den ganzen K\u00f6rper von Kopf bis Fu\u00df vitalisiert und st\u00e4rkt die Nierenessenz. Anwendung auch bei Haarausfall, juckender\/blutender Kopfhaut.\" \/>\n<meta property=\"og:url\" content=\"https:\/\/chi-statt-botox.com\/pl\/produkt\/kopfhaut-energetikum-999-cosmic-crown-100ml\/\" \/>\n<meta property=\"og:site_name\" content=\"Chi statt Botox\" \/>\n<meta property=\"article:modified_time\" content=\"2026-04-07T06:06:38+00:00\" \/>\n<meta property=\"og:image\" content=\"https:\/\/chi-statt-botox.com\/wp-content\/uploads\/web_999-cosmic-crown.jpg\" \/>\n\t<meta property=\"og:image:width\" content=\"1920\" \/>\n\t<meta property=\"og:image:height\" content=\"1920\" \/>\n\t<meta property=\"og:image:type\" content=\"image\/jpeg\" \/>\n<meta name=\"twitter:card\" content=\"summary_large_image\" \/>\n<meta name=\"twitter:label1\" content=\"Szacowany czas czytania\" \/>\n\t<meta name=\"twitter:data1\" content=\"2 minuty\" \/>\n<script type=\"application\/ld+json\" class=\"yoast-schema-graph\">{\"@context\":\"https:\/\/schema.org\",\"@graph\":[{\"@type\":\"WebPage\",\"@id\":\"https:\/\/chi-statt-botox.com\/produkt\/kopfhaut-energetikum-999-cosmic-crown-100ml\/\",\"url\":\"https:\/\/chi-statt-botox.com\/produkt\/kopfhaut-energetikum-999-cosmic-crown-100ml\/\",\"name\":\"Kopfhaut-Energetikum \\\"999 Cosmic Crown\\\", 100ml - Chi statt Botox\",\"isPartOf\":{\"@id\":\"https:\/\/chi-statt-botox.com\/#website\"},\"primaryImageOfPage\":{\"@id\":\"https:\/\/chi-statt-botox.com\/produkt\/kopfhaut-energetikum-999-cosmic-crown-100ml\/#primaryimage\"},\"image\":{\"@id\":\"https:\/\/chi-statt-botox.com\/produkt\/kopfhaut-energetikum-999-cosmic-crown-100ml\/#primaryimage\"},\"thumbnailUrl\":\"https:\/\/chi-statt-botox.com\/wp-content\/uploads\/web_999-cosmic-crown.jpg\",\"datePublished\":\"2021-02-25T12:30:32+00:00\",\"dateModified\":\"2026-04-07T06:06:38+00:00\",\"breadcrumb\":{\"@id\":\"https:\/\/chi-statt-botox.com\/produkt\/kopfhaut-energetikum-999-cosmic-crown-100ml\/#breadcrumb\"},\"inLanguage\":\"pl-PL\",\"potentialAction\":[{\"@type\":\"ReadAction\",\"target\":[\"https:\/\/chi-statt-botox.com\/produkt\/kopfhaut-energetikum-999-cosmic-crown-100ml\/\"]}]},{\"@type\":\"ImageObject\",\"inLanguage\":\"pl-PL\",\"@id\":\"https:\/\/chi-statt-botox.com\/produkt\/kopfhaut-energetikum-999-cosmic-crown-100ml\/#primaryimage\",\"url\":\"https:\/\/chi-statt-botox.com\/wp-content\/uploads\/web_999-cosmic-crown.jpg\",\"contentUrl\":\"https:\/\/chi-statt-botox.com\/wp-content\/uploads\/web_999-cosmic-crown.jpg\",\"width\":1920,\"height\":1920},{\"@type\":\"BreadcrumbList\",\"@id\":\"https:\/\/chi-statt-botox.com\/produkt\/kopfhaut-energetikum-999-cosmic-crown-100ml\/#breadcrumb\",\"itemListElement\":[{\"@type\":\"ListItem\",\"position\":1,\"name\":\"Startseite\",\"item\":\"https:\/\/chi-statt-botox.com\/\"},{\"@type\":\"ListItem\",\"position\":2,\"name\":\"Produkte\",\"item\":\"https:\/\/chi-statt-botox.com\/shop\/\"},{\"@type\":\"ListItem\",\"position\":3,\"name\":\"Kopfhaut-Energetikum &#8222;999 Cosmic Crown&#8220;, 100ml\"}]},{\"@type\":\"WebSite\",\"@id\":\"https:\/\/chi-statt-botox.com\/#website\",\"url\":\"https:\/\/chi-statt-botox.com\/\",\"name\":\"Chi statt Botox\",\"description\":\"Falten wegzaubern, Haut straffen\",\"potentialAction\":[{\"@type\":\"SearchAction\",\"target\":{\"@type\":\"EntryPoint\",\"urlTemplate\":\"https:\/\/chi-statt-botox.com\/?s={search_term_string}\"},\"query-input\":{\"@type\":\"PropertyValueSpecification\",\"valueRequired\":true,\"valueName\":\"search_term_string\"}}],\"inLanguage\":\"pl-PL\"}]}<\/script>\n<!-- \/ Yoast SEO plugin. -->","yoast_head_json":{"title":"Kopfhaut-Energetikum \"999 Cosmic Crown\", 100ml - Chi statt Botox","robots":{"index":"index","follow":"follow","max-snippet":"max-snippet:-1","max-image-preview":"max-image-preview:large","max-video-preview":"max-video-preview:-1"},"canonical":"https:\/\/chi-statt-botox.com\/pl\/produkt\/kopfhaut-energetikum-999-cosmic-crown-100ml\/","og_locale":"pl_PL","og_type":"article","og_title":"Kopfhaut-Energetikum \"999 Cosmic Crown\", 100ml - Chi statt Botox","og_description":"F\u00fcr eine gepflegte Kopfhaut: Haarboden-Energetikum mit 999 Feingold, Weihrauch und Myrrhe stimuliert nach alter Tradition den Gallenblasenmeridian, der den ganzen K\u00f6rper von Kopf bis Fu\u00df vitalisiert und st\u00e4rkt die Nierenessenz. Anwendung auch bei Haarausfall, juckender\/blutender Kopfhaut.","og_url":"https:\/\/chi-statt-botox.com\/pl\/produkt\/kopfhaut-energetikum-999-cosmic-crown-100ml\/","og_site_name":"Chi statt Botox","article_modified_time":"2026-04-07T06:06:38+00:00","og_image":[{"width":1920,"height":1920,"url":"https:\/\/chi-statt-botox.com\/wp-content\/uploads\/web_999-cosmic-crown.jpg","type":"image\/jpeg"}],"twitter_card":"summary_large_image","twitter_misc":{"Szacowany czas czytania":"2 minuty"},"schema":{"@context":"https:\/\/schema.org","@graph":[{"@type":"WebPage","@id":"https:\/\/chi-statt-botox.com\/produkt\/kopfhaut-energetikum-999-cosmic-crown-100ml\/","url":"https:\/\/chi-statt-botox.com\/produkt\/kopfhaut-energetikum-999-cosmic-crown-100ml\/","name":"Kopfhaut-Energetikum \"999 Cosmic Crown\", 100ml - Chi statt Botox","isPartOf":{"@id":"https:\/\/chi-statt-botox.com\/#website"},"primaryImageOfPage":{"@id":"https:\/\/chi-statt-botox.com\/produkt\/kopfhaut-energetikum-999-cosmic-crown-100ml\/#primaryimage"},"image":{"@id":"https:\/\/chi-statt-botox.com\/produkt\/kopfhaut-energetikum-999-cosmic-crown-100ml\/#primaryimage"},"thumbnailUrl":"https:\/\/chi-statt-botox.com\/wp-content\/uploads\/web_999-cosmic-crown.jpg","datePublished":"2021-02-25T12:30:32+00:00","dateModified":"2026-04-07T06:06:38+00:00","breadcrumb":{"@id":"https:\/\/chi-statt-botox.com\/produkt\/kopfhaut-energetikum-999-cosmic-crown-100ml\/#breadcrumb"},"inLanguage":"pl-PL","potentialAction":[{"@type":"ReadAction","target":["https:\/\/chi-statt-botox.com\/produkt\/kopfhaut-energetikum-999-cosmic-crown-100ml\/"]}]},{"@type":"ImageObject","inLanguage":"pl-PL","@id":"https:\/\/chi-statt-botox.com\/produkt\/kopfhaut-energetikum-999-cosmic-crown-100ml\/#primaryimage","url":"https:\/\/chi-statt-botox.com\/wp-content\/uploads\/web_999-cosmic-crown.jpg","contentUrl":"https:\/\/chi-statt-botox.com\/wp-content\/uploads\/web_999-cosmic-crown.jpg","width":1920,"height":1920},{"@type":"BreadcrumbList","@id":"https:\/\/chi-statt-botox.com\/produkt\/kopfhaut-energetikum-999-cosmic-crown-100ml\/#breadcrumb","itemListElement":[{"@type":"ListItem","position":1,"name":"Startseite","item":"https:\/\/chi-statt-botox.com\/"},{"@type":"ListItem","position":2,"name":"Produkte","item":"https:\/\/chi-statt-botox.com\/shop\/"},{"@type":"ListItem","position":3,"name":"Kopfhaut-Energetikum &#8222;999 Cosmic Crown&#8220;, 100ml"}]},{"@type":"WebSite","@id":"https:\/\/chi-statt-botox.com\/#website","url":"https:\/\/chi-statt-botox.com\/","name":"Chi zamiast botoksu","description":"Usuwa zmarszczki, napina sk\u00f3r\u0119","potentialAction":[{"@type":"SearchAction","target":{"@type":"EntryPoint","urlTemplate":"https:\/\/chi-statt-botox.com\/?s={search_term_string}"},"query-input":{"@type":"PropertyValueSpecification","valueRequired":true,"valueName":"search_term_string"}}],"inLanguage":"pl-PL"}]}},"_links":{"self":[{"href":"https:\/\/chi-statt-botox.com\/pl\/wp-json\/wp\/v2\/product\/7761","targetHints":{"allow":["GET"]}}],"collection":[{"href":"https:\/\/chi-statt-botox.com\/pl\/wp-json\/wp\/v2\/product"}],"about":[{"href":"https:\/\/chi-statt-botox.com\/pl\/wp-json\/wp\/v2\/types\/product"}],"wp:featuredmedia":[{"embeddable":true,"href":"https:\/\/chi-statt-botox.com\/pl\/wp-json\/wp\/v2\/media\/29632"}],"wp:attachment":[{"href":"https:\/\/chi-statt-botox.com\/pl\/wp-json\/wp\/v2\/media?parent=7761"}],"wp:term":[{"taxonomy":"product_brand","embeddable":true,"href":"https:\/\/chi-statt-botox.com\/pl\/wp-json\/wp\/v2\/product_brand?post=7761"},{"taxonomy":"product_cat","embeddable":true,"href":"https:\/\/chi-statt-botox.com\/pl\/wp-json\/wp\/v2\/product_cat?post=7761"},{"taxonomy":"product_tag","embeddable":true,"href":"https:\/\/chi-statt-botox.com\/pl\/wp-json\/wp\/v2\/product_tag?post=7761"}],"curies":[{"name":"wp","href":"https:\/\/api.w.org\/{rel}","templated":true}]}}