{"id":7762,"date":"2021-02-25T13:36:57","date_gmt":"2021-02-25T12:36:57","guid":{"rendered":"https:\/\/chi-statt-botox.com\/?post_type=product&#038;p=7762"},"modified":"2026-05-03T08:28:53","modified_gmt":"2026-05-03T06:28:53","slug":"skin-genie-999-balsam-mit-feingold-35ml","status":"publish","type":"product","link":"https:\/\/chi-statt-botox.com\/pl\/produkt\/skin-genie-999-balsam-mit-feingold-35ml\/","title":{"rendered":"Skin Genie - balsam 999 z drobnym z\u0142otem, 35ml"},"content":{"rendered":"<p>Ten leczniczy balsam aktywuje zdolno\u015bci samoleczenia stan\u00f3w zapalnych, b\u00f3lu, problem\u00f3w sk\u00f3rnych i uraz\u00f3w. Mo\u017ce by\u0107 stosowany na wiele sposob\u00f3w: na b\u00f3le g\u0142owy\/migreny, tr\u0105dzik, tr\u0105dzik r\u00f3\u017cowaty, tr\u0105dzik pospolity, b\u00f3le staw\u00f3w i mi\u0119\u015bni, urazy (siniaki, st\u0142uczenia, skr\u0119cenia, krwiaki itp.), stany zapalne, (otwarte) rany, oparzenia, egzem\u0119 i podra\u017cnienia sk\u00f3ry, sw\u0119dzenie, uk\u0105szenia ps\u00f3w, uk\u0105szenia owad\u00f3w, blokady energetyczne i s\u0142abo\u015bci energetyczne. Po na\u0142o\u017ceniu na obszar nerek, balsam wzmacnia energi\u0119 \u017cyciow\u0105 nerek. Wmasowany w zewn\u0119trzne kraw\u0119dzie ucha, Skin Genie wzmacnia energi\u0119 \u017cyciow\u0105 jako ca\u0142o\u015b\u0107.<\/p>\n<p>Sk\u0142adniki: woda z r\u00f3\u017cy damasce\u0144skiej (Rosa Damascena), organiczny kwas hialuronowy (doskona\u0142y czynnik nawil\u017caj\u0105cy), ekstrakt z korzenia lukrecji, olej ze s\u0142odkich migda\u0142\u00f3w (Prunus Amygdalus Dulcis), olej z nasion jojoby (Simmondsia Chinensis), naturalna witamina E, olejek z mirry (Commiphora Myrrha), olejek z kadzid\u0142owca (Boswellia Carteri), najczystsze z\u0142oto pr\u00f3by 999.<\/p>\n<p>Sk\u0142adniki dodanych wysokiej jako\u015bci olejk\u00f3w eterycznych, kt\u00f3re nale\u017cy zadeklarowa\u0107 od progu 0,001% (w zale\u017cno\u015bci od zbioru): Linalool, Cinnamal, Limonene, Citronellol, Geraniol, Geranial, Eugenol, Benzyl Benzoate, Citral<\/p>\n<p>YOGANO GesmbH \/ P.O. Box 99 \/ 1230 Wiede\u0144 \/ Austria \/ office@yogana.at<\/p>","protected":false},"excerpt":{"rendered":"<p>Ten leczniczy balsam aktywuje zdolno\u015bci samoleczenia stan\u00f3w zapalnych, b\u00f3lu, problem\u00f3w sk\u00f3rnych i uraz\u00f3w. Mo\u017ce by\u0107 stosowany na wiele sposob\u00f3w: na b\u00f3le g\u0142owy\/migreny, tr\u0105dzik, tr\u0105dzik r\u00f3\u017cowaty, tr\u0105dzik pospolity, b\u00f3le staw\u00f3w i mi\u0119\u015bni, urazy (siniaki, st\u0142uczenia, skr\u0119cenia, krwiaki itp.), stany zapalne, (otwarte) rany, oparzenia, egzem\u0119 i podra\u017cnienia sk\u00f3ry, sw\u0119dzenie, uk\u0105szenia ps\u00f3w, uk\u0105szenia owad\u00f3w, blokady energetyczne i s\u0142abo\u015bci energetyczne.<\/p>","protected":false},"featured_media":29631,"template":"","meta":{"_acf_changed":false,"_et_pb_use_builder":"","_et_pb_old_content":"","_et_gb_content_width":""},"product_brand":[],"product_cat":[172],"product_tag":[],"class_list":{"0":"post-7762","1":"product","2":"type-product","3":"status-publish","4":"has-post-thumbnail","6":"product_cat-kosmetik","8":"first","9":"instock","10":"taxable","11":"shipping-taxable","12":"purchasable","13":"product-type-simple"},"acf":[],"yoast_head":"<!-- This site is optimized with the Yoast SEO plugin v26.4 - https:\/\/yoast.com\/wordpress\/plugins\/seo\/ -->\n<title>Skin Genie - 999 Balsam mit Feingold, 35ml - Chi statt Botox<\/title>\n<meta name=\"robots\" content=\"index, follow, max-snippet:-1, max-image-preview:large, max-video-preview:-1\" \/>\n<link rel=\"canonical\" href=\"https:\/\/chi-statt-botox.com\/pl\/produkt\/skin-genie-999-balsam-mit-feingold-35ml\/\" \/>\n<meta property=\"og:locale\" content=\"pl_PL\" \/>\n<meta property=\"og:type\" content=\"article\" \/>\n<meta property=\"og:title\" content=\"Skin Genie - 999 Balsam mit Feingold, 35ml - Chi statt Botox\" \/>\n<meta property=\"og:description\" content=\"Dieser Heilbalsam aktiviert die Selbstheilungskr\u00e4fte bei Entz\u00fcndungen, Schmerzen, Hautprobleme &amp; Verletzungen. Es gibt vielf\u00e4ltige Einsatzm\u00f6glichkeiten: bei Kopfschmerzen\/Migr\u00e4ne, Akne, Rosacea, Couperose, Gelenks- und Muskelschmerzen, Verletzungen (Prellungen, Quetschungen, Verstauchungen, Bluterg\u00fcsse etc.) Entz\u00fcndungen, (offenen) Wunden, Brandwunden, Ekzemen und Hautirritationen, Juckreiz, Hundebissen, Insektenstichen bis hin zu Energieblockaden und Energieschw\u00e4chen.\" \/>\n<meta property=\"og:url\" content=\"https:\/\/chi-statt-botox.com\/pl\/produkt\/skin-genie-999-balsam-mit-feingold-35ml\/\" \/>\n<meta property=\"og:site_name\" content=\"Chi statt Botox\" \/>\n<meta property=\"article:modified_time\" content=\"2026-05-03T06:28:53+00:00\" \/>\n<meta property=\"og:image\" content=\"https:\/\/chi-statt-botox.com\/wp-content\/uploads\/web_999-skin-genie.jpg\" \/>\n\t<meta property=\"og:image:width\" content=\"1920\" \/>\n\t<meta property=\"og:image:height\" content=\"1920\" \/>\n\t<meta property=\"og:image:type\" content=\"image\/jpeg\" \/>\n<meta name=\"twitter:card\" content=\"summary_large_image\" \/>\n<meta name=\"twitter:label1\" content=\"Szacowany czas czytania\" \/>\n\t<meta name=\"twitter:data1\" content=\"1 minuta\" \/>\n<script type=\"application\/ld+json\" class=\"yoast-schema-graph\">{\"@context\":\"https:\/\/schema.org\",\"@graph\":[{\"@type\":\"WebPage\",\"@id\":\"https:\/\/chi-statt-botox.com\/produkt\/skin-genie-999-balsam-mit-feingold-35ml\/\",\"url\":\"https:\/\/chi-statt-botox.com\/produkt\/skin-genie-999-balsam-mit-feingold-35ml\/\",\"name\":\"Skin Genie - 999 Balsam mit Feingold, 35ml - Chi statt Botox\",\"isPartOf\":{\"@id\":\"https:\/\/chi-statt-botox.com\/#website\"},\"primaryImageOfPage\":{\"@id\":\"https:\/\/chi-statt-botox.com\/produkt\/skin-genie-999-balsam-mit-feingold-35ml\/#primaryimage\"},\"image\":{\"@id\":\"https:\/\/chi-statt-botox.com\/produkt\/skin-genie-999-balsam-mit-feingold-35ml\/#primaryimage\"},\"thumbnailUrl\":\"https:\/\/chi-statt-botox.com\/wp-content\/uploads\/web_999-skin-genie.jpg\",\"datePublished\":\"2021-02-25T12:36:57+00:00\",\"dateModified\":\"2026-05-03T06:28:53+00:00\",\"breadcrumb\":{\"@id\":\"https:\/\/chi-statt-botox.com\/produkt\/skin-genie-999-balsam-mit-feingold-35ml\/#breadcrumb\"},\"inLanguage\":\"pl-PL\",\"potentialAction\":[{\"@type\":\"ReadAction\",\"target\":[\"https:\/\/chi-statt-botox.com\/produkt\/skin-genie-999-balsam-mit-feingold-35ml\/\"]}]},{\"@type\":\"ImageObject\",\"inLanguage\":\"pl-PL\",\"@id\":\"https:\/\/chi-statt-botox.com\/produkt\/skin-genie-999-balsam-mit-feingold-35ml\/#primaryimage\",\"url\":\"https:\/\/chi-statt-botox.com\/wp-content\/uploads\/web_999-skin-genie.jpg\",\"contentUrl\":\"https:\/\/chi-statt-botox.com\/wp-content\/uploads\/web_999-skin-genie.jpg\",\"width\":1920,\"height\":1920},{\"@type\":\"BreadcrumbList\",\"@id\":\"https:\/\/chi-statt-botox.com\/produkt\/skin-genie-999-balsam-mit-feingold-35ml\/#breadcrumb\",\"itemListElement\":[{\"@type\":\"ListItem\",\"position\":1,\"name\":\"Startseite\",\"item\":\"https:\/\/chi-statt-botox.com\/\"},{\"@type\":\"ListItem\",\"position\":2,\"name\":\"Produkte\",\"item\":\"https:\/\/chi-statt-botox.com\/shop\/\"},{\"@type\":\"ListItem\",\"position\":3,\"name\":\"Skin Genie &#8211; 999 Balsam mit Feingold, 35ml\"}]},{\"@type\":\"WebSite\",\"@id\":\"https:\/\/chi-statt-botox.com\/#website\",\"url\":\"https:\/\/chi-statt-botox.com\/\",\"name\":\"Chi statt Botox\",\"description\":\"Falten wegzaubern, Haut straffen\",\"potentialAction\":[{\"@type\":\"SearchAction\",\"target\":{\"@type\":\"EntryPoint\",\"urlTemplate\":\"https:\/\/chi-statt-botox.com\/?s={search_term_string}\"},\"query-input\":{\"@type\":\"PropertyValueSpecification\",\"valueRequired\":true,\"valueName\":\"search_term_string\"}}],\"inLanguage\":\"pl-PL\"}]}<\/script>\n<!-- \/ Yoast SEO plugin. -->","yoast_head_json":{"title":"Skin Genie - 999 Balsam mit Feingold, 35ml - Chi statt Botox","robots":{"index":"index","follow":"follow","max-snippet":"max-snippet:-1","max-image-preview":"max-image-preview:large","max-video-preview":"max-video-preview:-1"},"canonical":"https:\/\/chi-statt-botox.com\/pl\/produkt\/skin-genie-999-balsam-mit-feingold-35ml\/","og_locale":"pl_PL","og_type":"article","og_title":"Skin Genie - 999 Balsam mit Feingold, 35ml - Chi statt Botox","og_description":"Dieser Heilbalsam aktiviert die Selbstheilungskr\u00e4fte bei Entz\u00fcndungen, Schmerzen, Hautprobleme &amp; Verletzungen. Es gibt vielf\u00e4ltige Einsatzm\u00f6glichkeiten: bei Kopfschmerzen\/Migr\u00e4ne, Akne, Rosacea, Couperose, Gelenks- und Muskelschmerzen, Verletzungen (Prellungen, Quetschungen, Verstauchungen, Bluterg\u00fcsse etc.) Entz\u00fcndungen, (offenen) Wunden, Brandwunden, Ekzemen und Hautirritationen, Juckreiz, Hundebissen, Insektenstichen bis hin zu Energieblockaden und Energieschw\u00e4chen.","og_url":"https:\/\/chi-statt-botox.com\/pl\/produkt\/skin-genie-999-balsam-mit-feingold-35ml\/","og_site_name":"Chi statt Botox","article_modified_time":"2026-05-03T06:28:53+00:00","og_image":[{"width":1920,"height":1920,"url":"https:\/\/chi-statt-botox.com\/wp-content\/uploads\/web_999-skin-genie.jpg","type":"image\/jpeg"}],"twitter_card":"summary_large_image","twitter_misc":{"Szacowany czas czytania":"1 minuta"},"schema":{"@context":"https:\/\/schema.org","@graph":[{"@type":"WebPage","@id":"https:\/\/chi-statt-botox.com\/produkt\/skin-genie-999-balsam-mit-feingold-35ml\/","url":"https:\/\/chi-statt-botox.com\/produkt\/skin-genie-999-balsam-mit-feingold-35ml\/","name":"Skin Genie - 999 Balsam mit Feingold, 35ml - Chi statt Botox","isPartOf":{"@id":"https:\/\/chi-statt-botox.com\/#website"},"primaryImageOfPage":{"@id":"https:\/\/chi-statt-botox.com\/produkt\/skin-genie-999-balsam-mit-feingold-35ml\/#primaryimage"},"image":{"@id":"https:\/\/chi-statt-botox.com\/produkt\/skin-genie-999-balsam-mit-feingold-35ml\/#primaryimage"},"thumbnailUrl":"https:\/\/chi-statt-botox.com\/wp-content\/uploads\/web_999-skin-genie.jpg","datePublished":"2021-02-25T12:36:57+00:00","dateModified":"2026-05-03T06:28:53+00:00","breadcrumb":{"@id":"https:\/\/chi-statt-botox.com\/produkt\/skin-genie-999-balsam-mit-feingold-35ml\/#breadcrumb"},"inLanguage":"pl-PL","potentialAction":[{"@type":"ReadAction","target":["https:\/\/chi-statt-botox.com\/produkt\/skin-genie-999-balsam-mit-feingold-35ml\/"]}]},{"@type":"ImageObject","inLanguage":"pl-PL","@id":"https:\/\/chi-statt-botox.com\/produkt\/skin-genie-999-balsam-mit-feingold-35ml\/#primaryimage","url":"https:\/\/chi-statt-botox.com\/wp-content\/uploads\/web_999-skin-genie.jpg","contentUrl":"https:\/\/chi-statt-botox.com\/wp-content\/uploads\/web_999-skin-genie.jpg","width":1920,"height":1920},{"@type":"BreadcrumbList","@id":"https:\/\/chi-statt-botox.com\/produkt\/skin-genie-999-balsam-mit-feingold-35ml\/#breadcrumb","itemListElement":[{"@type":"ListItem","position":1,"name":"Startseite","item":"https:\/\/chi-statt-botox.com\/"},{"@type":"ListItem","position":2,"name":"Produkte","item":"https:\/\/chi-statt-botox.com\/shop\/"},{"@type":"ListItem","position":3,"name":"Skin Genie &#8211; 999 Balsam mit Feingold, 35ml"}]},{"@type":"WebSite","@id":"https:\/\/chi-statt-botox.com\/#website","url":"https:\/\/chi-statt-botox.com\/","name":"Chi zamiast botoksu","description":"Usuwa zmarszczki, napina sk\u00f3r\u0119","potentialAction":[{"@type":"SearchAction","target":{"@type":"EntryPoint","urlTemplate":"https:\/\/chi-statt-botox.com\/?s={search_term_string}"},"query-input":{"@type":"PropertyValueSpecification","valueRequired":true,"valueName":"search_term_string"}}],"inLanguage":"pl-PL"}]}},"_links":{"self":[{"href":"https:\/\/chi-statt-botox.com\/pl\/wp-json\/wp\/v2\/product\/7762","targetHints":{"allow":["GET"]}}],"collection":[{"href":"https:\/\/chi-statt-botox.com\/pl\/wp-json\/wp\/v2\/product"}],"about":[{"href":"https:\/\/chi-statt-botox.com\/pl\/wp-json\/wp\/v2\/types\/product"}],"wp:featuredmedia":[{"embeddable":true,"href":"https:\/\/chi-statt-botox.com\/pl\/wp-json\/wp\/v2\/media\/29631"}],"wp:attachment":[{"href":"https:\/\/chi-statt-botox.com\/pl\/wp-json\/wp\/v2\/media?parent=7762"}],"wp:term":[{"taxonomy":"product_brand","embeddable":true,"href":"https:\/\/chi-statt-botox.com\/pl\/wp-json\/wp\/v2\/product_brand?post=7762"},{"taxonomy":"product_cat","embeddable":true,"href":"https:\/\/chi-statt-botox.com\/pl\/wp-json\/wp\/v2\/product_cat?post=7762"},{"taxonomy":"product_tag","embeddable":true,"href":"https:\/\/chi-statt-botox.com\/pl\/wp-json\/wp\/v2\/product_tag?post=7762"}],"curies":[{"name":"wp","href":"https:\/\/api.w.org\/{rel}","templated":true}]}}