{"id":8662,"date":"2021-04-08T14:36:50","date_gmt":"2021-04-08T12:36:50","guid":{"rendered":"https:\/\/chi-statt-botox.com\/?post_type=product&#038;p=8662"},"modified":"2025-11-23T21:48:00","modified_gmt":"2025-11-23T20:48:00","slug":"facial-wash-gesichtsreinigung-aus-unverduenntem-aloe-vera-250-ml","status":"publish","type":"product","link":"https:\/\/chi-statt-botox.com\/pl\/produkt\/facial-wash-gesichtsreinigung-aus-unverduenntem-aloe-vera-250-ml\/","title":{"rendered":"P\u0142yn do mycia twarzy na bazie aloesu, 250 ml"},"content":{"rendered":"<p>KUMARI Facial Wash delikatnie, ale dok\u0142adnie usuwa martwe kom\u00f3rki nask\u00f3rka, kurz i pozosta\u0142o\u015bci makija\u017cu g\u0142\u0119boko w porach - bez atakowania naturalnego p\u0142aszcza kwasowego sk\u00f3ry. P\u0142yn do mycia twarzy 77% zawiera nierozcie\u0144czony \u015bwie\u017cy sok ro\u015blinny z aloesu. Chroni to sk\u00f3r\u0119 przed utrat\u0105 wilgoci podczas oczyszczania. Odpowiedni dla wszystkich rodzaj\u00f3w sk\u00f3ry.<\/p>\n<p>Nak\u0142ada\u0107 rano i wieczorem na twarz i szyj\u0119, a nast\u0119pnie usun\u0105\u0107 ciep\u0142\u0105 wod\u0105.<\/p>\n<p><strong>Aplikacja wideo<\/strong> (wystarczy klikn\u0105\u0107):<br \/>\n<strong><a href=\"https:\/\/www.youtube.com\/watch?v=IJVlVWwyE1E&amp;t=485s\" target=\"_blank\" rel=\"noopener\">\"Zapobiegaj zmarszczkom i plamom starczym - MUSISZ pozna\u0107 TEN ok\u0142ad olejowy (genialny!)\"<\/a><\/strong><\/p>\n<p>Sk\u0142adniki:<br \/>\nAloe Barbadensis (Aloe Vera) Leaf Juice 77%*, Coco-Betaine, Sodium Cocoyl Glutamate, Glycerin, Glyceryl oleate, Coco glucoside, Aqua (Water),Citric acid, Hydrogenated palm glycerieds citrate, Tocopherol, Ascorbyl palmitate, Lecithin, Xanthan Gum, Acacia Senegal Gum, Glyceryl Caprylate, Glycerin, Levulinic Acid, Sodium Levulinate, Parfum (Fragrance), Heptyl Glucoside, Heptanol, Benzyl Alcohol, Citric Acid, Cannabis Sativa (Hemp) Seed Oil*, p-Anisic Acid, Rosa Canina (Rosehip) Fruit Oil*, Caprylic\/Capric triglyceride, Alaria Esculenta Extract.<\/p>\n<p><em>*z certyfikowanych upraw ekologicznych<\/em><\/p>\n<p>KUMARI-Produkte Vertriebs GmbH \/ Stutterheimstr. 16 \/ 1150 Wiede\u0144 \/ Austria \/ office@kumari.at<\/p>\n<table width=\"100%\">\n<tbody>\n<tr>\n<td><img decoding=\"async\" src=\"https:\/\/cdn.shopify.com\/s\/files\/1\/0522\/2419\/6782\/files\/cosmosorganic.png?v=1611845672\" alt=\"\" \/><\/td>\n<td><img decoding=\"async\" src=\"https:\/\/cdn.shopify.com\/s\/files\/1\/0522\/2419\/6782\/files\/vegan.png?v=1611845742\" alt=\"\" \/><\/td>\n<td><img decoding=\"async\" src=\"https:\/\/cdn.shopify.com\/s\/files\/1\/0522\/2419\/6782\/files\/crueltyfree.png?v=1611845713\" alt=\"\" \/><\/td>\n<td><img decoding=\"async\" src=\"https:\/\/cdn.shopify.com\/s\/files\/1\/0522\/2419\/6782\/files\/100freshaloevera.png?v=1611845765\" alt=\"\" \/><\/td>\n<\/tr>\n<\/tbody>\n<\/table>\n<h4><\/h4>\n<p>&nbsp;<\/p>\n<p>&nbsp;<\/p>","protected":false},"excerpt":{"rendered":"<ul>\n<li>Wyprodukowany z nierozcie\u0144czonego \u015bwie\u017cego soku ro\u015blinnego z aloesu 77%<\/li>\n<li>Brak utraty wilgoci ze sk\u00f3ry podczas oczyszczania<\/li>\n<li>Czy\u015bci delikatnie i dok\u0142adnie<\/li>\n<li>Nie atakuje naturalnego p\u0142aszcza kwasowego sk\u00f3ry<\/li>\n<li>Odpowiedni dla wszystkich rodzaj\u00f3w sk\u00f3ry<\/li>\n<\/ul>\n<p>&nbsp;<\/p>","protected":false},"featured_media":8663,"template":"","meta":{"_acf_changed":false,"_et_pb_use_builder":"","_et_pb_old_content":"","_et_gb_content_width":""},"product_brand":[],"product_cat":[172],"product_tag":[],"class_list":{"0":"post-8662","1":"product","2":"type-product","3":"status-publish","4":"has-post-thumbnail","6":"product_cat-kosmetik","8":"first","9":"outofstock","10":"taxable","11":"shipping-taxable","12":"purchasable","13":"product-type-simple"},"acf":[],"yoast_head":"<!-- This site is optimized with the Yoast SEO plugin v26.4 - https:\/\/yoast.com\/wordpress\/plugins\/seo\/ -->\n<title>Facial Wash auf Aloe Vera Basis, 250 ml - Chi statt Botox<\/title>\n<meta name=\"robots\" content=\"index, follow, max-snippet:-1, max-image-preview:large, max-video-preview:-1\" \/>\n<link rel=\"canonical\" href=\"https:\/\/chi-statt-botox.com\/pl\/produkt\/facial-wash-gesichtsreinigung-aus-unverduenntem-aloe-vera-250-ml\/\" \/>\n<meta property=\"og:locale\" content=\"pl_PL\" \/>\n<meta property=\"og:type\" content=\"article\" \/>\n<meta property=\"og:title\" content=\"Facial Wash auf Aloe Vera Basis, 250 ml - Chi statt Botox\" \/>\n<meta property=\"og:description\" content=\"Aus 77% unverd\u00fcnntem Aloe Vera Frischpflanzensaft  Kein Feuchtigkeitsverlust der Haut bei der Reinigung  Reinigt sanft und gr\u00fcndlich  Greift nat\u00fcrlichen S\u00e4ureschutzmantel der Haut nicht an  F\u00fcr alle Hauttypen geeignet  &nbsp;\" \/>\n<meta property=\"og:url\" content=\"https:\/\/chi-statt-botox.com\/pl\/produkt\/facial-wash-gesichtsreinigung-aus-unverduenntem-aloe-vera-250-ml\/\" \/>\n<meta property=\"og:site_name\" content=\"Chi statt Botox\" \/>\n<meta property=\"article:modified_time\" content=\"2025-11-23T20:48:00+00:00\" \/>\n<meta property=\"og:image\" content=\"https:\/\/chi-statt-botox.com\/wp-content\/uploads\/FacialWash250ml_3D_87f43b18-511b-43f2-a8ac-135106764a0f.jpg\" \/>\n\t<meta property=\"og:image:width\" content=\"1000\" \/>\n\t<meta property=\"og:image:height\" content=\"1000\" \/>\n\t<meta property=\"og:image:type\" content=\"image\/jpeg\" \/>\n<meta name=\"twitter:card\" content=\"summary_large_image\" \/>\n<meta name=\"twitter:label1\" content=\"Szacowany czas czytania\" \/>\n\t<meta name=\"twitter:data1\" content=\"2 minuty\" \/>\n<script type=\"application\/ld+json\" class=\"yoast-schema-graph\">{\"@context\":\"https:\/\/schema.org\",\"@graph\":[{\"@type\":\"WebPage\",\"@id\":\"https:\/\/chi-statt-botox.com\/produkt\/facial-wash-gesichtsreinigung-aus-unverduenntem-aloe-vera-250-ml\/\",\"url\":\"https:\/\/chi-statt-botox.com\/produkt\/facial-wash-gesichtsreinigung-aus-unverduenntem-aloe-vera-250-ml\/\",\"name\":\"Facial Wash auf Aloe Vera Basis, 250 ml - Chi statt Botox\",\"isPartOf\":{\"@id\":\"https:\/\/chi-statt-botox.com\/#website\"},\"primaryImageOfPage\":{\"@id\":\"https:\/\/chi-statt-botox.com\/produkt\/facial-wash-gesichtsreinigung-aus-unverduenntem-aloe-vera-250-ml\/#primaryimage\"},\"image\":{\"@id\":\"https:\/\/chi-statt-botox.com\/produkt\/facial-wash-gesichtsreinigung-aus-unverduenntem-aloe-vera-250-ml\/#primaryimage\"},\"thumbnailUrl\":\"https:\/\/chi-statt-botox.com\/wp-content\/uploads\/FacialWash250ml_3D_87f43b18-511b-43f2-a8ac-135106764a0f.jpg\",\"datePublished\":\"2021-04-08T12:36:50+00:00\",\"dateModified\":\"2025-11-23T20:48:00+00:00\",\"breadcrumb\":{\"@id\":\"https:\/\/chi-statt-botox.com\/produkt\/facial-wash-gesichtsreinigung-aus-unverduenntem-aloe-vera-250-ml\/#breadcrumb\"},\"inLanguage\":\"pl-PL\",\"potentialAction\":[{\"@type\":\"ReadAction\",\"target\":[\"https:\/\/chi-statt-botox.com\/produkt\/facial-wash-gesichtsreinigung-aus-unverduenntem-aloe-vera-250-ml\/\"]}]},{\"@type\":\"ImageObject\",\"inLanguage\":\"pl-PL\",\"@id\":\"https:\/\/chi-statt-botox.com\/produkt\/facial-wash-gesichtsreinigung-aus-unverduenntem-aloe-vera-250-ml\/#primaryimage\",\"url\":\"https:\/\/chi-statt-botox.com\/wp-content\/uploads\/FacialWash250ml_3D_87f43b18-511b-43f2-a8ac-135106764a0f.jpg\",\"contentUrl\":\"https:\/\/chi-statt-botox.com\/wp-content\/uploads\/FacialWash250ml_3D_87f43b18-511b-43f2-a8ac-135106764a0f.jpg\",\"width\":1000,\"height\":1000},{\"@type\":\"BreadcrumbList\",\"@id\":\"https:\/\/chi-statt-botox.com\/produkt\/facial-wash-gesichtsreinigung-aus-unverduenntem-aloe-vera-250-ml\/#breadcrumb\",\"itemListElement\":[{\"@type\":\"ListItem\",\"position\":1,\"name\":\"Startseite\",\"item\":\"https:\/\/chi-statt-botox.com\/\"},{\"@type\":\"ListItem\",\"position\":2,\"name\":\"Produkte\",\"item\":\"https:\/\/chi-statt-botox.com\/shop\/\"},{\"@type\":\"ListItem\",\"position\":3,\"name\":\"Facial Wash auf Aloe Vera Basis, 250 ml\"}]},{\"@type\":\"WebSite\",\"@id\":\"https:\/\/chi-statt-botox.com\/#website\",\"url\":\"https:\/\/chi-statt-botox.com\/\",\"name\":\"Chi statt Botox\",\"description\":\"Falten wegzaubern, Haut straffen\",\"potentialAction\":[{\"@type\":\"SearchAction\",\"target\":{\"@type\":\"EntryPoint\",\"urlTemplate\":\"https:\/\/chi-statt-botox.com\/?s={search_term_string}\"},\"query-input\":{\"@type\":\"PropertyValueSpecification\",\"valueRequired\":true,\"valueName\":\"search_term_string\"}}],\"inLanguage\":\"pl-PL\"}]}<\/script>\n<!-- \/ Yoast SEO plugin. -->","yoast_head_json":{"title":"Facial Wash auf Aloe Vera Basis, 250 ml - Chi statt Botox","robots":{"index":"index","follow":"follow","max-snippet":"max-snippet:-1","max-image-preview":"max-image-preview:large","max-video-preview":"max-video-preview:-1"},"canonical":"https:\/\/chi-statt-botox.com\/pl\/produkt\/facial-wash-gesichtsreinigung-aus-unverduenntem-aloe-vera-250-ml\/","og_locale":"pl_PL","og_type":"article","og_title":"Facial Wash auf Aloe Vera Basis, 250 ml - Chi statt Botox","og_description":"Aus 77% unverd\u00fcnntem Aloe Vera Frischpflanzensaft  Kein Feuchtigkeitsverlust der Haut bei der Reinigung  Reinigt sanft und gr\u00fcndlich  Greift nat\u00fcrlichen S\u00e4ureschutzmantel der Haut nicht an  F\u00fcr alle Hauttypen geeignet  &nbsp;","og_url":"https:\/\/chi-statt-botox.com\/pl\/produkt\/facial-wash-gesichtsreinigung-aus-unverduenntem-aloe-vera-250-ml\/","og_site_name":"Chi statt Botox","article_modified_time":"2025-11-23T20:48:00+00:00","og_image":[{"width":1000,"height":1000,"url":"https:\/\/chi-statt-botox.com\/wp-content\/uploads\/FacialWash250ml_3D_87f43b18-511b-43f2-a8ac-135106764a0f.jpg","type":"image\/jpeg"}],"twitter_card":"summary_large_image","twitter_misc":{"Szacowany czas czytania":"2 minuty"},"schema":{"@context":"https:\/\/schema.org","@graph":[{"@type":"WebPage","@id":"https:\/\/chi-statt-botox.com\/produkt\/facial-wash-gesichtsreinigung-aus-unverduenntem-aloe-vera-250-ml\/","url":"https:\/\/chi-statt-botox.com\/produkt\/facial-wash-gesichtsreinigung-aus-unverduenntem-aloe-vera-250-ml\/","name":"Facial Wash auf Aloe Vera Basis, 250 ml - Chi statt Botox","isPartOf":{"@id":"https:\/\/chi-statt-botox.com\/#website"},"primaryImageOfPage":{"@id":"https:\/\/chi-statt-botox.com\/produkt\/facial-wash-gesichtsreinigung-aus-unverduenntem-aloe-vera-250-ml\/#primaryimage"},"image":{"@id":"https:\/\/chi-statt-botox.com\/produkt\/facial-wash-gesichtsreinigung-aus-unverduenntem-aloe-vera-250-ml\/#primaryimage"},"thumbnailUrl":"https:\/\/chi-statt-botox.com\/wp-content\/uploads\/FacialWash250ml_3D_87f43b18-511b-43f2-a8ac-135106764a0f.jpg","datePublished":"2021-04-08T12:36:50+00:00","dateModified":"2025-11-23T20:48:00+00:00","breadcrumb":{"@id":"https:\/\/chi-statt-botox.com\/produkt\/facial-wash-gesichtsreinigung-aus-unverduenntem-aloe-vera-250-ml\/#breadcrumb"},"inLanguage":"pl-PL","potentialAction":[{"@type":"ReadAction","target":["https:\/\/chi-statt-botox.com\/produkt\/facial-wash-gesichtsreinigung-aus-unverduenntem-aloe-vera-250-ml\/"]}]},{"@type":"ImageObject","inLanguage":"pl-PL","@id":"https:\/\/chi-statt-botox.com\/produkt\/facial-wash-gesichtsreinigung-aus-unverduenntem-aloe-vera-250-ml\/#primaryimage","url":"https:\/\/chi-statt-botox.com\/wp-content\/uploads\/FacialWash250ml_3D_87f43b18-511b-43f2-a8ac-135106764a0f.jpg","contentUrl":"https:\/\/chi-statt-botox.com\/wp-content\/uploads\/FacialWash250ml_3D_87f43b18-511b-43f2-a8ac-135106764a0f.jpg","width":1000,"height":1000},{"@type":"BreadcrumbList","@id":"https:\/\/chi-statt-botox.com\/produkt\/facial-wash-gesichtsreinigung-aus-unverduenntem-aloe-vera-250-ml\/#breadcrumb","itemListElement":[{"@type":"ListItem","position":1,"name":"Startseite","item":"https:\/\/chi-statt-botox.com\/"},{"@type":"ListItem","position":2,"name":"Produkte","item":"https:\/\/chi-statt-botox.com\/shop\/"},{"@type":"ListItem","position":3,"name":"Facial Wash auf Aloe Vera Basis, 250 ml"}]},{"@type":"WebSite","@id":"https:\/\/chi-statt-botox.com\/#website","url":"https:\/\/chi-statt-botox.com\/","name":"Chi zamiast botoksu","description":"Usuwa zmarszczki, napina sk\u00f3r\u0119","potentialAction":[{"@type":"SearchAction","target":{"@type":"EntryPoint","urlTemplate":"https:\/\/chi-statt-botox.com\/?s={search_term_string}"},"query-input":{"@type":"PropertyValueSpecification","valueRequired":true,"valueName":"search_term_string"}}],"inLanguage":"pl-PL"}]}},"_links":{"self":[{"href":"https:\/\/chi-statt-botox.com\/pl\/wp-json\/wp\/v2\/product\/8662","targetHints":{"allow":["GET"]}}],"collection":[{"href":"https:\/\/chi-statt-botox.com\/pl\/wp-json\/wp\/v2\/product"}],"about":[{"href":"https:\/\/chi-statt-botox.com\/pl\/wp-json\/wp\/v2\/types\/product"}],"wp:featuredmedia":[{"embeddable":true,"href":"https:\/\/chi-statt-botox.com\/pl\/wp-json\/wp\/v2\/media\/8663"}],"wp:attachment":[{"href":"https:\/\/chi-statt-botox.com\/pl\/wp-json\/wp\/v2\/media?parent=8662"}],"wp:term":[{"taxonomy":"product_brand","embeddable":true,"href":"https:\/\/chi-statt-botox.com\/pl\/wp-json\/wp\/v2\/product_brand?post=8662"},{"taxonomy":"product_cat","embeddable":true,"href":"https:\/\/chi-statt-botox.com\/pl\/wp-json\/wp\/v2\/product_cat?post=8662"},{"taxonomy":"product_tag","embeddable":true,"href":"https:\/\/chi-statt-botox.com\/pl\/wp-json\/wp\/v2\/product_tag?post=8662"}],"curies":[{"name":"wp","href":"https:\/\/api.w.org\/{rel}","templated":true}]}}