{"id":8664,"date":"2021-04-08T14:49:04","date_gmt":"2021-04-08T12:49:04","guid":{"rendered":"https:\/\/chi-statt-botox.com\/?post_type=product&#038;p=8664"},"modified":"2026-04-30T19:21:41","modified_gmt":"2026-04-30T17:21:41","slug":"aloe-vera-spray-mit-panthenol-240-ml","status":"publish","type":"product","link":"https:\/\/chi-statt-botox.com\/pl\/produkt\/aloe-vera-spray-mit-panthenol-240-ml\/","title":{"rendered":"Aloe Vera Spray 250 ml"},"content":{"rendered":"<p>KUMARI Aloe Vera Spray nie jest - jak wi\u0119kszo\u015b\u0107 produkt\u00f3w z aloesem - na bazie wody, ale zawiera <strong>92% \u015awie\u017cy organiczny sok z aloesu<\/strong>. To sprawia, \u017ce jest to <strong>Intensywny krem nawil\u017caj\u0105cy<\/strong>kt\u00f3ry przyjemnie ch\u0142odzi sk\u00f3r\u0119. Spray od\u015bwie\u017ca i rewitalizuje dzi\u0119ki pe\u0142nej gamie wysokiej jako\u015bci sk\u0142adnik\u00f3w aktywnych aloesu. Jest to idealny produkt do piel\u0119gnacji sk\u00f3ry zm\u0119czonej s\u0142o\u0144cem, a tak\u017ce po opalaniu, goleniu, peelingu i suchej sk\u00f3rze g\u0142owy.<\/p>\n<p class=\"p1\"><span class=\"s1\"><b>SOK Z ALOESU ZAMIAST WODY<br \/>\n<\/b><\/span><\/p>\n<p>\u015awie\u017cy sok z aloesu u\u017cywany do produkcji tego sprayu pochodzi z kontrolowanych upraw ekologicznych i zr\u00f3wnowa\u017conych w kilku krajach - w pe\u0142nym s\u0142o\u0144cu i wolno rosn\u0105cych, dzi\u0119ki czemu wszystkie sk\u0142adniki mog\u0105 tworzy\u0107 si\u0119 w li\u015bciach ro\u015bliny.\u00a0<span class=\"s1\">Idealne wsp\u00f3\u0142granie tych <strong>Ponad 160 substancji witalnych w soku z aloesu<\/strong> jest powodem jego <strong>wysoka skuteczno\u015b\u0107<\/strong>dla zdrowia i urody.<\/span><\/p>\n<p><strong>Spryska\u0107 sk\u00f3r\u0119 wed\u0142ug uznania.<\/strong> Pomaga sk\u00f3rze zestresowanej s\u0142o\u0144cem latem, a tak\u017ce sk\u00f3rze zestresowanej ogrzewaniem powietrza zim\u0105.<\/p>\n<p style=\"font-weight: 400;\"><strong>Do w\u0142os\u00f3w i sk\u00f3ry g\u0142owy:<\/strong> Rozpyli\u0107 spray bezpo\u015brednio na sk\u00f3r\u0119 g\u0142owy, delikatnie wmasowa\u0107 i pozostawi\u0107 do wyschni\u0119cia. Mo\u017ce by\u0107 r\u00f3wnie\u017c stosowany jako kuracja na d\u0142ugo\u015bci i ko\u0144ce w\u0142os\u00f3w. Regularne stosowanie aloesu nadaje w\u0142osom pe\u0142ni\u0119 i si\u0142\u0119.<\/p>\n<p style=\"font-weight: 400;\"><strong>Tekstura sk\u00f3ry: <\/strong>Odpowiedni dla ka\u017cdego rodzaju sk\u00f3ry<\/p>\n<p><strong>Polecane filmy wideo<\/strong> (wystarczy klikn\u0105\u0107):<br \/>\n<strong><a href=\"https:\/\/www.youtube.com\/watch?v=MFExp5m9_OU\" target=\"_blank\" rel=\"noopener\">\"Czysta sk\u00f3ra pomimo MASKI? 2 mega proste wskaz\u00f3wki\"<\/a><\/strong><br \/>\n<a href=\"https:\/\/www.youtube.com\/watch?v=H_FJB9WapJg&amp;t=10s\" target=\"_blank\" rel=\"noopener\"><strong>\"TYLKO 3 kroki do zmniejszenia fa\u0142d\u00f3w nosowo-wargowych (skuteczno\u015b\u0107 100%, bez koszt\u00f3w)\"<\/strong><\/a><br \/>\n<a href=\"https:\/\/www.youtube.com\/watch?v=isd0JRrrbwE\" target=\"_blank\" rel=\"noopener\"><b>\"3 rewelacyjne wskaz\u00f3wki dla pulchnej sk\u00f3ry po 40 \/ 50 \ud83d\ude4c (tylko 2% o tym wie)\"<\/b><\/a><br \/>\n<strong><a href=\"https:\/\/www.youtube.com\/watch?v=eSaPbxLUohU&amp;t=460s\" target=\"_blank\" rel=\"noopener\">\"Botox dzia\u0142a na zmarszczki \ud83d\ude4c (trudno w to uwierzy\u0107)\"<\/a><\/strong><\/p>\n<p>Sk\u0142adniki: Aloe Barbadensis Leaf Juice* 92%, Glycerin, Aqua, Sodium Benzoate, Sodium Levulinate, Glyceryl Caprylate, Parfum (pochodzenia naturalnego), Citric Acid, Potassum Sorbate, Linalool.<\/p>\n<p><em>*z certyfikowanych upraw ekologicznych<\/em><\/p>\n<p><em>99% Sk\u0142adniki pochodzenia naturalnego<br \/>\n92% Sk\u0142adniki pochodz\u0105ce z upraw ekologicznych<\/em><\/p>\n<p><em>*z certyfikowanych upraw ekologicznych<\/em><\/p>\n<p>KUMARI-Produkte Vertriebs GmbH \/ Stutterheimstr. 16 \/ 1150 Wiede\u0144 \/ Austria \/ office@kumari.at<\/p>\n<table width=\"100%\">\n<tbody>\n<tr>\n<td><img decoding=\"async\" src=\"https:\/\/cdn.shopify.com\/s\/files\/1\/0522\/2419\/6782\/files\/cosmosorganic.png?v=1611845672\" alt=\"\" \/><\/td>\n<td><img decoding=\"async\" src=\"https:\/\/cdn.shopify.com\/s\/files\/1\/0522\/2419\/6782\/files\/vegan.png?v=1611845742\" alt=\"\" \/><\/td>\n<td><img decoding=\"async\" src=\"https:\/\/cdn.shopify.com\/s\/files\/1\/0522\/2419\/6782\/files\/crueltyfree.png?v=1611845713\" alt=\"\" \/><\/td>\n<td><img decoding=\"async\" src=\"https:\/\/cdn.shopify.com\/s\/files\/1\/0522\/2419\/6782\/files\/100freshaloevera.png?v=1611845765\" alt=\"\" \/><\/td>\n<\/tr>\n<\/tbody>\n<\/table>","protected":false},"excerpt":{"rendered":"<ul>\n<li><span class=\"s1\">zawiera 92% \u015bwie\u017cego organicznego soku z aloesu<\/span><\/li>\n<li><span class=\"s1\">Nawil\u017ca sk\u00f3r\u0119 i w\u0142osy<\/span><\/li>\n<li><span class=\"s2\">\u0141agodzi zestresowan\u0105 sk\u00f3r\u0119<\/span><\/li>\n<li><span class=\"s1\">Wspomaga regeneracj\u0119 sk\u00f3ry po opalaniu i goleniu<\/span><\/li>\n<li><span class=\"s2\">organiczne i wega\u0144skie<\/span><\/li>\n<\/ul>","protected":false},"featured_media":17713,"template":"","meta":{"_acf_changed":false,"_et_pb_use_builder":"","_et_pb_old_content":"","_et_gb_content_width":""},"product_brand":[],"product_cat":[172],"product_tag":[],"class_list":{"0":"post-8664","1":"product","2":"type-product","3":"status-publish","4":"has-post-thumbnail","6":"product_cat-kosmetik","8":"first","9":"instock","10":"taxable","11":"shipping-taxable","12":"purchasable","13":"product-type-simple"},"acf":[],"yoast_head":"<!-- This site is optimized with the Yoast SEO plugin v26.4 - https:\/\/yoast.com\/wordpress\/plugins\/seo\/ -->\n<title>Aloe Vera Spray 250 ml - Chi statt Botox<\/title>\n<meta name=\"robots\" content=\"index, follow, max-snippet:-1, max-image-preview:large, max-video-preview:-1\" \/>\n<link rel=\"canonical\" href=\"https:\/\/chi-statt-botox.com\/pl\/produkt\/aloe-vera-spray-mit-panthenol-240-ml\/\" \/>\n<meta property=\"og:locale\" content=\"pl_PL\" \/>\n<meta property=\"og:type\" content=\"article\" \/>\n<meta property=\"og:title\" content=\"Aloe Vera Spray 250 ml - Chi statt Botox\" \/>\n<meta property=\"og:description\" content=\"enth\u00e4lt 92% frischen Bio-Aloe Vera Pflanzensaft  versorgt Haut &amp; Haare mit Feuchtigkeit  beruhigt gestresste Haut  unterst\u00fctzt die Hautregeneration nach Sonnenbad &amp; Rasur  bio &amp; vegan\" \/>\n<meta property=\"og:url\" content=\"https:\/\/chi-statt-botox.com\/pl\/produkt\/aloe-vera-spray-mit-panthenol-240-ml\/\" \/>\n<meta property=\"og:site_name\" content=\"Chi statt Botox\" \/>\n<meta property=\"article:modified_time\" content=\"2026-04-30T17:21:41+00:00\" \/>\n<meta property=\"og:image\" content=\"https:\/\/chi-statt-botox.com\/wp-content\/uploads\/Aloe-Vera-Spray.jpg\" \/>\n\t<meta property=\"og:image:width\" content=\"720\" \/>\n\t<meta property=\"og:image:height\" content=\"720\" \/>\n\t<meta property=\"og:image:type\" content=\"image\/jpeg\" \/>\n<meta name=\"twitter:card\" content=\"summary_large_image\" \/>\n<meta name=\"twitter:label1\" content=\"Szacowany czas czytania\" \/>\n\t<meta name=\"twitter:data1\" content=\"3 minuty\" \/>\n<script type=\"application\/ld+json\" class=\"yoast-schema-graph\">{\"@context\":\"https:\/\/schema.org\",\"@graph\":[{\"@type\":\"WebPage\",\"@id\":\"https:\/\/chi-statt-botox.com\/produkt\/aloe-vera-spray-mit-panthenol-240-ml\/\",\"url\":\"https:\/\/chi-statt-botox.com\/produkt\/aloe-vera-spray-mit-panthenol-240-ml\/\",\"name\":\"Aloe Vera Spray 250 ml - Chi statt Botox\",\"isPartOf\":{\"@id\":\"https:\/\/chi-statt-botox.com\/#website\"},\"primaryImageOfPage\":{\"@id\":\"https:\/\/chi-statt-botox.com\/produkt\/aloe-vera-spray-mit-panthenol-240-ml\/#primaryimage\"},\"image\":{\"@id\":\"https:\/\/chi-statt-botox.com\/produkt\/aloe-vera-spray-mit-panthenol-240-ml\/#primaryimage\"},\"thumbnailUrl\":\"https:\/\/chi-statt-botox.com\/wp-content\/uploads\/Aloe-Vera-Spray.jpg\",\"datePublished\":\"2021-04-08T12:49:04+00:00\",\"dateModified\":\"2026-04-30T17:21:41+00:00\",\"breadcrumb\":{\"@id\":\"https:\/\/chi-statt-botox.com\/produkt\/aloe-vera-spray-mit-panthenol-240-ml\/#breadcrumb\"},\"inLanguage\":\"pl-PL\",\"potentialAction\":[{\"@type\":\"ReadAction\",\"target\":[\"https:\/\/chi-statt-botox.com\/produkt\/aloe-vera-spray-mit-panthenol-240-ml\/\"]}]},{\"@type\":\"ImageObject\",\"inLanguage\":\"pl-PL\",\"@id\":\"https:\/\/chi-statt-botox.com\/produkt\/aloe-vera-spray-mit-panthenol-240-ml\/#primaryimage\",\"url\":\"https:\/\/chi-statt-botox.com\/wp-content\/uploads\/Aloe-Vera-Spray.jpg\",\"contentUrl\":\"https:\/\/chi-statt-botox.com\/wp-content\/uploads\/Aloe-Vera-Spray.jpg\",\"width\":720,\"height\":720},{\"@type\":\"BreadcrumbList\",\"@id\":\"https:\/\/chi-statt-botox.com\/produkt\/aloe-vera-spray-mit-panthenol-240-ml\/#breadcrumb\",\"itemListElement\":[{\"@type\":\"ListItem\",\"position\":1,\"name\":\"Startseite\",\"item\":\"https:\/\/chi-statt-botox.com\/\"},{\"@type\":\"ListItem\",\"position\":2,\"name\":\"Produkte\",\"item\":\"https:\/\/chi-statt-botox.com\/shop\/\"},{\"@type\":\"ListItem\",\"position\":3,\"name\":\"Aloe Vera Spray 250 ml\"}]},{\"@type\":\"WebSite\",\"@id\":\"https:\/\/chi-statt-botox.com\/#website\",\"url\":\"https:\/\/chi-statt-botox.com\/\",\"name\":\"Chi statt Botox\",\"description\":\"Falten wegzaubern, Haut straffen\",\"potentialAction\":[{\"@type\":\"SearchAction\",\"target\":{\"@type\":\"EntryPoint\",\"urlTemplate\":\"https:\/\/chi-statt-botox.com\/?s={search_term_string}\"},\"query-input\":{\"@type\":\"PropertyValueSpecification\",\"valueRequired\":true,\"valueName\":\"search_term_string\"}}],\"inLanguage\":\"pl-PL\"}]}<\/script>\n<!-- \/ Yoast SEO plugin. -->","yoast_head_json":{"title":"Aloe Vera Spray 250 ml - Chi statt Botox","robots":{"index":"index","follow":"follow","max-snippet":"max-snippet:-1","max-image-preview":"max-image-preview:large","max-video-preview":"max-video-preview:-1"},"canonical":"https:\/\/chi-statt-botox.com\/pl\/produkt\/aloe-vera-spray-mit-panthenol-240-ml\/","og_locale":"pl_PL","og_type":"article","og_title":"Aloe Vera Spray 250 ml - Chi statt Botox","og_description":"enth\u00e4lt 92% frischen Bio-Aloe Vera Pflanzensaft  versorgt Haut &amp; Haare mit Feuchtigkeit  beruhigt gestresste Haut  unterst\u00fctzt die Hautregeneration nach Sonnenbad &amp; Rasur  bio &amp; vegan","og_url":"https:\/\/chi-statt-botox.com\/pl\/produkt\/aloe-vera-spray-mit-panthenol-240-ml\/","og_site_name":"Chi statt Botox","article_modified_time":"2026-04-30T17:21:41+00:00","og_image":[{"width":720,"height":720,"url":"https:\/\/chi-statt-botox.com\/wp-content\/uploads\/Aloe-Vera-Spray.jpg","type":"image\/jpeg"}],"twitter_card":"summary_large_image","twitter_misc":{"Szacowany czas czytania":"3 minuty"},"schema":{"@context":"https:\/\/schema.org","@graph":[{"@type":"WebPage","@id":"https:\/\/chi-statt-botox.com\/produkt\/aloe-vera-spray-mit-panthenol-240-ml\/","url":"https:\/\/chi-statt-botox.com\/produkt\/aloe-vera-spray-mit-panthenol-240-ml\/","name":"Aloe Vera Spray 250 ml - Chi statt Botox","isPartOf":{"@id":"https:\/\/chi-statt-botox.com\/#website"},"primaryImageOfPage":{"@id":"https:\/\/chi-statt-botox.com\/produkt\/aloe-vera-spray-mit-panthenol-240-ml\/#primaryimage"},"image":{"@id":"https:\/\/chi-statt-botox.com\/produkt\/aloe-vera-spray-mit-panthenol-240-ml\/#primaryimage"},"thumbnailUrl":"https:\/\/chi-statt-botox.com\/wp-content\/uploads\/Aloe-Vera-Spray.jpg","datePublished":"2021-04-08T12:49:04+00:00","dateModified":"2026-04-30T17:21:41+00:00","breadcrumb":{"@id":"https:\/\/chi-statt-botox.com\/produkt\/aloe-vera-spray-mit-panthenol-240-ml\/#breadcrumb"},"inLanguage":"pl-PL","potentialAction":[{"@type":"ReadAction","target":["https:\/\/chi-statt-botox.com\/produkt\/aloe-vera-spray-mit-panthenol-240-ml\/"]}]},{"@type":"ImageObject","inLanguage":"pl-PL","@id":"https:\/\/chi-statt-botox.com\/produkt\/aloe-vera-spray-mit-panthenol-240-ml\/#primaryimage","url":"https:\/\/chi-statt-botox.com\/wp-content\/uploads\/Aloe-Vera-Spray.jpg","contentUrl":"https:\/\/chi-statt-botox.com\/wp-content\/uploads\/Aloe-Vera-Spray.jpg","width":720,"height":720},{"@type":"BreadcrumbList","@id":"https:\/\/chi-statt-botox.com\/produkt\/aloe-vera-spray-mit-panthenol-240-ml\/#breadcrumb","itemListElement":[{"@type":"ListItem","position":1,"name":"Startseite","item":"https:\/\/chi-statt-botox.com\/"},{"@type":"ListItem","position":2,"name":"Produkte","item":"https:\/\/chi-statt-botox.com\/shop\/"},{"@type":"ListItem","position":3,"name":"Aloe Vera Spray 250 ml"}]},{"@type":"WebSite","@id":"https:\/\/chi-statt-botox.com\/#website","url":"https:\/\/chi-statt-botox.com\/","name":"Chi zamiast botoksu","description":"Usuwa zmarszczki, napina sk\u00f3r\u0119","potentialAction":[{"@type":"SearchAction","target":{"@type":"EntryPoint","urlTemplate":"https:\/\/chi-statt-botox.com\/?s={search_term_string}"},"query-input":{"@type":"PropertyValueSpecification","valueRequired":true,"valueName":"search_term_string"}}],"inLanguage":"pl-PL"}]}},"_links":{"self":[{"href":"https:\/\/chi-statt-botox.com\/pl\/wp-json\/wp\/v2\/product\/8664","targetHints":{"allow":["GET"]}}],"collection":[{"href":"https:\/\/chi-statt-botox.com\/pl\/wp-json\/wp\/v2\/product"}],"about":[{"href":"https:\/\/chi-statt-botox.com\/pl\/wp-json\/wp\/v2\/types\/product"}],"wp:featuredmedia":[{"embeddable":true,"href":"https:\/\/chi-statt-botox.com\/pl\/wp-json\/wp\/v2\/media\/17713"}],"wp:attachment":[{"href":"https:\/\/chi-statt-botox.com\/pl\/wp-json\/wp\/v2\/media?parent=8664"}],"wp:term":[{"taxonomy":"product_brand","embeddable":true,"href":"https:\/\/chi-statt-botox.com\/pl\/wp-json\/wp\/v2\/product_brand?post=8664"},{"taxonomy":"product_cat","embeddable":true,"href":"https:\/\/chi-statt-botox.com\/pl\/wp-json\/wp\/v2\/product_cat?post=8664"},{"taxonomy":"product_tag","embeddable":true,"href":"https:\/\/chi-statt-botox.com\/pl\/wp-json\/wp\/v2\/product_tag?post=8664"}],"curies":[{"name":"wp","href":"https:\/\/api.w.org\/{rel}","templated":true}]}}