{"id":8666,"date":"2021-04-08T14:53:31","date_gmt":"2021-04-08T12:53:31","guid":{"rendered":"https:\/\/chi-statt-botox.com\/?post_type=product&#038;p=8666"},"modified":"2026-04-13T14:11:11","modified_gmt":"2026-04-13T12:11:11","slug":"ph-skin-balancer-feuchtigkeitsspendendes-gesichtswasser-250-ml","status":"publish","type":"product","link":"https:\/\/chi-statt-botox.com\/pl\/produkt\/ph-skin-balancer-feuchtigkeitsspendendes-gesichtswasser-250-ml\/","title":{"rendered":"PH Skin Balancer: nawil\u017caj\u0105cy tonik do twarzy, 250 ml"},"content":{"rendered":"<p>Tonik do twarzy KUMARI charakteryzuje si\u0119 \u0142agodnymi i intensywnymi w\u0142a\u015bciwo\u015bciami nawil\u017caj\u0105cymi. Sk\u0142ada si\u0119 z 72 % nierozcie\u0144czonego soku ze \u015bwie\u017cych ro\u015blin aloesu. Ma dzia\u0142anie odnawiaj\u0105ce kom\u00f3rki i odbudowuje ochronny p\u0142aszcz kwasowy po oczyszczeniu. Sk\u00f3ra twarzy jest optymalnie przygotowana na przyj\u0119cie kolejnych produkt\u00f3w piel\u0119gnacyjnych, a ich dzia\u0142anie jest zintensyfikowane.<\/p>\n<p>Po oczyszczeniu sk\u00f3ry na\u0142o\u017cy\u0107 na twarz, szyj\u0119 i dekolt za pomoc\u0105 p\u0142atka kosmetycznego.<\/p>\n<p>Odpowiedni dla wszystkich rodzaj\u00f3w sk\u00f3ry.<\/p>\n<p>Sk\u0142adniki: Aloe Barbadensis (Aloe Vera) Leaf Juice 72%*, Glycerin, Ethanol**, Cocoyl Proline, Sodium Levulinate, Sodium Benzoate, Aqua (Water), Glyceryl Caprylate, Citric Acid, Parfum (Fragrance), Caprylic\/Capric triglyceride, Alaria Esculenta Extract.<\/p>\n<p><em>*z certyfikowanych upraw ekologicznych<br \/>\n**wyprodukowane ze sk\u0142adnik\u00f3w organicznych<\/em><\/p>\n<p>KUMARI-Produkte Vertriebs GmbH \/ Stutterheimstr. 16 \/ 1150 Wiede\u0144 \/ Austria \/ office@kumari.at<\/p>\n<table width=\"100%\">\n<tbody>\n<tr>\n<td><img decoding=\"async\" src=\"https:\/\/cdn.shopify.com\/s\/files\/1\/0522\/2419\/6782\/files\/cosmosorganic.png?v=1611845672\" alt=\"\" \/><\/td>\n<td><img decoding=\"async\" src=\"https:\/\/cdn.shopify.com\/s\/files\/1\/0522\/2419\/6782\/files\/vegan.png?v=1611845742\" alt=\"\" \/><\/td>\n<td><img decoding=\"async\" src=\"https:\/\/cdn.shopify.com\/s\/files\/1\/0522\/2419\/6782\/files\/crueltyfree.png?v=1611845713\" alt=\"\" \/><\/td>\n<td><img decoding=\"async\" src=\"https:\/\/cdn.shopify.com\/s\/files\/1\/0522\/2419\/6782\/files\/100freshaloevera.png?v=1611845765\" alt=\"\" \/><\/td>\n<\/tr>\n<\/tbody>\n<\/table>","protected":false},"excerpt":{"rendered":"<ul>\n<li>Wyprodukowano z nierozcie\u0144czonego \u015bwie\u017cego soku z aloesu 72 %<\/li>\n<li>Intensywne nawil\u017canie<\/li>\n<li>Odnowa kom\u00f3rek<\/li>\n<li>Przywraca ochronny p\u0142aszcz kwasowy po czyszczeniu<\/li>\n<\/ul>","protected":false},"featured_media":8667,"template":"","meta":{"_acf_changed":false,"_et_pb_use_builder":"","_et_pb_old_content":"","_et_gb_content_width":""},"product_brand":[],"product_cat":[172],"product_tag":[],"class_list":{"0":"post-8666","1":"product","2":"type-product","3":"status-publish","4":"has-post-thumbnail","6":"product_cat-kosmetik","8":"first","9":"instock","10":"taxable","11":"shipping-taxable","12":"purchasable","13":"product-type-simple"},"acf":[],"yoast_head":"<!-- This site is optimized with the Yoast SEO plugin v26.4 - https:\/\/yoast.com\/wordpress\/plugins\/seo\/ -->\n<title>PH Skin Balancer: feuchtigkeitsspendendes Gesichtswasser, 250 ml - Chi statt Botox<\/title>\n<meta name=\"robots\" content=\"index, follow, max-snippet:-1, max-image-preview:large, max-video-preview:-1\" \/>\n<link rel=\"canonical\" href=\"https:\/\/chi-statt-botox.com\/pl\/produkt\/ph-skin-balancer-feuchtigkeitsspendendes-gesichtswasser-250-ml\/\" \/>\n<meta property=\"og:locale\" content=\"pl_PL\" \/>\n<meta property=\"og:type\" content=\"article\" \/>\n<meta property=\"og:title\" content=\"PH Skin Balancer: feuchtigkeitsspendendes Gesichtswasser, 250 ml - Chi statt Botox\" \/>\n<meta property=\"og:description\" content=\"Aus 72 % unverd\u00fcnntem Aloe Vera Frischpflanzensaft  Intensive Feuchtigkeitsspende  Zellerneuernd  Baut S\u00e4ureschutzmantel nach Reinigung wieder auf\" \/>\n<meta property=\"og:url\" content=\"https:\/\/chi-statt-botox.com\/pl\/produkt\/ph-skin-balancer-feuchtigkeitsspendendes-gesichtswasser-250-ml\/\" \/>\n<meta property=\"og:site_name\" content=\"Chi statt Botox\" \/>\n<meta property=\"article:modified_time\" content=\"2026-04-13T12:11:11+00:00\" \/>\n<meta property=\"og:image\" content=\"https:\/\/chi-statt-botox.com\/wp-content\/uploads\/PHSkinBalancer250ml_3D.jpg\" \/>\n\t<meta property=\"og:image:width\" content=\"1000\" \/>\n\t<meta property=\"og:image:height\" content=\"1000\" \/>\n\t<meta property=\"og:image:type\" content=\"image\/jpeg\" \/>\n<meta name=\"twitter:card\" content=\"summary_large_image\" \/>\n<meta name=\"twitter:label1\" content=\"Szacowany czas czytania\" \/>\n\t<meta name=\"twitter:data1\" content=\"2 minuty\" \/>\n<script type=\"application\/ld+json\" class=\"yoast-schema-graph\">{\"@context\":\"https:\/\/schema.org\",\"@graph\":[{\"@type\":\"WebPage\",\"@id\":\"https:\/\/chi-statt-botox.com\/produkt\/ph-skin-balancer-feuchtigkeitsspendendes-gesichtswasser-250-ml\/\",\"url\":\"https:\/\/chi-statt-botox.com\/produkt\/ph-skin-balancer-feuchtigkeitsspendendes-gesichtswasser-250-ml\/\",\"name\":\"PH Skin Balancer: feuchtigkeitsspendendes Gesichtswasser, 250 ml - Chi statt Botox\",\"isPartOf\":{\"@id\":\"https:\/\/chi-statt-botox.com\/#website\"},\"primaryImageOfPage\":{\"@id\":\"https:\/\/chi-statt-botox.com\/produkt\/ph-skin-balancer-feuchtigkeitsspendendes-gesichtswasser-250-ml\/#primaryimage\"},\"image\":{\"@id\":\"https:\/\/chi-statt-botox.com\/produkt\/ph-skin-balancer-feuchtigkeitsspendendes-gesichtswasser-250-ml\/#primaryimage\"},\"thumbnailUrl\":\"https:\/\/chi-statt-botox.com\/wp-content\/uploads\/PHSkinBalancer250ml_3D.jpg\",\"datePublished\":\"2021-04-08T12:53:31+00:00\",\"dateModified\":\"2026-04-13T12:11:11+00:00\",\"breadcrumb\":{\"@id\":\"https:\/\/chi-statt-botox.com\/produkt\/ph-skin-balancer-feuchtigkeitsspendendes-gesichtswasser-250-ml\/#breadcrumb\"},\"inLanguage\":\"pl-PL\",\"potentialAction\":[{\"@type\":\"ReadAction\",\"target\":[\"https:\/\/chi-statt-botox.com\/produkt\/ph-skin-balancer-feuchtigkeitsspendendes-gesichtswasser-250-ml\/\"]}]},{\"@type\":\"ImageObject\",\"inLanguage\":\"pl-PL\",\"@id\":\"https:\/\/chi-statt-botox.com\/produkt\/ph-skin-balancer-feuchtigkeitsspendendes-gesichtswasser-250-ml\/#primaryimage\",\"url\":\"https:\/\/chi-statt-botox.com\/wp-content\/uploads\/PHSkinBalancer250ml_3D.jpg\",\"contentUrl\":\"https:\/\/chi-statt-botox.com\/wp-content\/uploads\/PHSkinBalancer250ml_3D.jpg\",\"width\":1000,\"height\":1000},{\"@type\":\"BreadcrumbList\",\"@id\":\"https:\/\/chi-statt-botox.com\/produkt\/ph-skin-balancer-feuchtigkeitsspendendes-gesichtswasser-250-ml\/#breadcrumb\",\"itemListElement\":[{\"@type\":\"ListItem\",\"position\":1,\"name\":\"Startseite\",\"item\":\"https:\/\/chi-statt-botox.com\/\"},{\"@type\":\"ListItem\",\"position\":2,\"name\":\"Produkte\",\"item\":\"https:\/\/chi-statt-botox.com\/shop\/\"},{\"@type\":\"ListItem\",\"position\":3,\"name\":\"PH Skin Balancer: feuchtigkeitsspendendes Gesichtswasser, 250 ml\"}]},{\"@type\":\"WebSite\",\"@id\":\"https:\/\/chi-statt-botox.com\/#website\",\"url\":\"https:\/\/chi-statt-botox.com\/\",\"name\":\"Chi statt Botox\",\"description\":\"Falten wegzaubern, Haut straffen\",\"potentialAction\":[{\"@type\":\"SearchAction\",\"target\":{\"@type\":\"EntryPoint\",\"urlTemplate\":\"https:\/\/chi-statt-botox.com\/?s={search_term_string}\"},\"query-input\":{\"@type\":\"PropertyValueSpecification\",\"valueRequired\":true,\"valueName\":\"search_term_string\"}}],\"inLanguage\":\"pl-PL\"}]}<\/script>\n<!-- \/ Yoast SEO plugin. -->","yoast_head_json":{"title":"PH Skin Balancer: feuchtigkeitsspendendes Gesichtswasser, 250 ml - Chi statt Botox","robots":{"index":"index","follow":"follow","max-snippet":"max-snippet:-1","max-image-preview":"max-image-preview:large","max-video-preview":"max-video-preview:-1"},"canonical":"https:\/\/chi-statt-botox.com\/pl\/produkt\/ph-skin-balancer-feuchtigkeitsspendendes-gesichtswasser-250-ml\/","og_locale":"pl_PL","og_type":"article","og_title":"PH Skin Balancer: feuchtigkeitsspendendes Gesichtswasser, 250 ml - Chi statt Botox","og_description":"Aus 72 % unverd\u00fcnntem Aloe Vera Frischpflanzensaft  Intensive Feuchtigkeitsspende  Zellerneuernd  Baut S\u00e4ureschutzmantel nach Reinigung wieder auf","og_url":"https:\/\/chi-statt-botox.com\/pl\/produkt\/ph-skin-balancer-feuchtigkeitsspendendes-gesichtswasser-250-ml\/","og_site_name":"Chi statt Botox","article_modified_time":"2026-04-13T12:11:11+00:00","og_image":[{"width":1000,"height":1000,"url":"https:\/\/chi-statt-botox.com\/wp-content\/uploads\/PHSkinBalancer250ml_3D.jpg","type":"image\/jpeg"}],"twitter_card":"summary_large_image","twitter_misc":{"Szacowany czas czytania":"2 minuty"},"schema":{"@context":"https:\/\/schema.org","@graph":[{"@type":"WebPage","@id":"https:\/\/chi-statt-botox.com\/produkt\/ph-skin-balancer-feuchtigkeitsspendendes-gesichtswasser-250-ml\/","url":"https:\/\/chi-statt-botox.com\/produkt\/ph-skin-balancer-feuchtigkeitsspendendes-gesichtswasser-250-ml\/","name":"PH Skin Balancer: feuchtigkeitsspendendes Gesichtswasser, 250 ml - Chi statt Botox","isPartOf":{"@id":"https:\/\/chi-statt-botox.com\/#website"},"primaryImageOfPage":{"@id":"https:\/\/chi-statt-botox.com\/produkt\/ph-skin-balancer-feuchtigkeitsspendendes-gesichtswasser-250-ml\/#primaryimage"},"image":{"@id":"https:\/\/chi-statt-botox.com\/produkt\/ph-skin-balancer-feuchtigkeitsspendendes-gesichtswasser-250-ml\/#primaryimage"},"thumbnailUrl":"https:\/\/chi-statt-botox.com\/wp-content\/uploads\/PHSkinBalancer250ml_3D.jpg","datePublished":"2021-04-08T12:53:31+00:00","dateModified":"2026-04-13T12:11:11+00:00","breadcrumb":{"@id":"https:\/\/chi-statt-botox.com\/produkt\/ph-skin-balancer-feuchtigkeitsspendendes-gesichtswasser-250-ml\/#breadcrumb"},"inLanguage":"pl-PL","potentialAction":[{"@type":"ReadAction","target":["https:\/\/chi-statt-botox.com\/produkt\/ph-skin-balancer-feuchtigkeitsspendendes-gesichtswasser-250-ml\/"]}]},{"@type":"ImageObject","inLanguage":"pl-PL","@id":"https:\/\/chi-statt-botox.com\/produkt\/ph-skin-balancer-feuchtigkeitsspendendes-gesichtswasser-250-ml\/#primaryimage","url":"https:\/\/chi-statt-botox.com\/wp-content\/uploads\/PHSkinBalancer250ml_3D.jpg","contentUrl":"https:\/\/chi-statt-botox.com\/wp-content\/uploads\/PHSkinBalancer250ml_3D.jpg","width":1000,"height":1000},{"@type":"BreadcrumbList","@id":"https:\/\/chi-statt-botox.com\/produkt\/ph-skin-balancer-feuchtigkeitsspendendes-gesichtswasser-250-ml\/#breadcrumb","itemListElement":[{"@type":"ListItem","position":1,"name":"Startseite","item":"https:\/\/chi-statt-botox.com\/"},{"@type":"ListItem","position":2,"name":"Produkte","item":"https:\/\/chi-statt-botox.com\/shop\/"},{"@type":"ListItem","position":3,"name":"PH Skin Balancer: feuchtigkeitsspendendes Gesichtswasser, 250 ml"}]},{"@type":"WebSite","@id":"https:\/\/chi-statt-botox.com\/#website","url":"https:\/\/chi-statt-botox.com\/","name":"Chi zamiast botoksu","description":"Usuwa zmarszczki, napina sk\u00f3r\u0119","potentialAction":[{"@type":"SearchAction","target":{"@type":"EntryPoint","urlTemplate":"https:\/\/chi-statt-botox.com\/?s={search_term_string}"},"query-input":{"@type":"PropertyValueSpecification","valueRequired":true,"valueName":"search_term_string"}}],"inLanguage":"pl-PL"}]}},"_links":{"self":[{"href":"https:\/\/chi-statt-botox.com\/pl\/wp-json\/wp\/v2\/product\/8666","targetHints":{"allow":["GET"]}}],"collection":[{"href":"https:\/\/chi-statt-botox.com\/pl\/wp-json\/wp\/v2\/product"}],"about":[{"href":"https:\/\/chi-statt-botox.com\/pl\/wp-json\/wp\/v2\/types\/product"}],"wp:featuredmedia":[{"embeddable":true,"href":"https:\/\/chi-statt-botox.com\/pl\/wp-json\/wp\/v2\/media\/8667"}],"wp:attachment":[{"href":"https:\/\/chi-statt-botox.com\/pl\/wp-json\/wp\/v2\/media?parent=8666"}],"wp:term":[{"taxonomy":"product_brand","embeddable":true,"href":"https:\/\/chi-statt-botox.com\/pl\/wp-json\/wp\/v2\/product_brand?post=8666"},{"taxonomy":"product_cat","embeddable":true,"href":"https:\/\/chi-statt-botox.com\/pl\/wp-json\/wp\/v2\/product_cat?post=8666"},{"taxonomy":"product_tag","embeddable":true,"href":"https:\/\/chi-statt-botox.com\/pl\/wp-json\/wp\/v2\/product_tag?post=8666"}],"curies":[{"name":"wp","href":"https:\/\/api.w.org\/{rel}","templated":true}]}}