{"id":8669,"date":"2021-04-08T15:11:43","date_gmt":"2021-04-08T13:11:43","guid":{"rendered":"https:\/\/chi-statt-botox.com\/?post_type=product&#038;p=8669"},"modified":"2026-04-17T12:47:04","modified_gmt":"2026-04-17T10:47:04","slug":"lift-repair-day-cream-aloe-vera-edelweiss-50-ml","status":"publish","type":"product","link":"https:\/\/chi-statt-botox.com\/pl\/produkt\/lift-repair-day-cream-aloe-vera-edelweiss-50-ml\/","title":{"rendered":"Krem liftinguj\u0105co-naprawczy na dzie\u0144 (aloes + szarotka alpejska), 50 ml"},"content":{"rendered":"<p>KUMARI przeciwstarzeniowy krem na dzie\u0144. Zapewnia wymagaj\u0105cej sk\u00f3rze wszystko, czego potrzebuje do promiennego i r\u00f3wnomiernego wygl\u0105du. Stworzony na bazie nierozcie\u0144czonego soku ze \u015bwie\u017cych ro\u015blin aloesu 70% w po\u0142\u0105czeniu z przeciwstarzeniow\u0105 szarotk\u0105 alpejsk\u0105. Krem dzia\u0142a wyg\u0142adzaj\u0105co i uj\u0119drniaj\u0105co oraz chroni wra\u017cliwe w\u0142\u00f3kna kolagenowe przed szkodliwym dzia\u0142aniem wolnych rodnik\u00f3w. Z ka\u017cd\u0105 aplikacj\u0105 sk\u00f3ra staje si\u0119 bardziej j\u0119drna i \u015bwie\u017ca.<\/p>\n<p>Nak\u0142ada\u0107 na twarz, szyj\u0119 i dekolt po oczyszczeniu sk\u00f3ry.<\/p>\n<p>Odpowiedni dla wszystkich rodzaj\u00f3w sk\u00f3ry.<\/p>\n<p>Sk\u0142adniki: Aloe Barbadensis ( Aloe Vera) Leaf Juice 70%*, Caprylic\/Capric Triglyceride, Glyceryl Stearate SE, Cetyl Alcohol, Candelilla \/ Jojoba \/ Rice Bran Polyglyceryl-3 Esters, Glyceryl Stearate, Cetearyl Alcohol, Sodium Stearoyl Lactylate, Glycerin, Isoamyl Laurate, Glycerin, Leontopodium Alpinum Meristem Cell Culture, Xanthan Gum, Squalane, Propanediol, Saccharide Isomerate, Aqua (woda), Citric Acid, Sodium Citrate, Glyceryl Caprylate, Levulinic acid, Sodium Levulinate, Butyrospermum Parkii (Shea) Butter*, Sodium Stearoyl Glutamate, Benzyl Alcohol, Parfum (Fragrance), Simmondsia Chinensis (Jojoba) Seed Oil*, Olea Europaea (Olive) Fruit Oil *, Benzoic Acid, Tocopherol, Beta, Sitosterol, p-Anisic Acid, Sodium Hyaluronate.<\/p>\n<p><em>*z certyfikowanych upraw ekologicznych<\/em><\/p>\n<p>KUMARI-Produkte Vertriebs GmbH \/ Stutterheimstr. 16 \/ 1150 Wiede\u0144 \/ Austria \/ office@kumari.at<\/p>\n<div class=\"desktop-only\">\n<div class=\"sharing social-links\">\n<table width=\"100%\">\n<tbody>\n<tr>\n<td><img decoding=\"async\" src=\"https:\/\/cdn.shopify.com\/s\/files\/1\/0522\/2419\/6782\/files\/cosmosorganic.png?v=1611845672\" alt=\"\" \/><\/td>\n<td><img decoding=\"async\" src=\"https:\/\/cdn.shopify.com\/s\/files\/1\/0522\/2419\/6782\/files\/vegan.png?v=1611845742\" alt=\"\" \/><\/td>\n<td><img decoding=\"async\" src=\"https:\/\/cdn.shopify.com\/s\/files\/1\/0522\/2419\/6782\/files\/crueltyfree.png?v=1611845713\" alt=\"\" \/><\/td>\n<td><img decoding=\"async\" src=\"https:\/\/cdn.shopify.com\/s\/files\/1\/0522\/2419\/6782\/files\/100freshaloevera.png?v=1611845765\" alt=\"\" \/><\/td>\n<\/tr>\n<\/tbody>\n<\/table>\n<\/div>\n<\/div>\n<p>&nbsp;<\/p>\n<p>&nbsp;<\/p>","protected":false},"excerpt":{"rendered":"<ul>\n<li>Przeciwstarzeniowy krem na dzie\u0144<\/li>\n<li>Wyprodukowany z nierozcie\u0144czonego \u015bwie\u017cego soku ro\u015blinnego z aloesu 70%<\/li>\n<li>Intensywnie nawil\u017caj\u0105cy<\/li>\n<li>Wyg\u0142adza i uj\u0119drnia sk\u00f3r\u0119<\/li>\n<li>Chroni w\u0142\u00f3kna kolagenowe przed wolnymi rodnikami<\/li>\n<li>Z efektem przeciwstarzeniowym szarotki alpejskiej<\/li>\n<\/ul>","protected":false},"featured_media":8670,"template":"","meta":{"_acf_changed":false,"_et_pb_use_builder":"","_et_pb_old_content":"","_et_gb_content_width":""},"product_brand":[],"product_cat":[141],"product_tag":[],"class_list":{"0":"post-8669","1":"product","2":"type-product","3":"status-publish","4":"has-post-thumbnail","6":"product_cat-chi-statt-botox","8":"first","9":"instock","10":"taxable","11":"shipping-taxable","12":"purchasable","13":"product-type-simple"},"acf":[],"yoast_head":"<!-- This site is optimized with the Yoast SEO plugin v26.4 - https:\/\/yoast.com\/wordpress\/plugins\/seo\/ -->\n<title>Lift &amp; Repair Day Cream (Aloe Vera + Edelwei\u00df), 50 ml - Chi statt Botox<\/title>\n<meta name=\"robots\" content=\"index, follow, max-snippet:-1, max-image-preview:large, max-video-preview:-1\" \/>\n<link rel=\"canonical\" href=\"https:\/\/chi-statt-botox.com\/pl\/produkt\/lift-repair-day-cream-aloe-vera-edelweiss-50-ml\/\" \/>\n<meta property=\"og:locale\" content=\"pl_PL\" \/>\n<meta property=\"og:type\" content=\"article\" \/>\n<meta property=\"og:title\" content=\"Lift &amp; Repair Day Cream (Aloe Vera + Edelwei\u00df), 50 ml - Chi statt Botox\" \/>\n<meta property=\"og:description\" content=\"Anti-Aging Tagescreme  Aus 70% unverd\u00fcnntem Aloe Vera Frischpflanzensaft  Intensiv feuchtigkeitsspendend  Wirkt gl\u00e4ttend und festigend  Sch\u00fctzt Kollagenfasern vor freien Radikalen  Mit Anti-Aging Wirkung von Edelwei\u00df\" \/>\n<meta property=\"og:url\" content=\"https:\/\/chi-statt-botox.com\/pl\/produkt\/lift-repair-day-cream-aloe-vera-edelweiss-50-ml\/\" \/>\n<meta property=\"og:site_name\" content=\"Chi statt Botox\" \/>\n<meta property=\"article:modified_time\" content=\"2026-04-17T10:47:04+00:00\" \/>\n<meta property=\"og:image\" content=\"https:\/\/chi-statt-botox.com\/wp-content\/uploads\/L_RDayCream50ml_3D_Tiegel.jpg\" \/>\n\t<meta property=\"og:image:width\" content=\"1000\" \/>\n\t<meta property=\"og:image:height\" content=\"1000\" \/>\n\t<meta property=\"og:image:type\" content=\"image\/jpeg\" \/>\n<meta name=\"twitter:card\" content=\"summary_large_image\" \/>\n<meta name=\"twitter:label1\" content=\"Szacowany czas czytania\" \/>\n\t<meta name=\"twitter:data1\" content=\"2 minuty\" \/>\n<script type=\"application\/ld+json\" class=\"yoast-schema-graph\">{\"@context\":\"https:\/\/schema.org\",\"@graph\":[{\"@type\":\"WebPage\",\"@id\":\"https:\/\/chi-statt-botox.com\/produkt\/lift-repair-day-cream-aloe-vera-edelweiss-50-ml\/\",\"url\":\"https:\/\/chi-statt-botox.com\/produkt\/lift-repair-day-cream-aloe-vera-edelweiss-50-ml\/\",\"name\":\"Lift & Repair Day Cream (Aloe Vera + Edelwei\u00df), 50 ml - Chi statt Botox\",\"isPartOf\":{\"@id\":\"https:\/\/chi-statt-botox.com\/#website\"},\"primaryImageOfPage\":{\"@id\":\"https:\/\/chi-statt-botox.com\/produkt\/lift-repair-day-cream-aloe-vera-edelweiss-50-ml\/#primaryimage\"},\"image\":{\"@id\":\"https:\/\/chi-statt-botox.com\/produkt\/lift-repair-day-cream-aloe-vera-edelweiss-50-ml\/#primaryimage\"},\"thumbnailUrl\":\"https:\/\/chi-statt-botox.com\/wp-content\/uploads\/L_RDayCream50ml_3D_Tiegel.jpg\",\"datePublished\":\"2021-04-08T13:11:43+00:00\",\"dateModified\":\"2026-04-17T10:47:04+00:00\",\"breadcrumb\":{\"@id\":\"https:\/\/chi-statt-botox.com\/produkt\/lift-repair-day-cream-aloe-vera-edelweiss-50-ml\/#breadcrumb\"},\"inLanguage\":\"pl-PL\",\"potentialAction\":[{\"@type\":\"ReadAction\",\"target\":[\"https:\/\/chi-statt-botox.com\/produkt\/lift-repair-day-cream-aloe-vera-edelweiss-50-ml\/\"]}]},{\"@type\":\"ImageObject\",\"inLanguage\":\"pl-PL\",\"@id\":\"https:\/\/chi-statt-botox.com\/produkt\/lift-repair-day-cream-aloe-vera-edelweiss-50-ml\/#primaryimage\",\"url\":\"https:\/\/chi-statt-botox.com\/wp-content\/uploads\/L_RDayCream50ml_3D_Tiegel.jpg\",\"contentUrl\":\"https:\/\/chi-statt-botox.com\/wp-content\/uploads\/L_RDayCream50ml_3D_Tiegel.jpg\",\"width\":1000,\"height\":1000},{\"@type\":\"BreadcrumbList\",\"@id\":\"https:\/\/chi-statt-botox.com\/produkt\/lift-repair-day-cream-aloe-vera-edelweiss-50-ml\/#breadcrumb\",\"itemListElement\":[{\"@type\":\"ListItem\",\"position\":1,\"name\":\"Startseite\",\"item\":\"https:\/\/chi-statt-botox.com\/\"},{\"@type\":\"ListItem\",\"position\":2,\"name\":\"Produkte\",\"item\":\"https:\/\/chi-statt-botox.com\/shop\/\"},{\"@type\":\"ListItem\",\"position\":3,\"name\":\"Lift &#038; Repair Day Cream (Aloe Vera + Edelwei\u00df), 50 ml\"}]},{\"@type\":\"WebSite\",\"@id\":\"https:\/\/chi-statt-botox.com\/#website\",\"url\":\"https:\/\/chi-statt-botox.com\/\",\"name\":\"Chi statt Botox\",\"description\":\"Falten wegzaubern, Haut straffen\",\"potentialAction\":[{\"@type\":\"SearchAction\",\"target\":{\"@type\":\"EntryPoint\",\"urlTemplate\":\"https:\/\/chi-statt-botox.com\/?s={search_term_string}\"},\"query-input\":{\"@type\":\"PropertyValueSpecification\",\"valueRequired\":true,\"valueName\":\"search_term_string\"}}],\"inLanguage\":\"pl-PL\"}]}<\/script>\n<!-- \/ Yoast SEO plugin. -->","yoast_head_json":{"title":"Lift & Repair Day Cream (Aloe Vera + Edelwei\u00df), 50 ml - Chi statt Botox","robots":{"index":"index","follow":"follow","max-snippet":"max-snippet:-1","max-image-preview":"max-image-preview:large","max-video-preview":"max-video-preview:-1"},"canonical":"https:\/\/chi-statt-botox.com\/pl\/produkt\/lift-repair-day-cream-aloe-vera-edelweiss-50-ml\/","og_locale":"pl_PL","og_type":"article","og_title":"Lift & Repair Day Cream (Aloe Vera + Edelwei\u00df), 50 ml - Chi statt Botox","og_description":"Anti-Aging Tagescreme  Aus 70% unverd\u00fcnntem Aloe Vera Frischpflanzensaft  Intensiv feuchtigkeitsspendend  Wirkt gl\u00e4ttend und festigend  Sch\u00fctzt Kollagenfasern vor freien Radikalen  Mit Anti-Aging Wirkung von Edelwei\u00df","og_url":"https:\/\/chi-statt-botox.com\/pl\/produkt\/lift-repair-day-cream-aloe-vera-edelweiss-50-ml\/","og_site_name":"Chi statt Botox","article_modified_time":"2026-04-17T10:47:04+00:00","og_image":[{"width":1000,"height":1000,"url":"https:\/\/chi-statt-botox.com\/wp-content\/uploads\/L_RDayCream50ml_3D_Tiegel.jpg","type":"image\/jpeg"}],"twitter_card":"summary_large_image","twitter_misc":{"Szacowany czas czytania":"2 minuty"},"schema":{"@context":"https:\/\/schema.org","@graph":[{"@type":"WebPage","@id":"https:\/\/chi-statt-botox.com\/produkt\/lift-repair-day-cream-aloe-vera-edelweiss-50-ml\/","url":"https:\/\/chi-statt-botox.com\/produkt\/lift-repair-day-cream-aloe-vera-edelweiss-50-ml\/","name":"Lift & Repair Day Cream (Aloe Vera + Edelwei\u00df), 50 ml - Chi statt Botox","isPartOf":{"@id":"https:\/\/chi-statt-botox.com\/#website"},"primaryImageOfPage":{"@id":"https:\/\/chi-statt-botox.com\/produkt\/lift-repair-day-cream-aloe-vera-edelweiss-50-ml\/#primaryimage"},"image":{"@id":"https:\/\/chi-statt-botox.com\/produkt\/lift-repair-day-cream-aloe-vera-edelweiss-50-ml\/#primaryimage"},"thumbnailUrl":"https:\/\/chi-statt-botox.com\/wp-content\/uploads\/L_RDayCream50ml_3D_Tiegel.jpg","datePublished":"2021-04-08T13:11:43+00:00","dateModified":"2026-04-17T10:47:04+00:00","breadcrumb":{"@id":"https:\/\/chi-statt-botox.com\/produkt\/lift-repair-day-cream-aloe-vera-edelweiss-50-ml\/#breadcrumb"},"inLanguage":"pl-PL","potentialAction":[{"@type":"ReadAction","target":["https:\/\/chi-statt-botox.com\/produkt\/lift-repair-day-cream-aloe-vera-edelweiss-50-ml\/"]}]},{"@type":"ImageObject","inLanguage":"pl-PL","@id":"https:\/\/chi-statt-botox.com\/produkt\/lift-repair-day-cream-aloe-vera-edelweiss-50-ml\/#primaryimage","url":"https:\/\/chi-statt-botox.com\/wp-content\/uploads\/L_RDayCream50ml_3D_Tiegel.jpg","contentUrl":"https:\/\/chi-statt-botox.com\/wp-content\/uploads\/L_RDayCream50ml_3D_Tiegel.jpg","width":1000,"height":1000},{"@type":"BreadcrumbList","@id":"https:\/\/chi-statt-botox.com\/produkt\/lift-repair-day-cream-aloe-vera-edelweiss-50-ml\/#breadcrumb","itemListElement":[{"@type":"ListItem","position":1,"name":"Startseite","item":"https:\/\/chi-statt-botox.com\/"},{"@type":"ListItem","position":2,"name":"Produkte","item":"https:\/\/chi-statt-botox.com\/shop\/"},{"@type":"ListItem","position":3,"name":"Lift &#038; Repair Day Cream (Aloe Vera + Edelwei\u00df), 50 ml"}]},{"@type":"WebSite","@id":"https:\/\/chi-statt-botox.com\/#website","url":"https:\/\/chi-statt-botox.com\/","name":"Chi zamiast botoksu","description":"Usuwa zmarszczki, napina sk\u00f3r\u0119","potentialAction":[{"@type":"SearchAction","target":{"@type":"EntryPoint","urlTemplate":"https:\/\/chi-statt-botox.com\/?s={search_term_string}"},"query-input":{"@type":"PropertyValueSpecification","valueRequired":true,"valueName":"search_term_string"}}],"inLanguage":"pl-PL"}]}},"_links":{"self":[{"href":"https:\/\/chi-statt-botox.com\/pl\/wp-json\/wp\/v2\/product\/8669","targetHints":{"allow":["GET"]}}],"collection":[{"href":"https:\/\/chi-statt-botox.com\/pl\/wp-json\/wp\/v2\/product"}],"about":[{"href":"https:\/\/chi-statt-botox.com\/pl\/wp-json\/wp\/v2\/types\/product"}],"wp:featuredmedia":[{"embeddable":true,"href":"https:\/\/chi-statt-botox.com\/pl\/wp-json\/wp\/v2\/media\/8670"}],"wp:attachment":[{"href":"https:\/\/chi-statt-botox.com\/pl\/wp-json\/wp\/v2\/media?parent=8669"}],"wp:term":[{"taxonomy":"product_brand","embeddable":true,"href":"https:\/\/chi-statt-botox.com\/pl\/wp-json\/wp\/v2\/product_brand?post=8669"},{"taxonomy":"product_cat","embeddable":true,"href":"https:\/\/chi-statt-botox.com\/pl\/wp-json\/wp\/v2\/product_cat?post=8669"},{"taxonomy":"product_tag","embeddable":true,"href":"https:\/\/chi-statt-botox.com\/pl\/wp-json\/wp\/v2\/product_tag?post=8669"}],"curies":[{"name":"wp","href":"https:\/\/api.w.org\/{rel}","templated":true}]}}