{"id":9274,"date":"2021-05-05T21:56:10","date_gmt":"2021-05-05T19:56:10","guid":{"rendered":"https:\/\/chi-statt-botox.com\/?post_type=product&#038;p=9274"},"modified":"2026-04-16T21:24:40","modified_gmt":"2026-04-16T19:24:40","slug":"natuerliches-facelifting-buch","status":"publish","type":"product","link":"https:\/\/chi-statt-botox.com\/pl\/produkt\/natuerliches-facelifting-buch\/","title":{"rendered":"Naturalny lifting twarzy (ksi\u0105\u017cka)"},"content":{"rendered":"<p>Z wiekiem tracimy oko\u0142o 30-40% masy mi\u0119\u015bniowej, a mi\u0119\u015bnie, kt\u00f3re jeszcze pozosta\u0142y, wiotczej\u0105. Na twarzy s\u0105 one bezpo\u015brednio po\u0142\u0105czone ze sk\u00f3r\u0105 i ci\u0105gn\u0105 j\u0105 w d\u00f3\u0142. W tej ksi\u0105\u017cce dowiesz si\u0119, jak zrobi\u0107 to, czego najdro\u017csze kremy na \u015bwiecie nigdy nie zrobi\u0105: Osi\u0105gn\u0105\u0107 dobry efekt liftingu i zredukowa\u0107 zmarszczki dzi\u0119ki ukierunkowanemu, aktywnemu treningowi mi\u0119\u015bni z jogi twarzy. Kszta\u0142tujesz i uj\u0119drniasz kontury swojej twarzy. Otrzymasz wysoce skuteczne, sprawdzone \u0107wiczenia i specjalne programy dla wszystkich g\u0142\u00f3wnych obszar\u00f3w problemowych. Efekty jogi twarzy powinny by\u0107 uzupe\u0142niane przez ba\u0144ki na twarz i gua sha (skrobanie). Po\u0142\u0105czenie tych trzech metod jest r\u00f3wnie genialne jak sport i masa\u017c - dodatkowo optymalizuj\u0105 one kr\u0105\u017cenie krwi i napi\u0119cie sk\u00f3ry twarzy.<br \/>\nDzi\u0119ki tej ksi\u0105\u017cce mo\u017cesz rozpocz\u0105\u0107 sw\u00f3j indywidualny program urody ju\u017c dzi\u015b!<\/p>\n<p><a href=\"https:\/\/www.youtube.com\/watch?v=yKICa4PbPOM\" target=\"_blank\" rel=\"noopener\"><strong>VIDEO KSI\u0104\u017bKA<\/strong><\/a><\/p>\n<p><strong>Przyk\u0142ady zastosowa\u0144 <\/strong>(wystarczy klikn\u0105\u0107):<br \/>\n<a href=\"https:\/\/www.youtube.com\/watch?v=1Wdqw2mcLKQ&amp;t=835s\" target=\"_blank\" rel=\"noopener\"><strong>\"Sztuczka redukuj\u0105ca zmarszczki (ma\u0142o znana) + Gua Sha\"<\/strong><\/a><br \/>\n<a href=\"https:\/\/www.youtube.com\/watch?v=uAgQHKpzwKQ\" target=\"_blank\" rel=\"noopener\"><strong>\"Wygl\u0105daj lepiej ze zdrow\u0105 tarczyc\u0105 (dotyczy to co drugiej kobiety)\"<\/strong><\/a><\/p>\n<p>ISP Isar Sales Partner GmbH \/ Grillparzerstr. 12 \/ 81675 Monachium \/ Niemcy \/ service@isp.gmbh<\/p>","protected":false},"excerpt":{"rendered":"<p>Z wiekiem tracimy oko\u0142o 30-40% masy mi\u0119\u015bniowej, a mi\u0119\u015bnie, kt\u00f3re jeszcze pozosta\u0142y, wiotczej\u0105. Na twarzy s\u0105 one bezpo\u015brednio po\u0142\u0105czone ze sk\u00f3r\u0105 i ci\u0105gn\u0105 j\u0105 w d\u00f3\u0142.<br \/>\nZ tej ksi\u0105\u017cki dowiesz si\u0119, jak osi\u0105gn\u0105\u0107 to, czego najdro\u017csze kremy na \u015bwiecie nigdy nie zrobi\u0105: Osi\u0105gn\u0105\u0107 dobry efekt liftingu i zredukowa\u0107 zmarszczki dzi\u0119ki ukierunkowanemu, aktywnemu treningowi mi\u0119\u015bni z jogi twarzy. <a href=\"https:\/\/www.youtube.com\/watch?v=yKICa4PbPOM\" target=\"_blank\" rel=\"noopener\"><strong>VIDEO KSI\u0104\u017bKA<\/strong><\/a><\/p>","protected":false},"featured_media":16042,"template":"","meta":{"_acf_changed":false,"_et_pb_use_builder":"off","_et_pb_old_content":"Mit zunehmendem Alter verlieren wir ca. 30-40% an Muskelmasse und die Muskeln, die noch da sind, werden schlaff. Im Gesicht sind sie direkt mit der Haut verbunden und ziehen diese mit nach unten.\r\nIn diesem Buch erf\u00e4hrst du, wie du selbst das schaffst, was die teuersten Cremes der Welt nie schaffen werden: Mit gezieltem, aktivem Muskeltraining\u00a0aus dem\u00a0Gesichtsyoga einen guten Liftingeffekt zu erreichen und deine Falten zu mindern. Du formst und festigst die Konturen deines Gesichts. Du bekommst hocheffektive bew\u00e4hrte \u00dcbungen und spezielle Programme f\u00fcr\u00a0alle wichtigen Problemzonen.\r\nDie Effekte von Gesichtsyoga sollten durch Facial Cupping\u00a0(Schr\u00f6pfen) sowie\u00a0Gua Sha (Schaben) erg\u00e4nzt werden. Die Kombination der drei Methoden ist \u00e4hnlich genial wie Sport und Massage \u2013 sie optimieren weiter die Durchblutung\u00a0und\u00a0Spannkraft deines Gesichts.\r\nMit diesem Buch kannst du noch heute dein individuelles Beauty-Programm starten!","_et_gb_content_width":""},"product_brand":[],"product_cat":[176],"product_tag":[],"class_list":{"0":"post-9274","1":"product","2":"type-product","3":"status-publish","4":"has-post-thumbnail","6":"product_cat-face-yoga-massagen","8":"first","9":"instock","10":"taxable","11":"shipping-taxable","12":"purchasable","13":"product-type-simple"},"acf":[],"yoast_head":"<!-- This site is optimized with the Yoast SEO plugin v26.4 - https:\/\/yoast.com\/wordpress\/plugins\/seo\/ -->\n<title>Nat\u00fcrliches Facelifting (Buch) - Chi statt Botox<\/title>\n<meta name=\"robots\" content=\"index, follow, max-snippet:-1, max-image-preview:large, max-video-preview:-1\" \/>\n<link rel=\"canonical\" href=\"https:\/\/chi-statt-botox.com\/pl\/produkt\/natuerliches-facelifting-buch\/\" \/>\n<meta property=\"og:locale\" content=\"pl_PL\" \/>\n<meta property=\"og:type\" content=\"article\" \/>\n<meta property=\"og:title\" content=\"Nat\u00fcrliches Facelifting (Buch) - Chi statt Botox\" \/>\n<meta property=\"og:description\" content=\"Mit zunehmendem Alter verlieren wir ca. 30-40% an Muskelmasse und die Muskeln, die noch da sind, werden schlaff. Im Gesicht sind sie direkt mit der Haut verbunden und ziehen diese mit nach unten. In diesem Buch erf\u00e4hrst du, wie du selbst das schaffst, was die teuersten Cremes der Welt nie schaffen werden: Mit gezieltem, aktivem Muskeltraining aus dem Gesichtsyoga einen guten Liftingeffekt zu erreichen und deine Falten zu mindern. BUCHVIDEO\" \/>\n<meta property=\"og:url\" content=\"https:\/\/chi-statt-botox.com\/pl\/produkt\/natuerliches-facelifting-buch\/\" \/>\n<meta property=\"og:site_name\" content=\"Chi statt Botox\" \/>\n<meta property=\"article:modified_time\" content=\"2026-04-16T19:24:40+00:00\" \/>\n<meta property=\"og:image\" content=\"https:\/\/chi-statt-botox.com\/wp-content\/uploads\/Bild9b.jpg\" \/>\n\t<meta property=\"og:image:width\" content=\"400\" \/>\n\t<meta property=\"og:image:height\" content=\"400\" \/>\n\t<meta property=\"og:image:type\" content=\"image\/jpeg\" \/>\n<meta name=\"twitter:card\" content=\"summary_large_image\" \/>\n<meta name=\"twitter:label1\" content=\"Szacowany czas czytania\" \/>\n\t<meta name=\"twitter:data1\" content=\"2 minuty\" \/>\n<script type=\"application\/ld+json\" class=\"yoast-schema-graph\">{\"@context\":\"https:\/\/schema.org\",\"@graph\":[{\"@type\":\"WebPage\",\"@id\":\"https:\/\/chi-statt-botox.com\/produkt\/natuerliches-facelifting-buch\/\",\"url\":\"https:\/\/chi-statt-botox.com\/produkt\/natuerliches-facelifting-buch\/\",\"name\":\"Nat\u00fcrliches Facelifting (Buch) - Chi statt Botox\",\"isPartOf\":{\"@id\":\"https:\/\/chi-statt-botox.com\/#website\"},\"primaryImageOfPage\":{\"@id\":\"https:\/\/chi-statt-botox.com\/produkt\/natuerliches-facelifting-buch\/#primaryimage\"},\"image\":{\"@id\":\"https:\/\/chi-statt-botox.com\/produkt\/natuerliches-facelifting-buch\/#primaryimage\"},\"thumbnailUrl\":\"https:\/\/chi-statt-botox.com\/wp-content\/uploads\/Bild9b.jpg\",\"datePublished\":\"2021-05-05T19:56:10+00:00\",\"dateModified\":\"2026-04-16T19:24:40+00:00\",\"breadcrumb\":{\"@id\":\"https:\/\/chi-statt-botox.com\/produkt\/natuerliches-facelifting-buch\/#breadcrumb\"},\"inLanguage\":\"pl-PL\",\"potentialAction\":[{\"@type\":\"ReadAction\",\"target\":[\"https:\/\/chi-statt-botox.com\/produkt\/natuerliches-facelifting-buch\/\"]}]},{\"@type\":\"ImageObject\",\"inLanguage\":\"pl-PL\",\"@id\":\"https:\/\/chi-statt-botox.com\/produkt\/natuerliches-facelifting-buch\/#primaryimage\",\"url\":\"https:\/\/chi-statt-botox.com\/wp-content\/uploads\/Bild9b.jpg\",\"contentUrl\":\"https:\/\/chi-statt-botox.com\/wp-content\/uploads\/Bild9b.jpg\",\"width\":400,\"height\":400},{\"@type\":\"BreadcrumbList\",\"@id\":\"https:\/\/chi-statt-botox.com\/produkt\/natuerliches-facelifting-buch\/#breadcrumb\",\"itemListElement\":[{\"@type\":\"ListItem\",\"position\":1,\"name\":\"Startseite\",\"item\":\"https:\/\/chi-statt-botox.com\/\"},{\"@type\":\"ListItem\",\"position\":2,\"name\":\"Produkte\",\"item\":\"https:\/\/chi-statt-botox.com\/shop\/\"},{\"@type\":\"ListItem\",\"position\":3,\"name\":\"Nat\u00fcrliches Facelifting (Buch)\"}]},{\"@type\":\"WebSite\",\"@id\":\"https:\/\/chi-statt-botox.com\/#website\",\"url\":\"https:\/\/chi-statt-botox.com\/\",\"name\":\"Chi statt Botox\",\"description\":\"Falten wegzaubern, Haut straffen\",\"potentialAction\":[{\"@type\":\"SearchAction\",\"target\":{\"@type\":\"EntryPoint\",\"urlTemplate\":\"https:\/\/chi-statt-botox.com\/?s={search_term_string}\"},\"query-input\":{\"@type\":\"PropertyValueSpecification\",\"valueRequired\":true,\"valueName\":\"search_term_string\"}}],\"inLanguage\":\"pl-PL\"}]}<\/script>\n<!-- \/ Yoast SEO plugin. -->","yoast_head_json":{"title":"Naturalny lifting twarzy (ksi\u0105\u017cka) - Chi zamiast botoksu","robots":{"index":"index","follow":"follow","max-snippet":"max-snippet:-1","max-image-preview":"max-image-preview:large","max-video-preview":"max-video-preview:-1"},"canonical":"https:\/\/chi-statt-botox.com\/pl\/produkt\/natuerliches-facelifting-buch\/","og_locale":"pl_PL","og_type":"article","og_title":"Nat\u00fcrliches Facelifting (Buch) - Chi statt Botox","og_description":"Mit zunehmendem Alter verlieren wir ca. 30-40% an Muskelmasse und die Muskeln, die noch da sind, werden schlaff. Im Gesicht sind sie direkt mit der Haut verbunden und ziehen diese mit nach unten. In diesem Buch erf\u00e4hrst du, wie du selbst das schaffst, was die teuersten Cremes der Welt nie schaffen werden: Mit gezieltem, aktivem Muskeltraining aus dem Gesichtsyoga einen guten Liftingeffekt zu erreichen und deine Falten zu mindern. BUCHVIDEO","og_url":"https:\/\/chi-statt-botox.com\/pl\/produkt\/natuerliches-facelifting-buch\/","og_site_name":"Chi statt Botox","article_modified_time":"2026-04-16T19:24:40+00:00","og_image":[{"width":400,"height":400,"url":"https:\/\/chi-statt-botox.com\/wp-content\/uploads\/Bild9b.jpg","type":"image\/jpeg"}],"twitter_card":"summary_large_image","twitter_misc":{"Szacowany czas czytania":"2 minuty"},"schema":{"@context":"https:\/\/schema.org","@graph":[{"@type":"WebPage","@id":"https:\/\/chi-statt-botox.com\/produkt\/natuerliches-facelifting-buch\/","url":"https:\/\/chi-statt-botox.com\/produkt\/natuerliches-facelifting-buch\/","name":"Naturalny lifting twarzy (ksi\u0105\u017cka) - Chi zamiast botoksu","isPartOf":{"@id":"https:\/\/chi-statt-botox.com\/#website"},"primaryImageOfPage":{"@id":"https:\/\/chi-statt-botox.com\/produkt\/natuerliches-facelifting-buch\/#primaryimage"},"image":{"@id":"https:\/\/chi-statt-botox.com\/produkt\/natuerliches-facelifting-buch\/#primaryimage"},"thumbnailUrl":"https:\/\/chi-statt-botox.com\/wp-content\/uploads\/Bild9b.jpg","datePublished":"2021-05-05T19:56:10+00:00","dateModified":"2026-04-16T19:24:40+00:00","breadcrumb":{"@id":"https:\/\/chi-statt-botox.com\/produkt\/natuerliches-facelifting-buch\/#breadcrumb"},"inLanguage":"pl-PL","potentialAction":[{"@type":"ReadAction","target":["https:\/\/chi-statt-botox.com\/produkt\/natuerliches-facelifting-buch\/"]}]},{"@type":"ImageObject","inLanguage":"pl-PL","@id":"https:\/\/chi-statt-botox.com\/produkt\/natuerliches-facelifting-buch\/#primaryimage","url":"https:\/\/chi-statt-botox.com\/wp-content\/uploads\/Bild9b.jpg","contentUrl":"https:\/\/chi-statt-botox.com\/wp-content\/uploads\/Bild9b.jpg","width":400,"height":400},{"@type":"BreadcrumbList","@id":"https:\/\/chi-statt-botox.com\/produkt\/natuerliches-facelifting-buch\/#breadcrumb","itemListElement":[{"@type":"ListItem","position":1,"name":"Startseite","item":"https:\/\/chi-statt-botox.com\/"},{"@type":"ListItem","position":2,"name":"Produkte","item":"https:\/\/chi-statt-botox.com\/shop\/"},{"@type":"ListItem","position":3,"name":"Nat\u00fcrliches Facelifting (Buch)"}]},{"@type":"WebSite","@id":"https:\/\/chi-statt-botox.com\/#website","url":"https:\/\/chi-statt-botox.com\/","name":"Chi zamiast botoksu","description":"Usuwa zmarszczki, napina sk\u00f3r\u0119","potentialAction":[{"@type":"SearchAction","target":{"@type":"EntryPoint","urlTemplate":"https:\/\/chi-statt-botox.com\/?s={search_term_string}"},"query-input":{"@type":"PropertyValueSpecification","valueRequired":true,"valueName":"search_term_string"}}],"inLanguage":"pl-PL"}]}},"_links":{"self":[{"href":"https:\/\/chi-statt-botox.com\/pl\/wp-json\/wp\/v2\/product\/9274","targetHints":{"allow":["GET"]}}],"collection":[{"href":"https:\/\/chi-statt-botox.com\/pl\/wp-json\/wp\/v2\/product"}],"about":[{"href":"https:\/\/chi-statt-botox.com\/pl\/wp-json\/wp\/v2\/types\/product"}],"wp:featuredmedia":[{"embeddable":true,"href":"https:\/\/chi-statt-botox.com\/pl\/wp-json\/wp\/v2\/media\/16042"}],"wp:attachment":[{"href":"https:\/\/chi-statt-botox.com\/pl\/wp-json\/wp\/v2\/media?parent=9274"}],"wp:term":[{"taxonomy":"product_brand","embeddable":true,"href":"https:\/\/chi-statt-botox.com\/pl\/wp-json\/wp\/v2\/product_brand?post=9274"},{"taxonomy":"product_cat","embeddable":true,"href":"https:\/\/chi-statt-botox.com\/pl\/wp-json\/wp\/v2\/product_cat?post=9274"},{"taxonomy":"product_tag","embeddable":true,"href":"https:\/\/chi-statt-botox.com\/pl\/wp-json\/wp\/v2\/product_tag?post=9274"}],"curies":[{"name":"wp","href":"https:\/\/api.w.org\/{rel}","templated":true}]}}